{"id":2603,"date":"2022-05-21T08:23:34","date_gmt":"2022-05-21T08:23:34","guid":{"rendered":"https:\/\/www.ddentaloffice.com\/examen-buccal-complet\/"},"modified":"2024-01-24T16:18:40","modified_gmt":"2024-01-24T16:18:40","slug":"examen-buccal-complet","status":"publish","type":"page","link":"https:\/\/www.ddentaloffice.com\/fr\/examen-buccal-complet\/","title":{"rendered":"Examen Buccal Complet"},"content":{"rendered":"\t\t<div data-elementor-type=\"wp-page\" data-elementor-id=\"2603\" class=\"elementor elementor-2603 elementor-818\" data-elementor-post-type=\"page\">\n\t\t\t\t<div class=\"elementor-element elementor-element-cad8072 e-con-full e-flex e-con e-parent\" data-id=\"cad8072\" data-element_type=\"container\" data-e-type=\"container\" data-settings=\"{&quot;background_background&quot;:&quot;classic&quot;}\">\n\t\t<div class=\"elementor-element elementor-element-0dddc8a e-con-full e-flex e-con e-child\" data-id=\"0dddc8a\" data-element_type=\"container\" data-e-type=\"container\" data-settings=\"{&quot;background_background&quot;:&quot;classic&quot;}\">\n\t\t<div class=\"elementor-element elementor-element-9c97dcb e-flex e-con-boxed e-con e-child\" data-id=\"9c97dcb\" data-element_type=\"container\" data-e-type=\"container\">\n\t\t\t\t\t<div class=\"e-con-inner\">\n\t\t<div class=\"elementor-element elementor-element-fe0b98d e-con-full e-flex e-con e-child\" data-id=\"fe0b98d\" data-element_type=\"container\" data-e-type=\"container\">\n\t\t\t\t<div class=\"elementor-element elementor-element-1b1ab4f elementor-widget elementor-widget-heading\" data-id=\"1b1ab4f\" data-element_type=\"widget\" data-e-type=\"widget\" data-widget_type=\"heading.default\">\n\t\t\t\t<div class=\"elementor-widget-container\">\n\t\t\t\t\t<h2 class=\"elementor-heading-title elementor-size-default\">Examen Buccal Complet<\/h2>\t\t\t\t<\/div>\n\t\t\t\t<\/div>\n\t\t\t\t<div class=\"elementor-element elementor-element-5089e56 elementor-widget elementor-widget-heading\" data-id=\"5089e56\" data-element_type=\"widget\" data-e-type=\"widget\" data-widget_type=\"heading.default\">\n\t\t\t\t<div class=\"elementor-widget-container\">\n\t\t\t\t\t<h4 class=\"elementor-heading-title elementor-size-default\">au cabinet dentaire D dans l'ouest de l'\u00eele<\/h4>\t\t\t\t<\/div>\n\t\t\t\t<\/div>\n\t\t\t\t<div class=\"elementor-element elementor-element-9a85e3a elementor-widget elementor-widget-heading\" data-id=\"9a85e3a\" data-element_type=\"widget\" data-e-type=\"widget\" data-widget_type=\"heading.default\">\n\t\t\t\t<div class=\"elementor-widget-container\">\n\t\t\t\t\t<h4 class=\"elementor-heading-title elementor-size-default\">Nous \u00e9valuons votre sant\u00e9 bucco-dentaire d'une mani\u00e8re compr\u00e9hensive \nafin de formuler un plan de traitement sur mesure, adapt\u00e9 \u00e0 vos besoins et \u00e0 vos attentes.<\/h4>\t\t\t\t<\/div>\n\t\t\t\t<\/div>\n\t\t\t\t<\/div>\n\t\t\t\t\t<\/div>\n\t\t\t\t<\/div>\n\t\t\t\t<\/div>\n\t\t\t\t<\/div>\n\t\t<div class=\"elementor-element elementor-element-0154277 e-con-full e-flex e-con e-parent\" data-id=\"0154277\" data-element_type=\"container\" data-e-type=\"container\">\n\t\t\t\t<div class=\"elementor-element elementor-element-8b93d95 elementor-widget elementor-widget-image\" data-id=\"8b93d95\" data-element_type=\"widget\" data-e-type=\"widget\" data-widget_type=\"image.default\">\n\t\t\t\t<div class=\"elementor-widget-container\">\n\t\t\t\t\t\t\t\t\t\t\t\t\t\t\t<img fetchpriority=\"high\" decoding=\"async\" width=\"1920\" height=\"696\" src=\"https:\/\/www.ddentaloffice.com\/wp-content\/uploads\/2022\/06\/Complete-Exam.png\" class=\"attachment-full size-full wp-image-1738\" alt=\"\" srcset=\"https:\/\/www.ddentaloffice.com\/wp-content\/uploads\/2022\/06\/Complete-Exam.png 1920w, https:\/\/www.ddentaloffice.com\/wp-content\/uploads\/2022\/06\/Complete-Exam-300x109.png 300w, https:\/\/www.ddentaloffice.com\/wp-content\/uploads\/2022\/06\/Complete-Exam-1024x371.png 1024w, https:\/\/www.ddentaloffice.com\/wp-content\/uploads\/2022\/06\/Complete-Exam-768x278.png 768w, https:\/\/www.ddentaloffice.com\/wp-content\/uploads\/2022\/06\/Complete-Exam-1536x557.png 1536w\" sizes=\"(max-width: 1920px) 100vw, 1920px\" \/>\t\t\t\t\t\t\t\t\t\t\t\t\t\t\t<\/div>\n\t\t\t\t<\/div>\n\t\t\t\t<\/div>\n\t\t<div class=\"elementor-element elementor-element-349c07f e-con-full e-flex e-con e-parent\" data-id=\"349c07f\" data-element_type=\"container\" data-e-type=\"container\" data-settings=\"{&quot;background_background&quot;:&quot;classic&quot;,&quot;background_motion_fx_motion_fx_scrolling&quot;:&quot;yes&quot;,&quot;background_motion_fx_translateY_effect&quot;:&quot;yes&quot;,&quot;background_motion_fx_translateY_speed&quot;:{&quot;unit&quot;:&quot;px&quot;,&quot;size&quot;:5,&quot;sizes&quot;:[]},&quot;background_motion_fx_translateY_affectedRange&quot;:{&quot;unit&quot;:&quot;%&quot;,&quot;size&quot;:&quot;&quot;,&quot;sizes&quot;:{&quot;start&quot;:0,&quot;end&quot;:100}},&quot;background_motion_fx_devices&quot;:[&quot;widescreen&quot;,&quot;desktop&quot;,&quot;laptop&quot;,&quot;tablet_extra&quot;,&quot;tablet&quot;,&quot;mobile_extra&quot;,&quot;mobile&quot;]}\">\n\t\t<div class=\"elementor-element elementor-element-4eb4647 e-flex e-con-boxed e-con e-child\" data-id=\"4eb4647\" data-element_type=\"container\" data-e-type=\"container\">\n\t\t\t\t\t<div class=\"e-con-inner\">\n\t\t\t\t<div class=\"elementor-element elementor-element-dd4976f elementor-widget elementor-widget-video\" data-id=\"dd4976f\" data-element_type=\"widget\" data-e-type=\"widget\" data-settings=\"{&quot;youtube_url&quot;:&quot;https:\\\/\\\/youtu.be\\\/qoMrhEElVX4&quot;,&quot;video_type&quot;:&quot;youtube&quot;,&quot;controls&quot;:&quot;yes&quot;}\" data-widget_type=\"video.default\">\n\t\t\t\t<div class=\"elementor-widget-container\">\n\t\t\t\t\t\t\t<div class=\"elementor-wrapper elementor-open-inline\">\n\t\t\t<div class=\"elementor-video\"><\/div>\t\t<\/div>\n\t\t\t\t\t\t<\/div>\n\t\t\t\t<\/div>\n\t\t\t\t\t<\/div>\n\t\t\t\t<\/div>\n\t\t<div class=\"elementor-element elementor-element-43987d3 e-flex e-con-boxed e-con e-child\" data-id=\"43987d3\" data-element_type=\"container\" data-e-type=\"container\">\n\t\t\t\t\t<div class=\"e-con-inner\">\n\t\t<div class=\"elementor-element elementor-element-3132114 e-con-full e-flex e-con e-child\" data-id=\"3132114\" data-element_type=\"container\" data-e-type=\"container\">\n\t\t\t\t<div class=\"elementor-element elementor-element-9affd1d elementor-widget elementor-widget-text-editor\" data-id=\"9affd1d\" data-element_type=\"widget\" data-e-type=\"widget\" data-widget_type=\"text-editor.default\">\n\t\t\t\t<div class=\"elementor-widget-container\">\n\t\t\t\t\t\t\t\t\t<h5>Dur\u00e9e : 90 min ou moins <\/h5>\n\t\t\t\t\t\t\t\t<\/div>\n\t\t\t\t<\/div>\n\t\t\t\t<div class=\"elementor-element elementor-element-b986e82 elementor-widget elementor-widget-text-editor\" data-id=\"b986e82\" data-element_type=\"widget\" data-e-type=\"widget\" data-widget_type=\"text-editor.default\">\n\t\t\t\t<div class=\"elementor-widget-container\">\n\t\t\t\t\t\t\t\t\t<p>L&rsquo;Examen Buccal Complet est crucial pour votre sant\u00e9 buccale et dentaire. Il consiste, en partie, \u00e0 ce que le dentiste examine votre bouche \u00e0 la recherche d&rsquo;\u00e9l\u00e9ments susceptibles d&rsquo;affecter votre sant\u00e9 bucco-dentaire &#8211; et votre sant\u00e9 g\u00e9n\u00e9rale.<\/p>\n<p>L&rsquo;examen bucco-dentaire complet permet de d\u00e9tecter les probl\u00e8mes \u00e0 un stade pr\u00e9coce, avant que vous ne les voyiez ou ne les sentiez, et \u00e0 un moment o\u00f9 ils sont beaucoup plus faciles et moins co\u00fbteux \u00e0 traiter.<\/p>\n<p>Voici quelques-uns des \u00e9l\u00e9ments que votre dentiste et votre hygi\u00e9niste dentaire recherchent au cours de votre examen buccal complet :<\/p>\n<ul>\n<li>Dents endommag\u00e9es, manquantes ou cari\u00e9es<\/li>\n<li>Signes pr\u00e9coces de caries<\/li>\n<li>L&rsquo;\u00e9tat de vos gencives, par exemple la pr\u00e9sence de poches parodontales, d&rsquo;une inflammation ou d&rsquo;autres signes de maladie des gencives (qui peut entra\u00eener la perte de dents et d&rsquo;os)<\/li>\n<li>L&rsquo;\u00e9tat de vos gencives, par exemple la pr\u00e9sence de poches parodontales, d&rsquo;une inflammation ou d&rsquo;autres signes de maladie des gencives (qui peut entra\u00eener la perte de dents et d&rsquo;os)<\/li>\n<li>Signes pr\u00e9coces de cancer de la bouche ou de la gorge, tels que des l\u00e9sions blanches ou des glandes salivaires bloqu\u00e9es<\/li>\n<li>Autres excroissances ou kystes suspects<\/li>\n<li>Position de vos dents (par exemple, espacement, malocclusion, chevauchement)<\/li>\n<li>Signes que vous serrez ou grincez des dents (un probl\u00e8me traitable qui peut causer des maux de t\u00eate ou une douleur \u00e0 la m\u00e2choire et qui, s&rsquo;il est grave, peut entra\u00eener une perte d&rsquo;audition et la perte de dents)<\/li>\n<li>La sant\u00e9 et la fonction g\u00e9n\u00e9rale de l&rsquo;articulation temporo-mandibulaire (qui relie la m\u00e2choire au cr\u00e2ne)<\/li>\n<li>L&rsquo;\u00e9tat g\u00e9n\u00e9ral des os de votre visage, de votre m\u00e2choire et du pourtour de votre bouche<\/li>\n<\/ul>\n<p>En plus de l&rsquo;inspection visuelle de votre bouche, l&rsquo;examen buccal complet que nous proposons au Cabinet Dentaire D dans l&rsquo;ouest de l&rsquo;\u00eele comprendra \u00e9galement les \u00e9l\u00e9ments suivants :<\/p>\n<ul>\n<li>Un historique m\u00e9dical complet afin que le dentiste connaisse tout \u00e9tat de sant\u00e9 pouvant affecter le succ\u00e8s des traitements ou proc\u00e9dures dentaires et pouvant \u00eatre associ\u00e9 \u00e0 des probl\u00e8mes de sant\u00e9 bucco-dentaire<\/li>\n<li>Un examen de la r\u00e9gion du cou, le dentiste palpant les glandes et les ganglions lymphatiques pour d\u00e9tecter d&rsquo;\u00e9ventuels signes d&rsquo;inflammation qui pourraient indiquer des probl\u00e8mes de sant\u00e9 g\u00e9n\u00e9raux.<\/li>\n<li>Des radiographies dentaires, si n\u00e9cessaire. Ces radiographies peuvent r\u00e9v\u00e9ler des probl\u00e8mes tels que des caries sous des obturations existantes, des fractures de la racine des cheveux, des dents de sagesse incluses, des caries sous la ligne des gencives et une perte osseuse caus\u00e9e par une maladie des gencives.<\/li>\n<li>Des recommandations pour votre hygi\u00e8ne bucco-dentaire \u00e0 domicile<\/li>\n<li>Un plan de traitement personnalis\u00e9 pour tous les travaux dentaires dont vous avez besoin<\/li>\n<\/ul>\t\t\t\t\t\t\t\t<\/div>\n\t\t\t\t<\/div>\n\t\t\t\t<\/div>\n\t\t\t\t\t<\/div>\n\t\t\t\t<\/div>\n\t\t\t\t<\/div>\n\t\t<div class=\"elementor-element elementor-element-cc18c5b e-con-full e-flex e-con e-parent\" data-id=\"cc18c5b\" data-element_type=\"container\" data-e-type=\"container\" data-settings=\"{&quot;background_background&quot;:&quot;classic&quot;}\">\n\t\t<div class=\"elementor-element elementor-element-d0c74c7 e-flex e-con-boxed e-con e-child\" data-id=\"d0c74c7\" data-element_type=\"container\" data-e-type=\"container\">\n\t\t\t\t\t<div class=\"e-con-inner\">\n\t\t<div class=\"elementor-element elementor-element-af10f0b e-con-full e-flex e-con e-child\" data-id=\"af10f0b\" data-element_type=\"container\" data-e-type=\"container\" data-settings=\"{&quot;background_background&quot;:&quot;classic&quot;}\">\n\t\t<div class=\"elementor-element elementor-element-5c7b291 e-con-full e-flex e-con e-child\" data-id=\"5c7b291\" data-element_type=\"container\" data-e-type=\"container\">\n\t\t\t\t<div class=\"elementor-element elementor-element-9687dca elementor-widget elementor-widget-heading\" data-id=\"9687dca\" data-element_type=\"widget\" data-e-type=\"widget\" data-widget_type=\"heading.default\">\n\t\t\t\t<div class=\"elementor-widget-container\">\n\t\t\t\t\t<h4 class=\"elementor-heading-title elementor-size-default\">Un examen buccal complet devrait \u00eatre effectu\u00e9 par votre dentiste et votre hygi\u00e9niste dentaire tous les 3 \u00e0 5 ans, en fonction de votre sant\u00e9 buccale.<\/h4>\t\t\t\t<\/div>\n\t\t\t\t<\/div>\n\t\t\t\t<div class=\"elementor-element elementor-element-f3d198f elementor-widget elementor-widget-text-editor\" data-id=\"f3d198f\" data-element_type=\"widget\" data-e-type=\"widget\" data-widget_type=\"text-editor.default\">\n\t\t\t\t<div class=\"elementor-widget-container\">\n\t\t\t\t\t\t\t\t\t<p><span style=\"font-weight: 400;\">Un examen de rappel (plus sommaire) est recommand\u00e9 \u00e0 chaque 3, 6, 9 ou 12 mois, selon les besoin de chaque individu.<\/span><\/p>\n<p>Appelez-nous au (514) 900-3368<\/p>\n\t\t\t\t\t\t\t\t<\/div>\n\t\t\t\t<\/div>\n\t\t\t\t<\/div>\n\t\t<div class=\"elementor-element elementor-element-1960191 e-con-full e-flex e-con e-child\" data-id=\"1960191\" data-element_type=\"container\" data-e-type=\"container\">\n\t\t\t\t<div class=\"elementor-element elementor-element-9941fcf elementor-align-center elementor-widget elementor-widget-button\" data-id=\"9941fcf\" data-element_type=\"widget\" data-e-type=\"widget\" data-widget_type=\"button.default\">\n\t\t\t\t<div class=\"elementor-widget-container\">\n\t\t\t\t\t\t\t\t\t<div class=\"elementor-button-wrapper\">\n\t\t\t\t\t<a class=\"elementor-button elementor-button-link elementor-size-sm\" href=\"#elementor-action%3Aaction%3Dpopup%3Aopen%26settings%3DeyJpZCI6MjY3MCwidG9nZ2xlIjpmYWxzZX0%3D\">\n\t\t\t\t\t\t<span class=\"elementor-button-content-wrapper\">\n\t\t\t\t\t\t\t\t\t<span class=\"elementor-button-text\">R\u00e9server en ligne<\/span>\n\t\t\t\t\t<\/span>\n\t\t\t\t\t<\/a>\n\t\t\t\t<\/div>\n\t\t\t\t\t\t\t\t<\/div>\n\t\t\t\t<\/div>\n\t\t\t\t<\/div>\n\t\t\t\t<\/div>\n\t\t\t\t\t<\/div>\n\t\t\t\t<\/div>\n\t\t\t\t<\/div>\n\t\t\t\t<\/div>\n\t\t","protected":false},"excerpt":{"rendered":"<p>Examen Buccal Complet au cabinet dentaire D dans l&rsquo;ouest de l&rsquo;\u00eele Nous \u00e9valuons votre sant\u00e9 bucco-dentaire d&rsquo;une mani\u00e8re compr\u00e9hensive afin de formuler un plan de traitement sur mesure, adapt\u00e9 \u00e0 vos besoins et \u00e0 vos attentes. https:\/\/youtu.be\/qoMrhEElVX4 Dur\u00e9e : 90 min ou moins L&rsquo;Examen Buccal Complet est crucial pour votre sant\u00e9 buccale et dentaire. Il &#8230; <a title=\"Examen Buccal Complet\" class=\"read-more\" href=\"https:\/\/www.ddentaloffice.com\/fr\/examen-buccal-complet\/\" aria-label=\"Read more about Examen Buccal Complet\">Lire la suite<\/a><\/p>\n","protected":false},"author":3,"featured_media":0,"parent":0,"menu_order":0,"comment_status":"closed","ping_status":"closed","template":"","meta":{"footnotes":""},"class_list":["post-2603","page","type-page","status-publish"],"yoast_head":"<!-- This site is optimized with the Yoast SEO Premium plugin v20.8 (Yoast SEO v27.4) - https:\/\/yoast.com\/product\/yoast-seo-premium-wordpress\/ -->\n<title>Examen Buccal Complet - Cabinet Dentaire D<\/title>\n<meta name=\"robots\" content=\"index, follow, max-snippet:-1, max-image-preview:large, max-video-preview:-1\" \/>\n<link rel=\"canonical\" href=\"https:\/\/www.ddentaloffice.com\/fr\/examen-buccal-complet\/\" \/>\n<meta property=\"og:locale\" content=\"fr_FR\" \/>\n<meta property=\"og:type\" content=\"article\" \/>\n<meta property=\"og:title\" content=\"Examen Buccal Complet\" \/>\n<meta property=\"og:description\" content=\"Examen Buccal Complet au cabinet dentaire D dans l&rsquo;ouest de l&rsquo;\u00eele Nous \u00e9valuons votre sant\u00e9 bucco-dentaire d&rsquo;une mani\u00e8re compr\u00e9hensive afin de formuler un plan de traitement sur mesure, adapt\u00e9 \u00e0 vos besoins et \u00e0 vos attentes. https:\/\/youtu.be\/qoMrhEElVX4 Dur\u00e9e : 90 min ou moins L&rsquo;Examen Buccal Complet est crucial pour votre sant\u00e9 buccale et dentaire. Il ... Lire la suite\" \/>\n<meta property=\"og:url\" content=\"https:\/\/www.ddentaloffice.com\/fr\/examen-buccal-complet\/\" \/>\n<meta property=\"og:site_name\" content=\"D Dental Office\" \/>\n<meta property=\"article:publisher\" content=\"https:\/\/www.facebook.com\/ddentalofficemtl\" \/>\n<meta property=\"article:modified_time\" content=\"2024-01-24T16:18:40+00:00\" \/>\n<meta property=\"og:image\" content=\"https:\/\/www.ddentaloffice.com\/wp-content\/uploads\/2022\/06\/Complete-Exam.png\" \/>\n<meta name=\"twitter:card\" content=\"summary_large_image\" \/>\n<meta name=\"twitter:label1\" content=\"Dur\u00e9e de lecture estim\u00e9e\" \/>\n\t<meta name=\"twitter:data1\" content=\"3 minutes\" \/>\n<script type=\"application\/ld+json\" class=\"yoast-schema-graph\">{\"@context\":\"https:\\\/\\\/schema.org\",\"@graph\":[{\"@type\":\"WebPage\",\"@id\":\"https:\\\/\\\/www.ddentaloffice.com\\\/fr\\\/examen-buccal-complet\\\/\",\"url\":\"https:\\\/\\\/www.ddentaloffice.com\\\/fr\\\/examen-buccal-complet\\\/\",\"name\":\"Examen Buccal Complet - Cabinet Dentaire D\",\"isPartOf\":{\"@id\":\"https:\\\/\\\/www.ddentaloffice.com\\\/fr\\\/#website\"},\"primaryImageOfPage\":{\"@id\":\"https:\\\/\\\/www.ddentaloffice.com\\\/fr\\\/examen-buccal-complet\\\/#primaryimage\"},\"image\":{\"@id\":\"https:\\\/\\\/www.ddentaloffice.com\\\/fr\\\/examen-buccal-complet\\\/#primaryimage\"},\"thumbnailUrl\":\"https:\\\/\\\/www.ddentaloffice.com\\\/wp-content\\\/uploads\\\/2022\\\/06\\\/Complete-Exam.png\",\"datePublished\":\"2022-05-21T08:23:34+00:00\",\"dateModified\":\"2024-01-24T16:18:40+00:00\",\"breadcrumb\":{\"@id\":\"https:\\\/\\\/www.ddentaloffice.com\\\/fr\\\/examen-buccal-complet\\\/#breadcrumb\"},\"inLanguage\":\"fr-FR\",\"potentialAction\":[{\"@type\":\"ReadAction\",\"target\":[\"https:\\\/\\\/www.ddentaloffice.com\\\/fr\\\/examen-buccal-complet\\\/\"]}]},{\"@type\":\"ImageObject\",\"inLanguage\":\"fr-FR\",\"@id\":\"https:\\\/\\\/www.ddentaloffice.com\\\/fr\\\/examen-buccal-complet\\\/#primaryimage\",\"url\":\"https:\\\/\\\/www.ddentaloffice.com\\\/wp-content\\\/uploads\\\/2022\\\/06\\\/Complete-Exam.png\",\"contentUrl\":\"https:\\\/\\\/www.ddentaloffice.com\\\/wp-content\\\/uploads\\\/2022\\\/06\\\/Complete-Exam.png\"},{\"@type\":\"BreadcrumbList\",\"@id\":\"https:\\\/\\\/www.ddentaloffice.com\\\/fr\\\/examen-buccal-complet\\\/#breadcrumb\",\"itemListElement\":[{\"@type\":\"ListItem\",\"position\":1,\"name\":\"Home\",\"item\":\"https:\\\/\\\/www.ddentaloffice.com\\\/fr\\\/\"},{\"@type\":\"ListItem\",\"position\":2,\"name\":\"Examen Buccal Complet\"}]},{\"@type\":\"WebSite\",\"@id\":\"https:\\\/\\\/www.ddentaloffice.com\\\/fr\\\/#website\",\"url\":\"https:\\\/\\\/www.ddentaloffice.com\\\/fr\\\/\",\"name\":\"D Dental Office\",\"description\":\"Comprehensive, Patient-centred and State-of-the-Art Dental Care\",\"publisher\":{\"@id\":\"https:\\\/\\\/www.ddentaloffice.com\\\/fr\\\/#organization\"},\"potentialAction\":[{\"@type\":\"SearchAction\",\"target\":{\"@type\":\"EntryPoint\",\"urlTemplate\":\"https:\\\/\\\/www.ddentaloffice.com\\\/fr\\\/?s={search_term_string}\"},\"query-input\":{\"@type\":\"PropertyValueSpecification\",\"valueRequired\":true,\"valueName\":\"search_term_string\"}}],\"inLanguage\":\"fr-FR\"},{\"@type\":\"Organization\",\"@id\":\"https:\\\/\\\/www.ddentaloffice.com\\\/fr\\\/#organization\",\"name\":\"D Dental Office\",\"url\":\"https:\\\/\\\/www.ddentaloffice.com\\\/fr\\\/\",\"logo\":{\"@type\":\"ImageObject\",\"inLanguage\":\"fr-FR\",\"@id\":\"https:\\\/\\\/www.ddentaloffice.com\\\/fr\\\/#\\\/schema\\\/logo\\\/image\\\/\",\"url\":\"https:\\\/\\\/www.ddentaloffice.com\\\/wp-content\\\/uploads\\\/2022\\\/03\\\/cropped-D-Dental-Office-Logo-350x100px-1.png\",\"contentUrl\":\"https:\\\/\\\/www.ddentaloffice.com\\\/wp-content\\\/uploads\\\/2022\\\/03\\\/cropped-D-Dental-Office-Logo-350x100px-1.png\",\"width\":351,\"height\":144,\"caption\":\"D Dental Office\"},\"image\":{\"@id\":\"https:\\\/\\\/www.ddentaloffice.com\\\/fr\\\/#\\\/schema\\\/logo\\\/image\\\/\"},\"sameAs\":[\"https:\\\/\\\/www.facebook.com\\\/ddentalofficemtl\",\"https:\\\/\\\/www.instagram.com\\\/ddentaloffice\\\/\",\"https:\\\/\\\/g.page\\\/ddentaloffice-ddo\"]}]}<\/script>\n<!-- \/ Yoast SEO Premium plugin. -->","yoast_head_json":{"title":"Examen Buccal Complet - Cabinet Dentaire D","robots":{"index":"index","follow":"follow","max-snippet":"max-snippet:-1","max-image-preview":"max-image-preview:large","max-video-preview":"max-video-preview:-1"},"canonical":"https:\/\/www.ddentaloffice.com\/fr\/examen-buccal-complet\/","og_locale":"fr_FR","og_type":"article","og_title":"Examen Buccal Complet","og_description":"Examen Buccal Complet au cabinet dentaire D dans l&rsquo;ouest de l&rsquo;\u00eele Nous \u00e9valuons votre sant\u00e9 bucco-dentaire d&rsquo;une mani\u00e8re compr\u00e9hensive afin de formuler un plan de traitement sur mesure, adapt\u00e9 \u00e0 vos besoins et \u00e0 vos attentes. https:\/\/youtu.be\/qoMrhEElVX4 Dur\u00e9e : 90 min ou moins L&rsquo;Examen Buccal Complet est crucial pour votre sant\u00e9 buccale et dentaire. Il ... Lire la suite","og_url":"https:\/\/www.ddentaloffice.com\/fr\/examen-buccal-complet\/","og_site_name":"D Dental Office","article_publisher":"https:\/\/www.facebook.com\/ddentalofficemtl","article_modified_time":"2024-01-24T16:18:40+00:00","og_image":[{"url":"https:\/\/www.ddentaloffice.com\/wp-content\/uploads\/2022\/06\/Complete-Exam.png","type":"","width":"","height":""}],"twitter_card":"summary_large_image","twitter_misc":{"Dur\u00e9e de lecture estim\u00e9e":"3 minutes"},"schema":{"@context":"https:\/\/schema.org","@graph":[{"@type":"WebPage","@id":"https:\/\/www.ddentaloffice.com\/fr\/examen-buccal-complet\/","url":"https:\/\/www.ddentaloffice.com\/fr\/examen-buccal-complet\/","name":"Examen Buccal Complet - Cabinet Dentaire D","isPartOf":{"@id":"https:\/\/www.ddentaloffice.com\/fr\/#website"},"primaryImageOfPage":{"@id":"https:\/\/www.ddentaloffice.com\/fr\/examen-buccal-complet\/#primaryimage"},"image":{"@id":"https:\/\/www.ddentaloffice.com\/fr\/examen-buccal-complet\/#primaryimage"},"thumbnailUrl":"https:\/\/www.ddentaloffice.com\/wp-content\/uploads\/2022\/06\/Complete-Exam.png","datePublished":"2022-05-21T08:23:34+00:00","dateModified":"2024-01-24T16:18:40+00:00","breadcrumb":{"@id":"https:\/\/www.ddentaloffice.com\/fr\/examen-buccal-complet\/#breadcrumb"},"inLanguage":"fr-FR","potentialAction":[{"@type":"ReadAction","target":["https:\/\/www.ddentaloffice.com\/fr\/examen-buccal-complet\/"]}]},{"@type":"ImageObject","inLanguage":"fr-FR","@id":"https:\/\/www.ddentaloffice.com\/fr\/examen-buccal-complet\/#primaryimage","url":"https:\/\/www.ddentaloffice.com\/wp-content\/uploads\/2022\/06\/Complete-Exam.png","contentUrl":"https:\/\/www.ddentaloffice.com\/wp-content\/uploads\/2022\/06\/Complete-Exam.png"},{"@type":"BreadcrumbList","@id":"https:\/\/www.ddentaloffice.com\/fr\/examen-buccal-complet\/#breadcrumb","itemListElement":[{"@type":"ListItem","position":1,"name":"Home","item":"https:\/\/www.ddentaloffice.com\/fr\/"},{"@type":"ListItem","position":2,"name":"Examen Buccal Complet"}]},{"@type":"WebSite","@id":"https:\/\/www.ddentaloffice.com\/fr\/#website","url":"https:\/\/www.ddentaloffice.com\/fr\/","name":"D Dental Office","description":"Comprehensive, Patient-centred and State-of-the-Art Dental Care","publisher":{"@id":"https:\/\/www.ddentaloffice.com\/fr\/#organization"},"potentialAction":[{"@type":"SearchAction","target":{"@type":"EntryPoint","urlTemplate":"https:\/\/www.ddentaloffice.com\/fr\/?s={search_term_string}"},"query-input":{"@type":"PropertyValueSpecification","valueRequired":true,"valueName":"search_term_string"}}],"inLanguage":"fr-FR"},{"@type":"Organization","@id":"https:\/\/www.ddentaloffice.com\/fr\/#organization","name":"D Dental Office","url":"https:\/\/www.ddentaloffice.com\/fr\/","logo":{"@type":"ImageObject","inLanguage":"fr-FR","@id":"https:\/\/www.ddentaloffice.com\/fr\/#\/schema\/logo\/image\/","url":"https:\/\/www.ddentaloffice.com\/wp-content\/uploads\/2022\/03\/cropped-D-Dental-Office-Logo-350x100px-1.png","contentUrl":"https:\/\/www.ddentaloffice.com\/wp-content\/uploads\/2022\/03\/cropped-D-Dental-Office-Logo-350x100px-1.png","width":351,"height":144,"caption":"D Dental Office"},"image":{"@id":"https:\/\/www.ddentaloffice.com\/fr\/#\/schema\/logo\/image\/"},"sameAs":["https:\/\/www.facebook.com\/ddentalofficemtl","https:\/\/www.instagram.com\/ddentaloffice\/","https:\/\/g.page\/ddentaloffice-ddo"]}]}},"_links":{"self":[{"href":"https:\/\/www.ddentaloffice.com\/fr\/wp-json\/wp\/v2\/pages\/2603","targetHints":{"allow":["GET"]}}],"collection":[{"href":"https:\/\/www.ddentaloffice.com\/fr\/wp-json\/wp\/v2\/pages"}],"about":[{"href":"https:\/\/www.ddentaloffice.com\/fr\/wp-json\/wp\/v2\/types\/page"}],"author":[{"embeddable":true,"href":"https:\/\/www.ddentaloffice.com\/fr\/wp-json\/wp\/v2\/users\/3"}],"replies":[{"embeddable":true,"href":"https:\/\/www.ddentaloffice.com\/fr\/wp-json\/wp\/v2\/comments?post=2603"}],"version-history":[{"count":13,"href":"https:\/\/www.ddentaloffice.com\/fr\/wp-json\/wp\/v2\/pages\/2603\/revisions"}],"predecessor-version":[{"id":4665,"href":"https:\/\/www.ddentaloffice.com\/fr\/wp-json\/wp\/v2\/pages\/2603\/revisions\/4665"}],"wp:attachment":[{"href":"https:\/\/www.ddentaloffice.com\/fr\/wp-json\/wp\/v2\/media?parent=2603"}],"curies":[{"name":"wp","href":"https:\/\/api.w.org\/{rel}","templated":true}]}}