{"id":2605,"date":"2022-06-04T15:04:23","date_gmt":"2022-06-04T15:04:23","guid":{"rendered":"https:\/\/www.ddentaloffice.com\/chirurgie-dentaire\/"},"modified":"2023-11-07T18:54:01","modified_gmt":"2023-11-07T18:54:01","slug":"chirurgie-dentaire","status":"publish","type":"page","link":"https:\/\/www.ddentaloffice.com\/fr\/chirurgie-dentaire\/","title":{"rendered":"Chirurgie Dentaire"},"content":{"rendered":"\t\t<div data-elementor-type=\"wp-page\" data-elementor-id=\"2605\" class=\"elementor elementor-2605 elementor-1323\" data-elementor-post-type=\"page\">\n\t\t\t\t<div class=\"elementor-element elementor-element-c2fa11d e-con-full e-flex e-con e-parent\" data-id=\"c2fa11d\" data-element_type=\"container\" data-e-type=\"container\" data-settings=\"{&quot;background_background&quot;:&quot;classic&quot;}\">\n\t\t<div class=\"elementor-element elementor-element-3ab3506 e-con-full e-flex e-con e-child\" data-id=\"3ab3506\" data-element_type=\"container\" data-e-type=\"container\" data-settings=\"{&quot;background_background&quot;:&quot;classic&quot;}\">\n\t\t<div class=\"elementor-element elementor-element-8014fef e-flex e-con-boxed e-con e-child\" data-id=\"8014fef\" data-element_type=\"container\" data-e-type=\"container\">\n\t\t\t\t\t<div class=\"e-con-inner\">\n\t\t<div class=\"elementor-element elementor-element-c0edc4f e-con-full e-flex e-con e-child\" data-id=\"c0edc4f\" data-element_type=\"container\" data-e-type=\"container\">\n\t\t\t\t<div class=\"elementor-element elementor-element-0635448 elementor-widget elementor-widget-heading\" data-id=\"0635448\" data-element_type=\"widget\" data-e-type=\"widget\" data-widget_type=\"heading.default\">\n\t\t\t\t<div class=\"elementor-widget-container\">\n\t\t\t\t\t<h2 class=\"elementor-heading-title elementor-size-default\">Chirurgie Dentaire<\/h2>\t\t\t\t<\/div>\n\t\t\t\t<\/div>\n\t\t\t\t<div class=\"elementor-element elementor-element-73eba76 elementor-widget elementor-widget-heading\" data-id=\"73eba76\" data-element_type=\"widget\" data-e-type=\"widget\" data-widget_type=\"heading.default\">\n\t\t\t\t<div class=\"elementor-widget-container\">\n\t\t\t\t\t<h4 class=\"elementor-heading-title elementor-size-default\">20 ans d'exp\u00e9rience en chirurgie dentaire au Cabinet Dentaire D de l'Ouest de l'\u00eele<\/h4>\t\t\t\t<\/div>\n\t\t\t\t<\/div>\n\t\t\t\t<div class=\"elementor-element elementor-element-598db25 elementor-widget elementor-widget-heading\" data-id=\"598db25\" data-element_type=\"widget\" data-e-type=\"widget\" data-widget_type=\"heading.default\">\n\t\t\t\t<div class=\"elementor-widget-container\">\n\t\t\t\t\t<h4 class=\"elementor-heading-title elementor-size-default\">Nous proposons une grande gamme de services chirurgicaux, notamment des extractions chirurgicales, des greffes et d'autres interventions buccales pour maintenir votre sant\u00e9 buccale ou la restaurer. <\/h4>\t\t\t\t<\/div>\n\t\t\t\t<\/div>\n\t\t\t\t<\/div>\n\t\t\t\t\t<\/div>\n\t\t\t\t<\/div>\n\t\t\t\t<\/div>\n\t\t\t\t<\/div>\n\t\t<div class=\"elementor-element elementor-element-66bf34a e-con-full e-flex e-con e-parent\" data-id=\"66bf34a\" data-element_type=\"container\" data-e-type=\"container\">\n\t\t\t\t<div class=\"elementor-element elementor-element-12ef623 elementor-widget elementor-widget-image\" data-id=\"12ef623\" data-element_type=\"widget\" data-e-type=\"widget\" data-widget_type=\"image.default\">\n\t\t\t\t<div class=\"elementor-widget-container\">\n\t\t\t\t\t\t\t\t\t\t\t\t\t\t\t<img fetchpriority=\"high\" decoding=\"async\" width=\"1920\" height=\"697\" src=\"https:\/\/www.ddentaloffice.com\/wp-content\/uploads\/2022\/07\/Dental-Surgery.jpg\" class=\"attachment-full size-full wp-image-2954\" alt=\"\" srcset=\"https:\/\/www.ddentaloffice.com\/wp-content\/uploads\/2022\/07\/Dental-Surgery.jpg 1920w, https:\/\/www.ddentaloffice.com\/wp-content\/uploads\/2022\/07\/Dental-Surgery-300x109.jpg 300w, https:\/\/www.ddentaloffice.com\/wp-content\/uploads\/2022\/07\/Dental-Surgery-1024x372.jpg 1024w, https:\/\/www.ddentaloffice.com\/wp-content\/uploads\/2022\/07\/Dental-Surgery-768x279.jpg 768w, https:\/\/www.ddentaloffice.com\/wp-content\/uploads\/2022\/07\/Dental-Surgery-1536x558.jpg 1536w\" sizes=\"(max-width: 1920px) 100vw, 1920px\" \/>\t\t\t\t\t\t\t\t\t\t\t\t\t\t\t<\/div>\n\t\t\t\t<\/div>\n\t\t\t\t<\/div>\n\t\t<div class=\"elementor-element elementor-element-69ae3b8 e-con-full e-flex e-con e-parent\" data-id=\"69ae3b8\" data-element_type=\"container\" data-e-type=\"container\">\n\t\t<div class=\"elementor-element elementor-element-d5c39e0 e-flex e-con-boxed e-con e-child\" data-id=\"d5c39e0\" data-element_type=\"container\" data-e-type=\"container\">\n\t\t\t\t\t<div class=\"e-con-inner\">\n\t\t<div class=\"elementor-element elementor-element-f440aa9 e-con-full e-flex e-con e-child\" data-id=\"f440aa9\" data-element_type=\"container\" data-e-type=\"container\">\n\t\t\t\t<div class=\"elementor-element elementor-element-b07b413 elementor-widget elementor-widget-text-editor\" data-id=\"b07b413\" data-element_type=\"widget\" data-e-type=\"widget\" data-widget_type=\"text-editor.default\">\n\t\t\t\t<div class=\"elementor-widget-container\">\n\t\t\t\t\t\t\t\t\t<h4>Extraction dentaire<\/h4>\n<p>Personne n&rsquo;aime perdre une dent, mais il existe de nombreux cas o\u00f9 il est pr\u00e9f\u00e9rable d&rsquo;extraire une dent plut\u00f4t que de la garder, afin d&rsquo;\u00e9viter tout probl\u00e8me. En voici quelques exemples :<\/p>\n<ul>\n<li><strong>Extraction de dents de sagesse :<\/strong> les dents de sagesse incluses causent souvent des dommages aux gencives ou aux dents voisines. <\/li>\n<li><strong>Parodontite s\u00e9v\u00e8re :<\/strong>les gencives et l&rsquo;os autour de la dent sont gravement endommag\u00e9s au point de devoir l&rsquo;extraire. <\/li>\n<li><strong>Carie dentaire grave :<\/strong> les caries non trait\u00e9es peuvent d\u00e9truire gravement une dent, au point qu&rsquo;elle doive \u00eatre retir\u00e9e.<\/li>\n<li><strong>Dent fractur\u00e9e :<\/strong> une fracture qui atteint la racine d&rsquo;une dent la rend souvent irr\u00e9parable.<\/li>\n<li><strong>Dent infect\u00e9e :<\/strong>une dent ayant subi un ancien traitement de canal peut s&rsquo;infecter \u00e0 nouveau.<\/li>\n<li><strong>Chevauchement extr\u00eame :<\/strong> dans certains cas graves d&rsquo;encombrement ( dents croches ), nous choisissons parfois d&rsquo;extraire des dents, afin de cr\u00e9er de l&rsquo;espace pour les aligner.<\/li>\n<\/ul>\n<p>L\u2019\u00e9quipe du Cabinet Dentaire D prend toutes les mesures n\u00e9cessaires pour s\u2019assurer que chaque proc\u00e9dure se fait en tout confort et s\u00e9curit\u00e9. Nous nous assurons que la zone autour de la dent \u00e0 extraire est enti\u00e8rement anesth\u00e9si\u00e9e et que vous \u00eates \u00e0 l&rsquo;aise tout au long du processus.<br>Pour ceux qui ont trop peur de recevoir les soins n\u00e9cessaires, nous proposons \u00e9galement l&rsquo;option de la s\u00e9dation orale, \u00e0 l&rsquo;aide d&rsquo;un m\u00e9dicament, qui aide consid\u00e9rablement les patients anxieux \u00e0 se d\u00e9tendre.<\/p>\t\t\t\t\t\t\t\t<\/div>\n\t\t\t\t<\/div>\n\t\t\t\t<div class=\"elementor-element elementor-element-dfd4182 elementor-widget elementor-widget-text-editor\" data-id=\"dfd4182\" data-element_type=\"widget\" data-e-type=\"widget\" data-widget_type=\"text-editor.default\">\n\t\t\t\t<div class=\"elementor-widget-container\">\n\t\t\t\t\t\t\t\t\t<h4>Greffe osseuse<\/h4>\n<p>Une greffe osseuse dentaire est un traitement qui ajoute du volume et de la densit\u00e9 \u00e0 votre m\u00e2choire dans les zones o\u00f9 une perte osseuse s&rsquo;est produite. Ce traitement dentaire peut \u00eatre recommand\u00e9 si vous :<\/p>\n<ul>\n<li>Pr\u00e9voyez de remplacer une dent manquante par un implant dentaire (reconstruction osseuse).<\/li>\n<li>Vous avez une perte osseuse due \u00e0 une maladie des gencives ou \u00e0 une parodontite (r\u00e9g\u00e9n\u00e9ration osseuse)<\/li>\n<li>Vous vous faites extraire une dent et devez la remplacer par un implant plus tard (pr\u00e9servation osseuse).<\/li>\n<\/ul>\n<p>L\u2019\u00e9quipe du Cabinet Dentaire D prend toutes les mesures n\u00e9cessaires pour s\u2019assurer que chaque proc\u00e9dure se fait en tout confort et s\u00e9curit\u00e9. Nous nous assurons que la zone autour de la dent \u00e0 extraire est enti\u00e8rement anesth\u00e9si\u00e9e et que vous \u00eates \u00e0 l&rsquo;aise tout au long du processus.<\/p>\n<p>Pour ceux qui ont trop peur de recevoir les soins n\u00e9cessaires, nous proposons \u00e9galement l&rsquo;option de la s\u00e9dation orale, \u00e0 l&rsquo;aide d&rsquo;un m\u00e9dicament, qui aide consid\u00e9rablement les patients anxieux \u00e0 se d\u00e9tendre.<\/p>\n<h5>Pr\u00e9servation de l&rsquo;alv\u00e9ole<\/h5>\n<p>Dans le cas o\u00f9 nous envisageons de remplacer une dent \u00e0 extraire par un implant, nous recommandons une greffe de pr\u00e9servation osseuse. Il s&rsquo;agit d&rsquo;une proc\u00e9dure simple et relativement peu co\u00fbteuse qui consiste \u00e0 placer de l&rsquo;os, obtenu dans une banque de tissus, dans l&rsquo;alv\u00e9ole (la zone laiss\u00e9e vide par la dent extraite). Cela permet de pr\u00e9venir la perte osseuse et de pr\u00e9server le volume osseux pour la pose de l&rsquo;implant quelques mois apr\u00e8s la gu\u00e9rison. Cette proc\u00e9dure doit \u00eatre effectu\u00e9e le jour m\u00eame de l&rsquo;extraction. Elle peut \u00e9viter de devoir recourir \u00e0 des interventions plus importantes et plus co\u00fbteuses apr\u00e8s la gu\u00e9rison.<\/p>\n<h5>Augmentation osseuse<\/h5>\n<p>Dans les cas o\u00f9 nous n\u2019avons pas assez d\u2019os pour placer un implant, nous pouvons effectuer une greffe d\u2019augmentation osseuse. Elle nous permet de reconstruire une bonne base d\u2019os pour tenir un implant solidement \u00e0 long terme.<\/p>\n<h5>\u00c9l\u00e9vation sinusale<\/h5>\n<p>Dans les cas o\u00f9 nous voulons remplacer une molaire sup\u00e9rieure manquante par un implant, le sinus passe souvent trop pr\u00e8s de la zone. Nous ne pouvons pas placer un implant dans le sinus. Nous devons donc souvent soulever la paroi du sinus afin de cr\u00e9er une hauteur d&rsquo;os suffisante. Cette proc\u00e9dure est effectu\u00e9e simultan\u00e9ment \u00e0 la pose de l&rsquo;implant. Il s&rsquo;agit d&rsquo;une proc\u00e9dure simple et indolore qui nous permet d&rsquo;\u00e9viter une \u00e9l\u00e9vation lat\u00e9rale du sinus, qui est plus complexe et plus longue.<\/p>\n<p><img decoding=\"async\" class=\"aligncenter size-full wp-image-1328\" src=\"https:\/\/www.ddentaloffice.com\/wp-content\/uploads\/2022\/06\/Sinus-Lift.png\" alt=\"\" width=\"1098\" height=\"320\" srcset=\"https:\/\/www.ddentaloffice.com\/wp-content\/uploads\/2022\/06\/Sinus-Lift.png 1098w, https:\/\/www.ddentaloffice.com\/wp-content\/uploads\/2022\/06\/Sinus-Lift-300x87.png 300w, https:\/\/www.ddentaloffice.com\/wp-content\/uploads\/2022\/06\/Sinus-Lift-1024x298.png 1024w, https:\/\/www.ddentaloffice.com\/wp-content\/uploads\/2022\/06\/Sinus-Lift-768x224.png 768w\" sizes=\"(max-width: 1098px) 100vw, 1098px\" \/><\/p>\n\t\t\t\t\t\t\t\t<\/div>\n\t\t\t\t<\/div>\n\t\t\t\t<\/div>\n\t\t\t\t\t<\/div>\n\t\t\t\t<\/div>\n\t\t\t\t<\/div>\n\t\t<div class=\"elementor-element elementor-element-f7dff1d e-flex e-con-boxed e-con e-parent\" data-id=\"f7dff1d\" data-element_type=\"container\" data-e-type=\"container\" data-settings=\"{&quot;background_background&quot;:&quot;classic&quot;}\">\n\t\t\t\t\t<div class=\"e-con-inner\">\n\t\t<div class=\"elementor-element elementor-element-8438e9d e-con-full e-flex e-con e-child\" data-id=\"8438e9d\" data-element_type=\"container\" data-e-type=\"container\">\n\t\t\t\t<div class=\"elementor-element elementor-element-74f03a0 elementor-widget elementor-widget-heading\" data-id=\"74f03a0\" data-element_type=\"widget\" data-e-type=\"widget\" data-widget_type=\"heading.default\">\n\t\t\t\t<div class=\"elementor-widget-container\">\n\t\t\t\t\t<h4 class=\"elementor-heading-title elementor-size-default\">Faites-nous confiance pour votre chirurgie dentaire<\/h4>\t\t\t\t<\/div>\n\t\t\t\t<\/div>\n\t\t\t\t<div class=\"elementor-element elementor-element-8ca676f elementor-widget elementor-widget-text-editor\" data-id=\"8ca676f\" data-element_type=\"widget\" data-e-type=\"widget\" data-widget_type=\"text-editor.default\">\n\t\t\t\t<div class=\"elementor-widget-container\">\n\t\t\t\t\t\t\t\t\t<p>Nous avons plus de 20 ans d&rsquo;exp\u00e9rience en chirurgie dentaire pour vous offrir des services en tout confort et s\u00e9curit\u00e9. <\/p>\n<p>Appelez-nous au 514-900-3368.<\/p>\n\t\t\t\t\t\t\t\t<\/div>\n\t\t\t\t<\/div>\n\t\t\t\t<\/div>\n\t\t<div class=\"elementor-element elementor-element-7006071 e-con-full e-flex e-con e-child\" data-id=\"7006071\" data-element_type=\"container\" data-e-type=\"container\" data-settings=\"{&quot;background_background&quot;:&quot;classic&quot;}\">\n\t\t<div class=\"elementor-element elementor-element-89f40ce e-flex e-con-boxed e-con e-child\" data-id=\"89f40ce\" data-element_type=\"container\" data-e-type=\"container\">\n\t\t\t\t\t<div class=\"e-con-inner\">\n\t\t\t\t<div class=\"elementor-element elementor-element-de780a4 elementor-align-center elementor-widget elementor-widget-button\" data-id=\"de780a4\" data-element_type=\"widget\" data-e-type=\"widget\" data-widget_type=\"button.default\">\n\t\t\t\t<div class=\"elementor-widget-container\">\n\t\t\t\t\t\t\t\t\t<div class=\"elementor-button-wrapper\">\n\t\t\t\t\t<a class=\"elementor-button elementor-button-link elementor-size-sm\" href=\"#elementor-action%3Aaction%3Dpopup%3Aopen%26settings%3DeyJpZCI6MjY3MCwidG9nZ2xlIjpmYWxzZX0%3D\">\n\t\t\t\t\t\t<span class=\"elementor-button-content-wrapper\">\n\t\t\t\t\t\t\t\t\t<span class=\"elementor-button-text\">R\u00e9server en ligne<\/span>\n\t\t\t\t\t<\/span>\n\t\t\t\t\t<\/a>\n\t\t\t\t<\/div>\n\t\t\t\t\t\t\t\t<\/div>\n\t\t\t\t<\/div>\n\t\t\t\t\t<\/div>\n\t\t\t\t<\/div>\n\t\t\t\t<\/div>\n\t\t\t\t\t<\/div>\n\t\t\t\t<\/div>\n\t\t\t\t<\/div>\n\t\t","protected":false},"excerpt":{"rendered":"<p>Chirurgie Dentaire 20 ans d&rsquo;exp\u00e9rience en chirurgie dentaire au Cabinet Dentaire D de l&rsquo;Ouest de l&rsquo;\u00eele Nous proposons une grande gamme de services chirurgicaux, notamment des extractions chirurgicales, des greffes et d&rsquo;autres interventions buccales pour maintenir votre sant\u00e9 buccale ou la restaurer. Extraction dentaire Personne n&rsquo;aime perdre une dent, mais il existe de nombreux cas &#8230; <a title=\"Chirurgie Dentaire\" class=\"read-more\" href=\"https:\/\/www.ddentaloffice.com\/fr\/chirurgie-dentaire\/\" aria-label=\"Read more about Chirurgie Dentaire\">Lire la suite<\/a><\/p>\n","protected":false},"author":3,"featured_media":0,"parent":0,"menu_order":0,"comment_status":"closed","ping_status":"closed","template":"","meta":{"footnotes":""},"class_list":["post-2605","page","type-page","status-publish"],"yoast_head":"<!-- This site is optimized with the Yoast SEO Premium plugin v20.8 (Yoast SEO v27.4) - https:\/\/yoast.com\/product\/yoast-seo-premium-wordpress\/ -->\n<title>Chirurgie Dentaire - Cabinet Dentaire D<\/title>\n<meta name=\"robots\" content=\"index, follow, max-snippet:-1, max-image-preview:large, max-video-preview:-1\" \/>\n<link rel=\"canonical\" href=\"https:\/\/www.ddentaloffice.com\/fr\/chirurgie-dentaire\/\" \/>\n<meta property=\"og:locale\" content=\"fr_FR\" \/>\n<meta property=\"og:type\" content=\"article\" \/>\n<meta property=\"og:title\" content=\"Chirurgie Dentaire\" \/>\n<meta property=\"og:description\" content=\"Chirurgie Dentaire 20 ans d&rsquo;exp\u00e9rience en chirurgie dentaire au Cabinet Dentaire D de l&rsquo;Ouest de l&rsquo;\u00eele Nous proposons une grande gamme de services chirurgicaux, notamment des extractions chirurgicales, des greffes et d&rsquo;autres interventions buccales pour maintenir votre sant\u00e9 buccale ou la restaurer. Extraction dentaire Personne n&rsquo;aime perdre une dent, mais il existe de nombreux cas ... Lire la suite\" \/>\n<meta property=\"og:url\" content=\"https:\/\/www.ddentaloffice.com\/fr\/chirurgie-dentaire\/\" \/>\n<meta property=\"og:site_name\" content=\"D Dental Office\" \/>\n<meta property=\"article:publisher\" content=\"https:\/\/www.facebook.com\/ddentalofficemtl\" \/>\n<meta property=\"article:modified_time\" content=\"2023-11-07T18:54:01+00:00\" \/>\n<meta property=\"og:image\" content=\"https:\/\/www.ddentaloffice.com\/wp-content\/uploads\/2022\/07\/Dental-Surgery.jpg\" \/>\n<meta name=\"twitter:card\" content=\"summary_large_image\" \/>\n<meta name=\"twitter:label1\" content=\"Dur\u00e9e de lecture estim\u00e9e\" \/>\n\t<meta name=\"twitter:data1\" content=\"4 minutes\" \/>\n<script type=\"application\/ld+json\" class=\"yoast-schema-graph\">{\"@context\":\"https:\\\/\\\/schema.org\",\"@graph\":[{\"@type\":\"WebPage\",\"@id\":\"https:\\\/\\\/www.ddentaloffice.com\\\/fr\\\/chirurgie-dentaire\\\/\",\"url\":\"https:\\\/\\\/www.ddentaloffice.com\\\/fr\\\/chirurgie-dentaire\\\/\",\"name\":\"Chirurgie Dentaire - Cabinet Dentaire D\",\"isPartOf\":{\"@id\":\"https:\\\/\\\/www.ddentaloffice.com\\\/fr\\\/#website\"},\"primaryImageOfPage\":{\"@id\":\"https:\\\/\\\/www.ddentaloffice.com\\\/fr\\\/chirurgie-dentaire\\\/#primaryimage\"},\"image\":{\"@id\":\"https:\\\/\\\/www.ddentaloffice.com\\\/fr\\\/chirurgie-dentaire\\\/#primaryimage\"},\"thumbnailUrl\":\"https:\\\/\\\/www.ddentaloffice.com\\\/wp-content\\\/uploads\\\/2022\\\/07\\\/Dental-Surgery.jpg\",\"datePublished\":\"2022-06-04T15:04:23+00:00\",\"dateModified\":\"2023-11-07T18:54:01+00:00\",\"breadcrumb\":{\"@id\":\"https:\\\/\\\/www.ddentaloffice.com\\\/fr\\\/chirurgie-dentaire\\\/#breadcrumb\"},\"inLanguage\":\"fr-FR\",\"potentialAction\":[{\"@type\":\"ReadAction\",\"target\":[\"https:\\\/\\\/www.ddentaloffice.com\\\/fr\\\/chirurgie-dentaire\\\/\"]}]},{\"@type\":\"ImageObject\",\"inLanguage\":\"fr-FR\",\"@id\":\"https:\\\/\\\/www.ddentaloffice.com\\\/fr\\\/chirurgie-dentaire\\\/#primaryimage\",\"url\":\"https:\\\/\\\/www.ddentaloffice.com\\\/wp-content\\\/uploads\\\/2022\\\/07\\\/Dental-Surgery.jpg\",\"contentUrl\":\"https:\\\/\\\/www.ddentaloffice.com\\\/wp-content\\\/uploads\\\/2022\\\/07\\\/Dental-Surgery.jpg\"},{\"@type\":\"BreadcrumbList\",\"@id\":\"https:\\\/\\\/www.ddentaloffice.com\\\/fr\\\/chirurgie-dentaire\\\/#breadcrumb\",\"itemListElement\":[{\"@type\":\"ListItem\",\"position\":1,\"name\":\"Home\",\"item\":\"https:\\\/\\\/www.ddentaloffice.com\\\/fr\\\/\"},{\"@type\":\"ListItem\",\"position\":2,\"name\":\"Chirurgie Dentaire\"}]},{\"@type\":\"WebSite\",\"@id\":\"https:\\\/\\\/www.ddentaloffice.com\\\/fr\\\/#website\",\"url\":\"https:\\\/\\\/www.ddentaloffice.com\\\/fr\\\/\",\"name\":\"D Dental Office\",\"description\":\"Comprehensive, Patient-centred and State-of-the-Art Dental Care\",\"publisher\":{\"@id\":\"https:\\\/\\\/www.ddentaloffice.com\\\/fr\\\/#organization\"},\"potentialAction\":[{\"@type\":\"SearchAction\",\"target\":{\"@type\":\"EntryPoint\",\"urlTemplate\":\"https:\\\/\\\/www.ddentaloffice.com\\\/fr\\\/?s={search_term_string}\"},\"query-input\":{\"@type\":\"PropertyValueSpecification\",\"valueRequired\":true,\"valueName\":\"search_term_string\"}}],\"inLanguage\":\"fr-FR\"},{\"@type\":\"Organization\",\"@id\":\"https:\\\/\\\/www.ddentaloffice.com\\\/fr\\\/#organization\",\"name\":\"D Dental Office\",\"url\":\"https:\\\/\\\/www.ddentaloffice.com\\\/fr\\\/\",\"logo\":{\"@type\":\"ImageObject\",\"inLanguage\":\"fr-FR\",\"@id\":\"https:\\\/\\\/www.ddentaloffice.com\\\/fr\\\/#\\\/schema\\\/logo\\\/image\\\/\",\"url\":\"https:\\\/\\\/www.ddentaloffice.com\\\/wp-content\\\/uploads\\\/2022\\\/03\\\/cropped-D-Dental-Office-Logo-350x100px-1.png\",\"contentUrl\":\"https:\\\/\\\/www.ddentaloffice.com\\\/wp-content\\\/uploads\\\/2022\\\/03\\\/cropped-D-Dental-Office-Logo-350x100px-1.png\",\"width\":351,\"height\":144,\"caption\":\"D Dental Office\"},\"image\":{\"@id\":\"https:\\\/\\\/www.ddentaloffice.com\\\/fr\\\/#\\\/schema\\\/logo\\\/image\\\/\"},\"sameAs\":[\"https:\\\/\\\/www.facebook.com\\\/ddentalofficemtl\",\"https:\\\/\\\/www.instagram.com\\\/ddentaloffice\\\/\",\"https:\\\/\\\/g.page\\\/ddentaloffice-ddo\"]}]}<\/script>\n<!-- \/ Yoast SEO Premium plugin. -->","yoast_head_json":{"title":"Chirurgie Dentaire - Cabinet Dentaire D","robots":{"index":"index","follow":"follow","max-snippet":"max-snippet:-1","max-image-preview":"max-image-preview:large","max-video-preview":"max-video-preview:-1"},"canonical":"https:\/\/www.ddentaloffice.com\/fr\/chirurgie-dentaire\/","og_locale":"fr_FR","og_type":"article","og_title":"Chirurgie Dentaire","og_description":"Chirurgie Dentaire 20 ans d&rsquo;exp\u00e9rience en chirurgie dentaire au Cabinet Dentaire D de l&rsquo;Ouest de l&rsquo;\u00eele Nous proposons une grande gamme de services chirurgicaux, notamment des extractions chirurgicales, des greffes et d&rsquo;autres interventions buccales pour maintenir votre sant\u00e9 buccale ou la restaurer. Extraction dentaire Personne n&rsquo;aime perdre une dent, mais il existe de nombreux cas ... Lire la suite","og_url":"https:\/\/www.ddentaloffice.com\/fr\/chirurgie-dentaire\/","og_site_name":"D Dental Office","article_publisher":"https:\/\/www.facebook.com\/ddentalofficemtl","article_modified_time":"2023-11-07T18:54:01+00:00","og_image":[{"url":"https:\/\/www.ddentaloffice.com\/wp-content\/uploads\/2022\/07\/Dental-Surgery.jpg","type":"","width":"","height":""}],"twitter_card":"summary_large_image","twitter_misc":{"Dur\u00e9e de lecture estim\u00e9e":"4 minutes"},"schema":{"@context":"https:\/\/schema.org","@graph":[{"@type":"WebPage","@id":"https:\/\/www.ddentaloffice.com\/fr\/chirurgie-dentaire\/","url":"https:\/\/www.ddentaloffice.com\/fr\/chirurgie-dentaire\/","name":"Chirurgie Dentaire - Cabinet Dentaire D","isPartOf":{"@id":"https:\/\/www.ddentaloffice.com\/fr\/#website"},"primaryImageOfPage":{"@id":"https:\/\/www.ddentaloffice.com\/fr\/chirurgie-dentaire\/#primaryimage"},"image":{"@id":"https:\/\/www.ddentaloffice.com\/fr\/chirurgie-dentaire\/#primaryimage"},"thumbnailUrl":"https:\/\/www.ddentaloffice.com\/wp-content\/uploads\/2022\/07\/Dental-Surgery.jpg","datePublished":"2022-06-04T15:04:23+00:00","dateModified":"2023-11-07T18:54:01+00:00","breadcrumb":{"@id":"https:\/\/www.ddentaloffice.com\/fr\/chirurgie-dentaire\/#breadcrumb"},"inLanguage":"fr-FR","potentialAction":[{"@type":"ReadAction","target":["https:\/\/www.ddentaloffice.com\/fr\/chirurgie-dentaire\/"]}]},{"@type":"ImageObject","inLanguage":"fr-FR","@id":"https:\/\/www.ddentaloffice.com\/fr\/chirurgie-dentaire\/#primaryimage","url":"https:\/\/www.ddentaloffice.com\/wp-content\/uploads\/2022\/07\/Dental-Surgery.jpg","contentUrl":"https:\/\/www.ddentaloffice.com\/wp-content\/uploads\/2022\/07\/Dental-Surgery.jpg"},{"@type":"BreadcrumbList","@id":"https:\/\/www.ddentaloffice.com\/fr\/chirurgie-dentaire\/#breadcrumb","itemListElement":[{"@type":"ListItem","position":1,"name":"Home","item":"https:\/\/www.ddentaloffice.com\/fr\/"},{"@type":"ListItem","position":2,"name":"Chirurgie Dentaire"}]},{"@type":"WebSite","@id":"https:\/\/www.ddentaloffice.com\/fr\/#website","url":"https:\/\/www.ddentaloffice.com\/fr\/","name":"D Dental Office","description":"Comprehensive, Patient-centred and State-of-the-Art Dental Care","publisher":{"@id":"https:\/\/www.ddentaloffice.com\/fr\/#organization"},"potentialAction":[{"@type":"SearchAction","target":{"@type":"EntryPoint","urlTemplate":"https:\/\/www.ddentaloffice.com\/fr\/?s={search_term_string}"},"query-input":{"@type":"PropertyValueSpecification","valueRequired":true,"valueName":"search_term_string"}}],"inLanguage":"fr-FR"},{"@type":"Organization","@id":"https:\/\/www.ddentaloffice.com\/fr\/#organization","name":"D Dental Office","url":"https:\/\/www.ddentaloffice.com\/fr\/","logo":{"@type":"ImageObject","inLanguage":"fr-FR","@id":"https:\/\/www.ddentaloffice.com\/fr\/#\/schema\/logo\/image\/","url":"https:\/\/www.ddentaloffice.com\/wp-content\/uploads\/2022\/03\/cropped-D-Dental-Office-Logo-350x100px-1.png","contentUrl":"https:\/\/www.ddentaloffice.com\/wp-content\/uploads\/2022\/03\/cropped-D-Dental-Office-Logo-350x100px-1.png","width":351,"height":144,"caption":"D Dental Office"},"image":{"@id":"https:\/\/www.ddentaloffice.com\/fr\/#\/schema\/logo\/image\/"},"sameAs":["https:\/\/www.facebook.com\/ddentalofficemtl","https:\/\/www.instagram.com\/ddentaloffice\/","https:\/\/g.page\/ddentaloffice-ddo"]}]}},"_links":{"self":[{"href":"https:\/\/www.ddentaloffice.com\/fr\/wp-json\/wp\/v2\/pages\/2605","targetHints":{"allow":["GET"]}}],"collection":[{"href":"https:\/\/www.ddentaloffice.com\/fr\/wp-json\/wp\/v2\/pages"}],"about":[{"href":"https:\/\/www.ddentaloffice.com\/fr\/wp-json\/wp\/v2\/types\/page"}],"author":[{"embeddable":true,"href":"https:\/\/www.ddentaloffice.com\/fr\/wp-json\/wp\/v2\/users\/3"}],"replies":[{"embeddable":true,"href":"https:\/\/www.ddentaloffice.com\/fr\/wp-json\/wp\/v2\/comments?post=2605"}],"version-history":[{"count":14,"href":"https:\/\/www.ddentaloffice.com\/fr\/wp-json\/wp\/v2\/pages\/2605\/revisions"}],"predecessor-version":[{"id":4532,"href":"https:\/\/www.ddentaloffice.com\/fr\/wp-json\/wp\/v2\/pages\/2605\/revisions\/4532"}],"wp:attachment":[{"href":"https:\/\/www.ddentaloffice.com\/fr\/wp-json\/wp\/v2\/media?parent=2605"}],"curies":[{"name":"wp","href":"https:\/\/api.w.org\/{rel}","templated":true}]}}