{"id":2609,"date":"2022-05-21T08:45:36","date_gmt":"2022-05-21T08:45:36","guid":{"rendered":"https:\/\/www.ddentaloffice.com\/implants\/"},"modified":"2023-11-07T18:57:49","modified_gmt":"2023-11-07T18:57:49","slug":"implants","status":"publish","type":"page","link":"https:\/\/www.ddentaloffice.com\/fr\/implants\/","title":{"rendered":"Implants"},"content":{"rendered":"\t\t<div data-elementor-type=\"wp-page\" data-elementor-id=\"2609\" class=\"elementor elementor-2609 elementor-837\" data-elementor-post-type=\"page\">\n\t\t\t\t<div class=\"elementor-element elementor-element-c5eeb6f e-con-full e-flex e-con e-parent\" data-id=\"c5eeb6f\" data-element_type=\"container\" data-e-type=\"container\" data-settings=\"{&quot;background_background&quot;:&quot;classic&quot;}\">\n\t\t<div class=\"elementor-element elementor-element-12730f7 e-con-full e-flex e-con e-child\" data-id=\"12730f7\" data-element_type=\"container\" data-e-type=\"container\" data-settings=\"{&quot;background_background&quot;:&quot;classic&quot;}\">\n\t\t<div class=\"elementor-element elementor-element-5e2f791 e-flex e-con-boxed e-con e-child\" data-id=\"5e2f791\" data-element_type=\"container\" data-e-type=\"container\">\n\t\t\t\t\t<div class=\"e-con-inner\">\n\t\t<div class=\"elementor-element elementor-element-94355fb e-con-full e-flex e-con e-child\" data-id=\"94355fb\" data-element_type=\"container\" data-e-type=\"container\">\n\t\t\t\t<div class=\"elementor-element elementor-element-dccaee2 elementor-widget elementor-widget-heading\" data-id=\"dccaee2\" data-element_type=\"widget\" data-e-type=\"widget\" data-widget_type=\"heading.default\">\n\t\t\t\t<div class=\"elementor-widget-container\">\n\t\t\t\t\t<h2 class=\"elementor-heading-title elementor-size-default\">Implants dentaires<\/h2>\t\t\t\t<\/div>\n\t\t\t\t<\/div>\n\t\t\t\t<div class=\"elementor-element elementor-element-d1b15f3 elementor-widget elementor-widget-heading\" data-id=\"d1b15f3\" data-element_type=\"widget\" data-e-type=\"widget\" data-widget_type=\"heading.default\">\n\t\t\t\t<div class=\"elementor-widget-container\">\n\t\t\t\t\t<h4 class=\"elementor-heading-title elementor-size-default\">au cabinet dentaire D dans l'ouest de l'\u00eele<\/h4>\t\t\t\t<\/div>\n\t\t\t\t<\/div>\n\t\t\t\t<div class=\"elementor-element elementor-element-44eb9e9 elementor-widget elementor-widget-heading\" data-id=\"44eb9e9\" data-element_type=\"widget\" data-e-type=\"widget\" data-widget_type=\"heading.default\">\n\t\t\t\t<div class=\"elementor-widget-container\">\n\t\t\t\t\t<h4 class=\"elementor-heading-title elementor-size-default\">Remplacez les dents endommag\u00e9es ou manquantes avec notre traitement de restauration \net retrouvez votre beau sourire.<\/h4>\t\t\t\t<\/div>\n\t\t\t\t<\/div>\n\t\t\t\t<\/div>\n\t\t\t\t\t<\/div>\n\t\t\t\t<\/div>\n\t\t\t\t<\/div>\n\t\t\t\t<\/div>\n\t\t<div class=\"elementor-element elementor-element-2ff5cda e-con-full e-flex e-con e-parent\" data-id=\"2ff5cda\" data-element_type=\"container\" data-e-type=\"container\">\n\t\t\t\t<div class=\"elementor-element elementor-element-e9e1f6f elementor-widget elementor-widget-image\" data-id=\"e9e1f6f\" data-element_type=\"widget\" data-e-type=\"widget\" data-widget_type=\"image.default\">\n\t\t\t\t<div class=\"elementor-widget-container\">\n\t\t\t\t\t\t\t\t\t\t\t\t\t\t\t<img fetchpriority=\"high\" decoding=\"async\" width=\"1920\" height=\"696\" src=\"https:\/\/www.ddentaloffice.com\/wp-content\/uploads\/2022\/06\/Implants.png\" class=\"attachment-full size-full wp-image-1755\" alt=\"\" srcset=\"https:\/\/www.ddentaloffice.com\/wp-content\/uploads\/2022\/06\/Implants.png 1920w, https:\/\/www.ddentaloffice.com\/wp-content\/uploads\/2022\/06\/Implants-300x109.png 300w, https:\/\/www.ddentaloffice.com\/wp-content\/uploads\/2022\/06\/Implants-1024x371.png 1024w, https:\/\/www.ddentaloffice.com\/wp-content\/uploads\/2022\/06\/Implants-768x278.png 768w, https:\/\/www.ddentaloffice.com\/wp-content\/uploads\/2022\/06\/Implants-1536x557.png 1536w\" sizes=\"(max-width: 1920px) 100vw, 1920px\" \/>\t\t\t\t\t\t\t\t\t\t\t\t\t\t\t<\/div>\n\t\t\t\t<\/div>\n\t\t\t\t<\/div>\n\t\t<div class=\"elementor-element elementor-element-ace4c8e e-con-full e-flex e-con e-parent\" data-id=\"ace4c8e\" data-element_type=\"container\" data-e-type=\"container\">\n\t\t<div class=\"elementor-element elementor-element-8300d23 e-flex e-con-boxed e-con e-child\" data-id=\"8300d23\" data-element_type=\"container\" data-e-type=\"container\">\n\t\t\t\t\t<div class=\"e-con-inner\">\n\t\t<div class=\"elementor-element elementor-element-5a2d90e e-con-full e-flex e-con e-child\" data-id=\"5a2d90e\" data-element_type=\"container\" data-e-type=\"container\">\n\t\t\t\t<div class=\"elementor-element elementor-element-334f61d elementor-widget elementor-widget-text-editor\" data-id=\"334f61d\" data-element_type=\"widget\" data-e-type=\"widget\" data-widget_type=\"text-editor.default\">\n\t\t\t\t<div class=\"elementor-widget-container\">\n\t\t\t\t\t\t\t\t\t<h5>Consultation : 40 min<\/h5>\n\t\t\t\t\t\t\t\t<\/div>\n\t\t\t\t<\/div>\n\t\t\t\t<div class=\"elementor-element elementor-element-da095b6 elementor-widget elementor-widget-text-editor\" data-id=\"da095b6\" data-element_type=\"widget\" data-e-type=\"widget\" data-widget_type=\"text-editor.default\">\n\t\t\t\t<div class=\"elementor-widget-container\">\n\t\t\t\t\t\t\t\t\t<p>Le Dr El-Samra pose des implants Bicon depuis 2003 Il utilise le syst\u00e8me d&rsquo;implants Bicon, un syst\u00e8me qui se distingue des autres de plusieurs fa\u00e7ons. Le design de ces implants nous permet de les poser dans des r\u00e9gions plus restreintes o\u00f9 l\u2019os ne le permet pas pour d\u2019autres syst\u00e8mes. En fait, les implants courts de Bicon permettent d\u2019\u00e9viter des greffes osseuses dans des cas o\u00f9 ils seraient n\u00e9cessaires pour d\u2019autres syst\u00e8mes.<\/p>\n<p>De plus, la connexion entre l\u2019implant et la couronne Bicon rend la proc\u00e9dure de prise d\u2019empreinte et de mise-en-bouche tellement simple que les r\u00e9sultats sont d\u2019autant plus pr\u00e9visibles, esth\u00e9tiques et durables \u00e0 long terme. Le design Bicon rend la proc\u00e9dure agr\u00e9able pour l\u2019\u00e9quipe dentaire et l\u2019exp\u00e9rience et les r\u00e9sultats sont ravissants pour les patients.<\/p>\n<h5>Les avantages de l&rsquo;implant dentaire<\/h5>\n<p>L&rsquo;implant se rapproche le plus de la sensation d&rsquo;une dent naturelle que toutes les autres options de remplacement (ponts fixes et proth\u00e8ses amovibles). Les implants ont \u00e9norm\u00e9ment contribu\u00e9 \u00e0 am\u00e9liorer la qualit\u00e9 de vie, la confiance, le confort et la sant\u00e9 des patients qui ont perdu leurs dents.<\/p>\n<p>Un autre avantage important de l&rsquo;implant est qu&rsquo;il emp\u00eache la r\u00e9sorption de l&rsquo;os qui se produit naturellement apr\u00e8s l&rsquo;extraction d&rsquo;une dent. En effet, l&rsquo;os autour d&rsquo;une dent se r\u00e9sorbe naturellement apr\u00e8s son extraction. Cela entra\u00eene une d\u00e9t\u00e9rioration de l&rsquo;os de la zone et un recul (rel\u00e2chement) du tissu gingival autour des dents adjacentes. La pose d&rsquo;un implant emp\u00eache ce processus et pr\u00e9serve le tissu osseux et le niveau de la gencive.<\/p>\n<h5>Nous proposons plusieurs fa\u00e7ons de remplacer les dents par des implants. Cela d\u00e9pend du nombre de dents manquantes.<\/h5>\n<p><strong>Option 1<\/strong><\/p>\n<p>La couronne sur implant permet de remplacer une seule dent manquante. Dans ce cas, chaque dent manquante est remplac\u00e9e par un implant et sa propre couronne. Il s&rsquo;agit d&rsquo;une proc\u00e9dure simple, pr\u00e9visible et confortable qui n\u00e9cessite deux rendez-vous de trente minutes (en plus de la proc\u00e9dure de pose de l&rsquo;implant). Lors du premier rendez-vous, on d\u00e9couvre l\u2019implant et on prend un scan digital en 3 dimensions de la dentition. Nous pla\u00e7ons un pilier temporaire de gu\u00e9rison, qui, comme son nom l\u2019indique, permet \u00e0 la gencive de gu\u00e9rir ad\u00e9quatement. On envoie le scan digital au laboratoire pour fabriquer la couronne.<\/p>\n<p>Un mois plus tard, lorsque la couronne est pr\u00eate, le pilier de gu\u00e9rison est retir\u00e9, puis la couronne est soigneusement ajust\u00e9e et ins\u00e9r\u00e9e en place. Une telle restauration devrait durer toute une vie si l&rsquo;occlusion est \u00e9quilibr\u00e9e et si elle est bien entretenue au quotidien par une bonne hygi\u00e8ne dentaire, une alimentation ad\u00e9quate et un mode de vie sain sans tabac ni consommation excessive d&rsquo;alcool.<\/p>\n<p><strong>Option 2<\/strong><\/p>\n<p>Le pont sur implants remplace trois dents ou plus. Un pont, comme son nom l&rsquo;indique, est le lien entre deux ou plusieurs implants. On peut par exemple remplacer trois dents avec deux implants et un pont de trois unit\u00e9s; c\u2019est-\u00e0-dire un pilier sur chaque implant avec un pontique entre eux. Vous pouvez m\u00eame remplacer toutes les dents du haut ou du bas avec quatre implants et un pont de douze unit\u00e9s. Il s&rsquo;agit d&rsquo;une technique commun\u00e9ment appel\u00e9e All-On-Four, ou tout-sur-quatre.<\/p>\n<p><strong>Option 3<\/strong><\/p>\n<p>La proth\u00e8se sur implants permet de remplacer toutes les dents du haut ou toutes les dents du bas gr\u00e2ce \u00e0 2 ou 4 implants et une proth\u00e8se amovible. C\u2019est une option moins dispendieuse que le pont sur implant mais plus confortable qu\u2019une proth\u00e8se amovible sans implants. Supposons que votre proth\u00e8se vous d\u00e9range et que vous cherchez \u00e0 avoir une option solide et confortable, une proth\u00e8se sur implants pourrait \u00eatre la meilleure option pour vous. De plus, si vous avez une proth\u00e8se compl\u00e8te du haut, les implants vous permettront de d\u00e9couvrir compl\u00e8tement le palais, ce qui augmente le plaisir de go\u00fbter \u00e0 la nourriture tout en augmentant la stabilit\u00e9 et le confort de la proth\u00e8se.<\/p>\t\t\t\t\t\t\t\t<\/div>\n\t\t\t\t<\/div>\n\t\t\t\t<\/div>\n\t\t\t\t\t<\/div>\n\t\t\t\t<\/div>\n\t\t\t\t<\/div>\n\t\t<div class=\"elementor-element elementor-element-d15f30c e-con-full e-flex e-con e-parent\" data-id=\"d15f30c\" data-element_type=\"container\" data-e-type=\"container\" data-settings=\"{&quot;background_background&quot;:&quot;classic&quot;}\">\n\t\t<div class=\"elementor-element elementor-element-e5d1b28 e-flex e-con-boxed e-con e-child\" data-id=\"e5d1b28\" data-element_type=\"container\" data-e-type=\"container\">\n\t\t\t\t\t<div class=\"e-con-inner\">\n\t\t<div class=\"elementor-element elementor-element-739c28a e-con-full e-flex e-con e-child\" data-id=\"739c28a\" data-element_type=\"container\" data-e-type=\"container\" data-settings=\"{&quot;background_background&quot;:&quot;classic&quot;}\">\n\t\t<div class=\"elementor-element elementor-element-58b4e44 e-con-full e-flex e-con e-child\" data-id=\"58b4e44\" data-element_type=\"container\" data-e-type=\"container\">\n\t\t\t\t<div class=\"elementor-element elementor-element-7331a2e elementor-widget elementor-widget-heading\" data-id=\"7331a2e\" data-element_type=\"widget\" data-e-type=\"widget\" data-widget_type=\"heading.default\">\n\t\t\t\t<div class=\"elementor-widget-container\">\n\t\t\t\t\t<h4 class=\"elementor-heading-title elementor-size-default\">Remplacez vos dents manquantes \ngr\u00e2ce \u00e0 notre traitement implantaire.<\/h4>\t\t\t\t<\/div>\n\t\t\t\t<\/div>\n\t\t\t\t<div class=\"elementor-element elementor-element-e8f3fb0 elementor-widget elementor-widget-text-editor\" data-id=\"e8f3fb0\" data-element_type=\"widget\" data-e-type=\"widget\" data-widget_type=\"text-editor.default\">\n\t\t\t\t<div class=\"elementor-widget-container\">\n\t\t\t\t\t\t\t\t\t<p>R\u00e9servez votre consultation et d\u00e9couvrez l&rsquo;option de traitement restaurateur qui vous convient le mieux.<\/p>\n<p>Appelez-nous au (514) 900-3368<\/p>\t\t\t\t\t\t\t\t<\/div>\n\t\t\t\t<\/div>\n\t\t\t\t<\/div>\n\t\t<div class=\"elementor-element elementor-element-fe46988 e-con-full e-flex e-con e-child\" data-id=\"fe46988\" data-element_type=\"container\" data-e-type=\"container\">\n\t\t\t\t<div class=\"elementor-element elementor-element-ae959ed elementor-align-center elementor-widget elementor-widget-button\" data-id=\"ae959ed\" data-element_type=\"widget\" data-e-type=\"widget\" data-widget_type=\"button.default\">\n\t\t\t\t<div class=\"elementor-widget-container\">\n\t\t\t\t\t\t\t\t\t<div class=\"elementor-button-wrapper\">\n\t\t\t\t\t<a class=\"elementor-button elementor-button-link elementor-size-sm\" href=\"#elementor-action%3Aaction%3Dpopup%3Aopen%26settings%3DeyJpZCI6MjY3MCwidG9nZ2xlIjpmYWxzZX0%3D\">\n\t\t\t\t\t\t<span class=\"elementor-button-content-wrapper\">\n\t\t\t\t\t\t\t\t\t<span class=\"elementor-button-text\">R\u00e9servez maintenant<\/span>\n\t\t\t\t\t<\/span>\n\t\t\t\t\t<\/a>\n\t\t\t\t<\/div>\n\t\t\t\t\t\t\t\t<\/div>\n\t\t\t\t<\/div>\n\t\t\t\t<\/div>\n\t\t\t\t<\/div>\n\t\t\t\t\t<\/div>\n\t\t\t\t<\/div>\n\t\t\t\t<\/div>\n\t\t\t\t<\/div>\n\t\t","protected":false},"excerpt":{"rendered":"<p>Implants dentaires au cabinet dentaire D dans l&rsquo;ouest de l&rsquo;\u00eele Remplacez les dents endommag\u00e9es ou manquantes avec notre traitement de restauration et retrouvez votre beau sourire. Consultation : 40 min Le Dr El-Samra pose des implants Bicon depuis 2003 Il utilise le syst\u00e8me d&rsquo;implants Bicon, un syst\u00e8me qui se distingue des autres de plusieurs fa\u00e7ons. &#8230; <a title=\"Implants\" class=\"read-more\" href=\"https:\/\/www.ddentaloffice.com\/fr\/implants\/\" aria-label=\"Read more about Implants\">Lire la suite<\/a><\/p>\n","protected":false},"author":3,"featured_media":0,"parent":0,"menu_order":0,"comment_status":"closed","ping_status":"closed","template":"","meta":{"footnotes":""},"class_list":["post-2609","page","type-page","status-publish"],"yoast_head":"<!-- This site is optimized with the Yoast SEO Premium plugin v20.8 (Yoast SEO v27.4) - https:\/\/yoast.com\/product\/yoast-seo-premium-wordpress\/ -->\n<title>Implants - Cabinet Dentaire D<\/title>\n<meta name=\"robots\" content=\"index, follow, max-snippet:-1, max-image-preview:large, max-video-preview:-1\" \/>\n<link rel=\"canonical\" href=\"https:\/\/www.ddentaloffice.com\/fr\/implants\/\" \/>\n<meta property=\"og:locale\" content=\"fr_FR\" \/>\n<meta property=\"og:type\" content=\"article\" \/>\n<meta property=\"og:title\" content=\"Implants\" \/>\n<meta property=\"og:description\" content=\"Implants dentaires au cabinet dentaire D dans l&rsquo;ouest de l&rsquo;\u00eele Remplacez les dents endommag\u00e9es ou manquantes avec notre traitement de restauration et retrouvez votre beau sourire. Consultation : 40 min Le Dr El-Samra pose des implants Bicon depuis 2003 Il utilise le syst\u00e8me d&rsquo;implants Bicon, un syst\u00e8me qui se distingue des autres de plusieurs fa\u00e7ons. ... Lire la suite\" \/>\n<meta property=\"og:url\" content=\"https:\/\/www.ddentaloffice.com\/fr\/implants\/\" \/>\n<meta property=\"og:site_name\" content=\"D Dental Office\" \/>\n<meta property=\"article:publisher\" content=\"https:\/\/www.facebook.com\/ddentalofficemtl\" \/>\n<meta property=\"article:modified_time\" content=\"2023-11-07T18:57:49+00:00\" \/>\n<meta property=\"og:image\" content=\"https:\/\/www.ddentaloffice.com\/wp-content\/uploads\/2022\/06\/Implants.png\" \/>\n<meta name=\"twitter:card\" content=\"summary_large_image\" \/>\n<meta name=\"twitter:label1\" content=\"Dur\u00e9e de lecture estim\u00e9e\" \/>\n\t<meta name=\"twitter:data1\" content=\"4 minutes\" \/>\n<script type=\"application\/ld+json\" class=\"yoast-schema-graph\">{\"@context\":\"https:\\\/\\\/schema.org\",\"@graph\":[{\"@type\":\"WebPage\",\"@id\":\"https:\\\/\\\/www.ddentaloffice.com\\\/fr\\\/implants\\\/\",\"url\":\"https:\\\/\\\/www.ddentaloffice.com\\\/fr\\\/implants\\\/\",\"name\":\"Implants - Cabinet Dentaire D\",\"isPartOf\":{\"@id\":\"https:\\\/\\\/www.ddentaloffice.com\\\/fr\\\/#website\"},\"primaryImageOfPage\":{\"@id\":\"https:\\\/\\\/www.ddentaloffice.com\\\/fr\\\/implants\\\/#primaryimage\"},\"image\":{\"@id\":\"https:\\\/\\\/www.ddentaloffice.com\\\/fr\\\/implants\\\/#primaryimage\"},\"thumbnailUrl\":\"https:\\\/\\\/www.ddentaloffice.com\\\/wp-content\\\/uploads\\\/2022\\\/06\\\/Implants.png\",\"datePublished\":\"2022-05-21T08:45:36+00:00\",\"dateModified\":\"2023-11-07T18:57:49+00:00\",\"breadcrumb\":{\"@id\":\"https:\\\/\\\/www.ddentaloffice.com\\\/fr\\\/implants\\\/#breadcrumb\"},\"inLanguage\":\"fr-FR\",\"potentialAction\":[{\"@type\":\"ReadAction\",\"target\":[\"https:\\\/\\\/www.ddentaloffice.com\\\/fr\\\/implants\\\/\"]}]},{\"@type\":\"ImageObject\",\"inLanguage\":\"fr-FR\",\"@id\":\"https:\\\/\\\/www.ddentaloffice.com\\\/fr\\\/implants\\\/#primaryimage\",\"url\":\"https:\\\/\\\/www.ddentaloffice.com\\\/wp-content\\\/uploads\\\/2022\\\/06\\\/Implants.png\",\"contentUrl\":\"https:\\\/\\\/www.ddentaloffice.com\\\/wp-content\\\/uploads\\\/2022\\\/06\\\/Implants.png\"},{\"@type\":\"BreadcrumbList\",\"@id\":\"https:\\\/\\\/www.ddentaloffice.com\\\/fr\\\/implants\\\/#breadcrumb\",\"itemListElement\":[{\"@type\":\"ListItem\",\"position\":1,\"name\":\"Home\",\"item\":\"https:\\\/\\\/www.ddentaloffice.com\\\/fr\\\/\"},{\"@type\":\"ListItem\",\"position\":2,\"name\":\"Implants\"}]},{\"@type\":\"WebSite\",\"@id\":\"https:\\\/\\\/www.ddentaloffice.com\\\/fr\\\/#website\",\"url\":\"https:\\\/\\\/www.ddentaloffice.com\\\/fr\\\/\",\"name\":\"D Dental Office\",\"description\":\"Comprehensive, Patient-centred and State-of-the-Art Dental Care\",\"publisher\":{\"@id\":\"https:\\\/\\\/www.ddentaloffice.com\\\/fr\\\/#organization\"},\"potentialAction\":[{\"@type\":\"SearchAction\",\"target\":{\"@type\":\"EntryPoint\",\"urlTemplate\":\"https:\\\/\\\/www.ddentaloffice.com\\\/fr\\\/?s={search_term_string}\"},\"query-input\":{\"@type\":\"PropertyValueSpecification\",\"valueRequired\":true,\"valueName\":\"search_term_string\"}}],\"inLanguage\":\"fr-FR\"},{\"@type\":\"Organization\",\"@id\":\"https:\\\/\\\/www.ddentaloffice.com\\\/fr\\\/#organization\",\"name\":\"D Dental Office\",\"url\":\"https:\\\/\\\/www.ddentaloffice.com\\\/fr\\\/\",\"logo\":{\"@type\":\"ImageObject\",\"inLanguage\":\"fr-FR\",\"@id\":\"https:\\\/\\\/www.ddentaloffice.com\\\/fr\\\/#\\\/schema\\\/logo\\\/image\\\/\",\"url\":\"https:\\\/\\\/www.ddentaloffice.com\\\/wp-content\\\/uploads\\\/2022\\\/03\\\/cropped-D-Dental-Office-Logo-350x100px-1.png\",\"contentUrl\":\"https:\\\/\\\/www.ddentaloffice.com\\\/wp-content\\\/uploads\\\/2022\\\/03\\\/cropped-D-Dental-Office-Logo-350x100px-1.png\",\"width\":351,\"height\":144,\"caption\":\"D Dental Office\"},\"image\":{\"@id\":\"https:\\\/\\\/www.ddentaloffice.com\\\/fr\\\/#\\\/schema\\\/logo\\\/image\\\/\"},\"sameAs\":[\"https:\\\/\\\/www.facebook.com\\\/ddentalofficemtl\",\"https:\\\/\\\/www.instagram.com\\\/ddentaloffice\\\/\",\"https:\\\/\\\/g.page\\\/ddentaloffice-ddo\"]}]}<\/script>\n<!-- \/ Yoast SEO Premium plugin. -->","yoast_head_json":{"title":"Implants - Cabinet Dentaire D","robots":{"index":"index","follow":"follow","max-snippet":"max-snippet:-1","max-image-preview":"max-image-preview:large","max-video-preview":"max-video-preview:-1"},"canonical":"https:\/\/www.ddentaloffice.com\/fr\/implants\/","og_locale":"fr_FR","og_type":"article","og_title":"Implants","og_description":"Implants dentaires au cabinet dentaire D dans l&rsquo;ouest de l&rsquo;\u00eele Remplacez les dents endommag\u00e9es ou manquantes avec notre traitement de restauration et retrouvez votre beau sourire. Consultation : 40 min Le Dr El-Samra pose des implants Bicon depuis 2003 Il utilise le syst\u00e8me d&rsquo;implants Bicon, un syst\u00e8me qui se distingue des autres de plusieurs fa\u00e7ons. ... Lire la suite","og_url":"https:\/\/www.ddentaloffice.com\/fr\/implants\/","og_site_name":"D Dental Office","article_publisher":"https:\/\/www.facebook.com\/ddentalofficemtl","article_modified_time":"2023-11-07T18:57:49+00:00","og_image":[{"url":"https:\/\/www.ddentaloffice.com\/wp-content\/uploads\/2022\/06\/Implants.png","type":"","width":"","height":""}],"twitter_card":"summary_large_image","twitter_misc":{"Dur\u00e9e de lecture estim\u00e9e":"4 minutes"},"schema":{"@context":"https:\/\/schema.org","@graph":[{"@type":"WebPage","@id":"https:\/\/www.ddentaloffice.com\/fr\/implants\/","url":"https:\/\/www.ddentaloffice.com\/fr\/implants\/","name":"Implants - Cabinet Dentaire D","isPartOf":{"@id":"https:\/\/www.ddentaloffice.com\/fr\/#website"},"primaryImageOfPage":{"@id":"https:\/\/www.ddentaloffice.com\/fr\/implants\/#primaryimage"},"image":{"@id":"https:\/\/www.ddentaloffice.com\/fr\/implants\/#primaryimage"},"thumbnailUrl":"https:\/\/www.ddentaloffice.com\/wp-content\/uploads\/2022\/06\/Implants.png","datePublished":"2022-05-21T08:45:36+00:00","dateModified":"2023-11-07T18:57:49+00:00","breadcrumb":{"@id":"https:\/\/www.ddentaloffice.com\/fr\/implants\/#breadcrumb"},"inLanguage":"fr-FR","potentialAction":[{"@type":"ReadAction","target":["https:\/\/www.ddentaloffice.com\/fr\/implants\/"]}]},{"@type":"ImageObject","inLanguage":"fr-FR","@id":"https:\/\/www.ddentaloffice.com\/fr\/implants\/#primaryimage","url":"https:\/\/www.ddentaloffice.com\/wp-content\/uploads\/2022\/06\/Implants.png","contentUrl":"https:\/\/www.ddentaloffice.com\/wp-content\/uploads\/2022\/06\/Implants.png"},{"@type":"BreadcrumbList","@id":"https:\/\/www.ddentaloffice.com\/fr\/implants\/#breadcrumb","itemListElement":[{"@type":"ListItem","position":1,"name":"Home","item":"https:\/\/www.ddentaloffice.com\/fr\/"},{"@type":"ListItem","position":2,"name":"Implants"}]},{"@type":"WebSite","@id":"https:\/\/www.ddentaloffice.com\/fr\/#website","url":"https:\/\/www.ddentaloffice.com\/fr\/","name":"D Dental Office","description":"Comprehensive, Patient-centred and State-of-the-Art Dental Care","publisher":{"@id":"https:\/\/www.ddentaloffice.com\/fr\/#organization"},"potentialAction":[{"@type":"SearchAction","target":{"@type":"EntryPoint","urlTemplate":"https:\/\/www.ddentaloffice.com\/fr\/?s={search_term_string}"},"query-input":{"@type":"PropertyValueSpecification","valueRequired":true,"valueName":"search_term_string"}}],"inLanguage":"fr-FR"},{"@type":"Organization","@id":"https:\/\/www.ddentaloffice.com\/fr\/#organization","name":"D Dental Office","url":"https:\/\/www.ddentaloffice.com\/fr\/","logo":{"@type":"ImageObject","inLanguage":"fr-FR","@id":"https:\/\/www.ddentaloffice.com\/fr\/#\/schema\/logo\/image\/","url":"https:\/\/www.ddentaloffice.com\/wp-content\/uploads\/2022\/03\/cropped-D-Dental-Office-Logo-350x100px-1.png","contentUrl":"https:\/\/www.ddentaloffice.com\/wp-content\/uploads\/2022\/03\/cropped-D-Dental-Office-Logo-350x100px-1.png","width":351,"height":144,"caption":"D Dental Office"},"image":{"@id":"https:\/\/www.ddentaloffice.com\/fr\/#\/schema\/logo\/image\/"},"sameAs":["https:\/\/www.facebook.com\/ddentalofficemtl","https:\/\/www.instagram.com\/ddentaloffice\/","https:\/\/g.page\/ddentaloffice-ddo"]}]}},"_links":{"self":[{"href":"https:\/\/www.ddentaloffice.com\/fr\/wp-json\/wp\/v2\/pages\/2609","targetHints":{"allow":["GET"]}}],"collection":[{"href":"https:\/\/www.ddentaloffice.com\/fr\/wp-json\/wp\/v2\/pages"}],"about":[{"href":"https:\/\/www.ddentaloffice.com\/fr\/wp-json\/wp\/v2\/types\/page"}],"author":[{"embeddable":true,"href":"https:\/\/www.ddentaloffice.com\/fr\/wp-json\/wp\/v2\/users\/3"}],"replies":[{"embeddable":true,"href":"https:\/\/www.ddentaloffice.com\/fr\/wp-json\/wp\/v2\/comments?post=2609"}],"version-history":[{"count":5,"href":"https:\/\/www.ddentaloffice.com\/fr\/wp-json\/wp\/v2\/pages\/2609\/revisions"}],"predecessor-version":[{"id":4539,"href":"https:\/\/www.ddentaloffice.com\/fr\/wp-json\/wp\/v2\/pages\/2609\/revisions\/4539"}],"wp:attachment":[{"href":"https:\/\/www.ddentaloffice.com\/fr\/wp-json\/wp\/v2\/media?parent=2609"}],"curies":[{"name":"wp","href":"https:\/\/api.w.org\/{rel}","templated":true}]}}