{"id":2615,"date":"2022-04-30T12:50:21","date_gmt":"2022-04-30T12:50:21","guid":{"rendered":"https:\/\/www.ddentaloffice.com\/politiques-de-la-clinique\/"},"modified":"2022-08-26T13:33:00","modified_gmt":"2022-08-26T13:33:00","slug":"politiques-de-la-clinique","status":"publish","type":"page","link":"https:\/\/www.ddentaloffice.com\/fr\/politiques-de-la-clinique\/","title":{"rendered":"Politiques de la clinique"},"content":{"rendered":"\t\t<div data-elementor-type=\"wp-page\" data-elementor-id=\"2615\" class=\"elementor elementor-2615 elementor-623\" data-elementor-post-type=\"page\">\n\t\t\t\t<div class=\"elementor-element elementor-element-55927fb e-con-full e-flex e-con e-parent\" data-id=\"55927fb\" data-element_type=\"container\" data-e-type=\"container\" data-settings=\"{&quot;background_background&quot;:&quot;classic&quot;}\">\n\t\t<div class=\"elementor-element elementor-element-8c9f4c4 e-con-full e-flex e-con e-parent\" data-id=\"8c9f4c4\" data-element_type=\"container\" data-e-type=\"container\">\n\t\t<div class=\"elementor-element elementor-element-09f213a e-flex e-con-boxed e-con e-parent\" data-id=\"09f213a\" data-element_type=\"container\" data-e-type=\"container\">\n\t\t\t\t\t<div class=\"e-con-inner\">\n\t\t<div class=\"elementor-element elementor-element-6f8f07d e-con-full e-flex e-con e-parent\" data-id=\"6f8f07d\" data-element_type=\"container\" data-e-type=\"container\">\n\t\t\t\t<div class=\"elementor-element elementor-element-a423858 elementor-widget elementor-widget-heading\" data-id=\"a423858\" data-element_type=\"widget\" data-e-type=\"widget\" data-widget_type=\"heading.default\">\n\t\t\t\t<div class=\"elementor-widget-container\">\n\t\t\t\t\t<h2 class=\"elementor-heading-title elementor-size-default\">Politiques de la clinique<\/h2>\t\t\t\t<\/div>\n\t\t\t\t<\/div>\n\t\t\t\t<div class=\"elementor-element elementor-element-bcee39c elementor-widget elementor-widget-heading\" data-id=\"bcee39c\" data-element_type=\"widget\" data-e-type=\"widget\" data-widget_type=\"heading.default\">\n\t\t\t\t<div class=\"elementor-widget-container\">\n\t\t\t\t\t<h3 class=\"elementor-heading-title elementor-size-default\">que nous suivons au Cabinet Dentaire D \u00e0 Dollard-des-Ormeaux<\/h3>\t\t\t\t<\/div>\n\t\t\t\t<\/div>\n\t\t\t\t<div class=\"elementor-element elementor-element-ca0ce90 elementor-widget elementor-widget-heading\" data-id=\"ca0ce90\" data-element_type=\"widget\" data-e-type=\"widget\" data-widget_type=\"heading.default\">\n\t\t\t\t<div class=\"elementor-widget-container\">\n\t\t\t\t\t<h4 class=\"elementor-heading-title elementor-size-default\">Proc\u00e9dures et politiques qui nous aident \u00e0 fournir \u00e0 \nchaque patient des soins dentaires exceptionnels. <\/h4>\t\t\t\t<\/div>\n\t\t\t\t<\/div>\n\t\t\t\t<div class=\"elementor-element elementor-element-2f44e77 elementor-widget elementor-widget-menu-anchor\" data-id=\"2f44e77\" data-element_type=\"widget\" data-e-type=\"widget\" data-widget_type=\"menu-anchor.default\">\n\t\t\t\t<div class=\"elementor-widget-container\">\n\t\t\t\t\t\t\t<div class=\"elementor-menu-anchor\" id=\"coordination-assurances\"><\/div>\n\t\t\t\t\t\t<\/div>\n\t\t\t\t<\/div>\n\t\t\t\t<\/div>\n\t\t\t\t\t<\/div>\n\t\t\t\t<\/div>\n\t\t\t\t<\/div>\n\t\t<div class=\"elementor-element elementor-element-d4fdcd8 e-con-full e-flex e-con e-parent\" data-id=\"d4fdcd8\" data-element_type=\"container\" data-e-type=\"container\">\n\t\t<div class=\"elementor-element elementor-element-2050629 e-flex e-con-boxed e-con e-parent\" data-id=\"2050629\" data-element_type=\"container\" data-e-type=\"container\">\n\t\t\t\t\t<div class=\"e-con-inner\">\n\t\t<div class=\"elementor-element elementor-element-a80dd2b e-flex e-con-boxed e-con e-parent\" data-id=\"a80dd2b\" data-element_type=\"container\" data-e-type=\"container\">\n\t\t\t\t\t<div class=\"e-con-inner\">\n\t\t\t\t<div class=\"elementor-element elementor-element-686b56c elementor-widget elementor-widget-heading\" data-id=\"686b56c\" data-element_type=\"widget\" data-e-type=\"widget\" data-widget_type=\"heading.default\">\n\t\t\t\t<div class=\"elementor-widget-container\">\n\t\t\t\t\t<h3 class=\"elementor-heading-title elementor-size-default\">Traitement et coordination des assurances<\/h3>\t\t\t\t<\/div>\n\t\t\t\t<\/div>\n\t\t\t\t<div class=\"elementor-element elementor-element-8aeb5dc elementor-widget elementor-widget-text-editor\" data-id=\"8aeb5dc\" data-element_type=\"widget\" data-e-type=\"widget\" data-widget_type=\"text-editor.default\">\n\t\t\t\t<div class=\"elementor-widget-container\">\n\t\t\t\t\t\t\t\t\t<p>Nous aidons nos patients avec leurs r\u00e9clamations en envoyant tous les documents et preuves n\u00e9cessaires \u00e0 leur compagnie d&rsquo;assurance. Dans certains cas, nous soumettons \u00e9galement des demandes de pr\u00e9-approbation pour aider nos patients \u00e0 s&rsquo;assurer qu&rsquo;ils sont couverts pour leur prochain rendez-vous.<br><br>Les patients doivent toujours payer la totalit\u00e9 de la somme au moment o\u00f9 les services sont rendus. Ils seront rembours\u00e9s directement par la compagnie d&rsquo;assurance.<\/p><p>Notre soutien \u00e0 la coordination des assurances leur \u00e9pargnera l&rsquo;effort et le temps n\u00e9cessaires pour remplir leurs demandes de remboursement et faire des allers-retours jusqu&rsquo;\u00e0 ce qu&rsquo;ils soient rembours\u00e9s. <\/p>\t\t\t\t\t\t\t\t<\/div>\n\t\t\t\t<\/div>\n\t\t\t\t<div class=\"elementor-element elementor-element-e767d68 elementor-widget elementor-widget-heading\" data-id=\"e767d68\" data-element_type=\"widget\" data-e-type=\"widget\" data-widget_type=\"heading.default\">\n\t\t\t\t<div class=\"elementor-widget-container\">\n\t\t\t\t\t<h3 class=\"elementor-heading-title elementor-size-default\">Paiements RAMQ<\/h3>\t\t\t\t<\/div>\n\t\t\t\t<\/div>\n\t\t\t\t<div class=\"elementor-element elementor-element-a4fc2fc elementor-widget elementor-widget-text-editor\" data-id=\"a4fc2fc\" data-element_type=\"widget\" data-e-type=\"widget\" data-widget_type=\"text-editor.default\">\n\t\t\t\t<div class=\"elementor-widget-container\">\n\t\t\t\t\t\t\t\t\t<p>Nous n&rsquo;acceptons pas les paiements de la RAMQ.<\/p><p>La RAMQ ne paie que les obturations en amalgame pour les dents post\u00e9rieures, qui sont des obturations en m\u00e9tal contenant du mercure. Nous croyons que le mercure n&rsquo;a pas sa place dans notre corps. Nous savons que c&rsquo;est une mati\u00e8re toxique et nous ne connaissons pas ses effets \u00e0 long terme sur notre sant\u00e9. Nous restaurons les dents avec des mat\u00e9riaux d&rsquo;obturation blancs et des restaurations en porcelaine qui ne contiennent pas de mercure.<\/p>\t\t\t\t\t\t\t\t<\/div>\n\t\t\t\t<\/div>\n\t\t\t\t<div class=\"elementor-element elementor-element-260126b elementor-widget elementor-widget-menu-anchor\" data-id=\"260126b\" data-element_type=\"widget\" data-e-type=\"widget\" data-widget_type=\"menu-anchor.default\">\n\t\t\t\t<div class=\"elementor-widget-container\">\n\t\t\t\t\t\t\t<div class=\"elementor-menu-anchor\" id=\"annulation-rendez-vous\"><\/div>\n\t\t\t\t\t\t<\/div>\n\t\t\t\t<\/div>\n\t\t\t\t<div class=\"elementor-element elementor-element-dfa9ff5 elementor-widget elementor-widget-heading\" data-id=\"dfa9ff5\" data-element_type=\"widget\" data-e-type=\"widget\" data-widget_type=\"heading.default\">\n\t\t\t\t<div class=\"elementor-widget-container\">\n\t\t\t\t\t<h3 class=\"elementor-heading-title elementor-size-default\">Annulation de rendez-vous<\/h3>\t\t\t\t<\/div>\n\t\t\t\t<\/div>\n\t\t\t\t<div class=\"elementor-element elementor-element-a0c0123 elementor-widget elementor-widget-text-editor\" data-id=\"a0c0123\" data-element_type=\"widget\" data-e-type=\"widget\" data-widget_type=\"text-editor.default\">\n\t\t\t\t<div class=\"elementor-widget-container\">\n\t\t\t\t\t\t\t\t\t<p>Nous nous effor\u00e7ons de rendre d&rsquo;excellents soins dentaires \u00e0 vous et au reste de nos patients. \u00c0 cette fin, nous avons une politique d&rsquo;annulation des rendez-vous qui nous permet <span style=\"font-weight: 400;\">de bien servir&nbsp; tous les<\/span> <span style=\"font-weight: 400;\">patients<\/span>. Lorsqu&rsquo;un rendez-vous est fix\u00e9, ce temps a \u00e9t\u00e9 r\u00e9serv\u00e9 pour vous et lorsqu&rsquo;il est manqu\u00e9, ce temps ne peut \u00eatre utilis\u00e9 pour traiter un autre patient.<\/p>\n<p>Nous vous demandons de pr\u00e9venir notre cabinet 48 heures \u00e0 l&rsquo;avance si vous devez reporter votre rendez-vous. <span style=\"font-weight: 400;\">Cela nous permet alors de traiter<\/span> <span style=\"font-weight: 400;\">un autre patient <\/span><span style=\"font-weight: 400;\">qui en a besoin. <\/span>Si vous manquez un rendez-vous sans contacter notre bureau dans le d\u00e9lai requis, cela est consid\u00e9r\u00e9 comme un rendez-vous manqu\u00e9.<\/p>\n<p>Des frais de 50 $ vous seront factur\u00e9s; ces frais ne peuvent pas \u00eatre factur\u00e9s \u00e0 votre compagnie d&rsquo;assurance et seront votre responsabilit\u00e9 directe. Aucun rendez-vous ult\u00e9rieur ne pourra \u00eatre fix\u00e9 et aucun dossier ne pourra \u00eatre transf\u00e9r\u00e9 sans le paiement de ces frais. En outre, si un patient a plus de 20 minutes de retard sans pr\u00e9avis pour un rendez-vous pr\u00e9vu, nous consid\u00e9rerons qu&rsquo;il s&rsquo;agit d&rsquo;un rendez-vous manqu\u00e9 et les frais d&rsquo;annulation de 50 $ seront factur\u00e9s.&nbsp;<\/p>\t\t\t\t\t\t\t\t<\/div>\n\t\t\t\t<\/div>\n\t\t\t\t<div class=\"elementor-element elementor-element-91a9b29 elementor-widget elementor-widget-menu-anchor\" data-id=\"91a9b29\" data-element_type=\"widget\" data-e-type=\"widget\" data-widget_type=\"menu-anchor.default\">\n\t\t\t\t<div class=\"elementor-widget-container\">\n\t\t\t\t\t\t\t<div class=\"elementor-menu-anchor\" id=\"solutions-de-financement\"><\/div>\n\t\t\t\t\t\t<\/div>\n\t\t\t\t<\/div>\n\t\t\t\t<div class=\"elementor-element elementor-element-f275d57 elementor-widget elementor-widget-heading\" data-id=\"f275d57\" data-element_type=\"widget\" data-e-type=\"widget\" data-widget_type=\"heading.default\">\n\t\t\t\t<div class=\"elementor-widget-container\">\n\t\t\t\t\t<h3 class=\"elementor-heading-title elementor-size-default\">Plans de financement<\/h3>\t\t\t\t<\/div>\n\t\t\t\t<\/div>\n\t\t\t\t<div class=\"elementor-element elementor-element-040d842 elementor-widget elementor-widget-text-editor\" data-id=\"040d842\" data-element_type=\"widget\" data-e-type=\"widget\" data-widget_type=\"text-editor.default\">\n\t\t\t\t<div class=\"elementor-widget-container\">\n\t\t\t\t\t\t\t\t\t<p><span style=\"font-weight: 400;\">Vous avez un budget serr\u00e9 ? Pas de probl\u00e8me ! Nous proposons des financements par le biais <a href=\"https:\/\/www.ifinancecanada.com\/\">iFinance<\/a> avec des <\/span><span style=\"font-weight: 400;\">taux d&rsquo;int\u00e9r\u00eat tr\u00e8s raisonnables.<\/span><\/p><p><span style=\"font-weight: 400;\">Ces programmes de pr\u00eats sant\u00e9 vous permettent de r\u00e9aliser votre traitement dentaire tout en le payant confortablement, selon votre budget.<\/span><\/p>\t\t\t\t\t\t\t\t<\/div>\n\t\t\t\t<\/div>\n\t\t\t\t<div class=\"elementor-element elementor-element-c1037b5 elementor-widget elementor-widget-menu-anchor\" data-id=\"c1037b5\" data-element_type=\"widget\" data-e-type=\"widget\" data-widget_type=\"menu-anchor.default\">\n\t\t\t\t<div class=\"elementor-widget-container\">\n\t\t\t\t\t\t\t<div class=\"elementor-menu-anchor\" id=\"modes-de-paiement\"><\/div>\n\t\t\t\t\t\t<\/div>\n\t\t\t\t<\/div>\n\t\t\t\t<div class=\"elementor-element elementor-element-f2640f4 elementor-widget elementor-widget-heading\" data-id=\"f2640f4\" data-element_type=\"widget\" data-e-type=\"widget\" data-widget_type=\"heading.default\">\n\t\t\t\t<div class=\"elementor-widget-container\">\n\t\t\t\t\t<h3 class=\"elementor-heading-title elementor-size-default\">Modes de paiement<\/h3>\t\t\t\t<\/div>\n\t\t\t\t<\/div>\n\t\t\t\t<div class=\"elementor-element elementor-element-e904b68 elementor-widget elementor-widget-text-editor\" data-id=\"e904b68\" data-element_type=\"widget\" data-e-type=\"widget\" data-widget_type=\"text-editor.default\">\n\t\t\t\t<div class=\"elementor-widget-container\">\n\t\t\t\t\t\t\t\t\t<p>Nous acceptons Interac, Visa, MasterCard et l&rsquo;argent comptant.<\/p><p><img decoding=\"async\" class=\"alignnone wp-image-626\" src=\"https:\/\/www.ddentaloffice.com\/wp-content\/uploads\/2022\/04\/Group-128.png\" alt=\"\" width=\"265\" height=\"29\" srcset=\"https:\/\/www.ddentaloffice.com\/wp-content\/uploads\/2022\/04\/Group-128.png 724w, https:\/\/www.ddentaloffice.com\/wp-content\/uploads\/2022\/04\/Group-128-300x32.png 300w\" sizes=\"(max-width: 265px) 100vw, 265px\" \/><\/p><p>Les ch\u00e8ques personnels ne sont pas accept\u00e9s, sauf s&rsquo;ils sont certifi\u00e9s.<\/p>\t\t\t\t\t\t\t\t<\/div>\n\t\t\t\t<\/div>\n\t\t\t\t<div class=\"elementor-element elementor-element-3a9618a elementor-widget elementor-widget-heading\" data-id=\"3a9618a\" data-element_type=\"widget\" data-e-type=\"widget\" data-widget_type=\"heading.default\">\n\t\t\t\t<div class=\"elementor-widget-container\">\n\t\t\t\t\t<h3 class=\"elementor-heading-title elementor-size-default\">Sant\u00e9 et s\u00e9curit\u00e9<\/h3>\t\t\t\t<\/div>\n\t\t\t\t<\/div>\n\t\t\t\t<div class=\"elementor-element elementor-element-cb113af elementor-widget elementor-widget-text-editor\" data-id=\"cb113af\" data-element_type=\"widget\" data-e-type=\"widget\" data-widget_type=\"text-editor.default\">\n\t\t\t\t<div class=\"elementor-widget-container\">\n\t\t\t\t\t\t\t\t\t<p>Le Cabinet Dentaire D s&rsquo;engage \u00e0 fournir et \u00e0 maintenir un environnement de travail sain et s\u00e9curitaire pour ses employ\u00e9s et ses patients. Le Cabinet Dentaire D veillera \u00e0 ce que les pratiques soient men\u00e9es conform\u00e9ment \u00e0 des normes de sant\u00e9 et de s\u00e9curit\u00e9 raisonnables afin de pr\u00e9venir ou de r\u00e9duire les accidents, les blessures ou les maladies.<\/p><p>Pour assurer la sant\u00e9 et la s\u00e9curit\u00e9 au travail, le Cabinet Dentaire D est guid\u00e9 par les principes suivants :<\/p><ul><li>Tous les employ\u00e9s ont le droit de travailler dans des environnements sains et s\u00e9curitaires.<\/li><li>Tous les employ\u00e9s sont responsables du maintien de tels environnements.<\/li><li>La coop\u00e9ration entre la direction et les employ\u00e9s est n\u00e9cessaire.<br>La pr\u00e9vention des accidents fait partie int\u00e9grante d&rsquo;un environnement de travail sain et s\u00fbr.<\/li><\/ul><p>Chaque employ\u00e9 doit prot\u00e9ger sa sant\u00e9 et sa s\u00e9curit\u00e9 en travaillant conform\u00e9ment \u00e0 la loi et aux pratiques et proc\u00e9dures de travail s\u00e9curitaires \u00e9tablies par le Cabinet Dentaire D et l&rsquo;Ordre des Dentistes du Qu\u00e9bec. Les employ\u00e9s recevront de l&rsquo;information, de la formation et une supervision comp\u00e9tente dans leurs t\u00e2ches de travail sp\u00e9cifiques afin de prot\u00e9ger leur sant\u00e9 et leur s\u00e9curit\u00e9 ainsi que celles de nos patients. Il est dans l&rsquo;int\u00e9r\u00eat de toutes les parties de tenir compte de la sant\u00e9 et de la s\u00e9curit\u00e9 dans chaque activit\u00e9.<br>L&rsquo;engagement envers la sant\u00e9 et la s\u00e9curit\u00e9 fait partie int\u00e9grante de cette clinique.<\/p>\t\t\t\t\t\t\t\t<\/div>\n\t\t\t\t<\/div>\n\t\t\t\t\t<\/div>\n\t\t\t\t<\/div>\n\t\t\t\t\t<\/div>\n\t\t\t\t<\/div>\n\t\t\t\t<\/div>\n\t\t\t\t<\/div>\n\t\t\t\t<\/div>\n\t\t","protected":false},"excerpt":{"rendered":"<p>Politiques de la clinique que nous suivons au Cabinet Dentaire D \u00e0 Dollard-des-Ormeaux Proc\u00e9dures et politiques qui nous aident \u00e0 fournir \u00e0 chaque patient des soins dentaires exceptionnels. Traitement et coordination des assurances Nous aidons nos patients avec leurs r\u00e9clamations en envoyant tous les documents et preuves n\u00e9cessaires \u00e0 leur compagnie d&rsquo;assurance. Dans certains cas, &#8230; <a title=\"Politiques de la clinique\" class=\"read-more\" href=\"https:\/\/www.ddentaloffice.com\/fr\/politiques-de-la-clinique\/\" aria-label=\"Read more about Politiques de la clinique\">Lire la suite<\/a><\/p>\n","protected":false},"author":3,"featured_media":0,"parent":0,"menu_order":0,"comment_status":"closed","ping_status":"closed","template":"","meta":{"footnotes":""},"class_list":["post-2615","page","type-page","status-publish"],"yoast_head":"<!-- This site is optimized with the Yoast SEO Premium plugin v20.8 (Yoast SEO v27.4) - https:\/\/yoast.com\/product\/yoast-seo-premium-wordpress\/ -->\n<title>Politiques de la clinique - Cabinet Dentaire D<\/title>\n<meta name=\"robots\" content=\"index, follow, max-snippet:-1, max-image-preview:large, max-video-preview:-1\" \/>\n<link rel=\"canonical\" href=\"https:\/\/www.ddentaloffice.com\/fr\/politiques-de-la-clinique\/\" \/>\n<meta property=\"og:locale\" content=\"fr_FR\" \/>\n<meta property=\"og:type\" content=\"article\" \/>\n<meta property=\"og:title\" content=\"Politiques de la clinique\" \/>\n<meta property=\"og:description\" content=\"Politiques de la clinique que nous suivons au Cabinet Dentaire D \u00e0 Dollard-des-Ormeaux Proc\u00e9dures et politiques qui nous aident \u00e0 fournir \u00e0 chaque patient des soins dentaires exceptionnels. Traitement et coordination des assurances Nous aidons nos patients avec leurs r\u00e9clamations en envoyant tous les documents et preuves n\u00e9cessaires \u00e0 leur compagnie d&rsquo;assurance. Dans certains cas, ... Lire la suite\" \/>\n<meta property=\"og:url\" content=\"https:\/\/www.ddentaloffice.com\/fr\/politiques-de-la-clinique\/\" \/>\n<meta property=\"og:site_name\" content=\"D Dental Office\" \/>\n<meta property=\"article:publisher\" content=\"https:\/\/www.facebook.com\/ddentalofficemtl\" \/>\n<meta property=\"article:modified_time\" content=\"2022-08-26T13:33:00+00:00\" \/>\n<meta property=\"og:image\" content=\"https:\/\/www.ddentaloffice.com\/wp-content\/uploads\/2022\/04\/Group-128.png\" \/>\n<meta name=\"twitter:card\" content=\"summary_large_image\" \/>\n<meta name=\"twitter:label1\" content=\"Dur\u00e9e de lecture estim\u00e9e\" \/>\n\t<meta name=\"twitter:data1\" content=\"4 minutes\" \/>\n<script type=\"application\/ld+json\" class=\"yoast-schema-graph\">{\"@context\":\"https:\\\/\\\/schema.org\",\"@graph\":[{\"@type\":\"WebPage\",\"@id\":\"https:\\\/\\\/www.ddentaloffice.com\\\/fr\\\/politiques-de-la-clinique\\\/\",\"url\":\"https:\\\/\\\/www.ddentaloffice.com\\\/fr\\\/politiques-de-la-clinique\\\/\",\"name\":\"Politiques de la clinique - Cabinet Dentaire D\",\"isPartOf\":{\"@id\":\"https:\\\/\\\/www.ddentaloffice.com\\\/fr\\\/#website\"},\"primaryImageOfPage\":{\"@id\":\"https:\\\/\\\/www.ddentaloffice.com\\\/fr\\\/politiques-de-la-clinique\\\/#primaryimage\"},\"image\":{\"@id\":\"https:\\\/\\\/www.ddentaloffice.com\\\/fr\\\/politiques-de-la-clinique\\\/#primaryimage\"},\"thumbnailUrl\":\"https:\\\/\\\/www.ddentaloffice.com\\\/wp-content\\\/uploads\\\/2022\\\/04\\\/Group-128.png\",\"datePublished\":\"2022-04-30T12:50:21+00:00\",\"dateModified\":\"2022-08-26T13:33:00+00:00\",\"breadcrumb\":{\"@id\":\"https:\\\/\\\/www.ddentaloffice.com\\\/fr\\\/politiques-de-la-clinique\\\/#breadcrumb\"},\"inLanguage\":\"fr-FR\",\"potentialAction\":[{\"@type\":\"ReadAction\",\"target\":[\"https:\\\/\\\/www.ddentaloffice.com\\\/fr\\\/politiques-de-la-clinique\\\/\"]}]},{\"@type\":\"ImageObject\",\"inLanguage\":\"fr-FR\",\"@id\":\"https:\\\/\\\/www.ddentaloffice.com\\\/fr\\\/politiques-de-la-clinique\\\/#primaryimage\",\"url\":\"https:\\\/\\\/www.ddentaloffice.com\\\/wp-content\\\/uploads\\\/2022\\\/04\\\/Group-128.png\",\"contentUrl\":\"https:\\\/\\\/www.ddentaloffice.com\\\/wp-content\\\/uploads\\\/2022\\\/04\\\/Group-128.png\"},{\"@type\":\"BreadcrumbList\",\"@id\":\"https:\\\/\\\/www.ddentaloffice.com\\\/fr\\\/politiques-de-la-clinique\\\/#breadcrumb\",\"itemListElement\":[{\"@type\":\"ListItem\",\"position\":1,\"name\":\"Home\",\"item\":\"https:\\\/\\\/www.ddentaloffice.com\\\/fr\\\/\"},{\"@type\":\"ListItem\",\"position\":2,\"name\":\"Politiques de la clinique\"}]},{\"@type\":\"WebSite\",\"@id\":\"https:\\\/\\\/www.ddentaloffice.com\\\/fr\\\/#website\",\"url\":\"https:\\\/\\\/www.ddentaloffice.com\\\/fr\\\/\",\"name\":\"D Dental Office\",\"description\":\"Comprehensive, Patient-centred and State-of-the-Art Dental Care\",\"publisher\":{\"@id\":\"https:\\\/\\\/www.ddentaloffice.com\\\/fr\\\/#organization\"},\"potentialAction\":[{\"@type\":\"SearchAction\",\"target\":{\"@type\":\"EntryPoint\",\"urlTemplate\":\"https:\\\/\\\/www.ddentaloffice.com\\\/fr\\\/?s={search_term_string}\"},\"query-input\":{\"@type\":\"PropertyValueSpecification\",\"valueRequired\":true,\"valueName\":\"search_term_string\"}}],\"inLanguage\":\"fr-FR\"},{\"@type\":\"Organization\",\"@id\":\"https:\\\/\\\/www.ddentaloffice.com\\\/fr\\\/#organization\",\"name\":\"D Dental Office\",\"url\":\"https:\\\/\\\/www.ddentaloffice.com\\\/fr\\\/\",\"logo\":{\"@type\":\"ImageObject\",\"inLanguage\":\"fr-FR\",\"@id\":\"https:\\\/\\\/www.ddentaloffice.com\\\/fr\\\/#\\\/schema\\\/logo\\\/image\\\/\",\"url\":\"https:\\\/\\\/www.ddentaloffice.com\\\/wp-content\\\/uploads\\\/2022\\\/03\\\/cropped-D-Dental-Office-Logo-350x100px-1.png\",\"contentUrl\":\"https:\\\/\\\/www.ddentaloffice.com\\\/wp-content\\\/uploads\\\/2022\\\/03\\\/cropped-D-Dental-Office-Logo-350x100px-1.png\",\"width\":351,\"height\":144,\"caption\":\"D Dental Office\"},\"image\":{\"@id\":\"https:\\\/\\\/www.ddentaloffice.com\\\/fr\\\/#\\\/schema\\\/logo\\\/image\\\/\"},\"sameAs\":[\"https:\\\/\\\/www.facebook.com\\\/ddentalofficemtl\",\"https:\\\/\\\/www.instagram.com\\\/ddentaloffice\\\/\",\"https:\\\/\\\/g.page\\\/ddentaloffice-ddo\"]}]}<\/script>\n<!-- \/ Yoast SEO Premium plugin. -->","yoast_head_json":{"title":"Politiques de la clinique - Cabinet Dentaire D","robots":{"index":"index","follow":"follow","max-snippet":"max-snippet:-1","max-image-preview":"max-image-preview:large","max-video-preview":"max-video-preview:-1"},"canonical":"https:\/\/www.ddentaloffice.com\/fr\/politiques-de-la-clinique\/","og_locale":"fr_FR","og_type":"article","og_title":"Politiques de la clinique","og_description":"Politiques de la clinique que nous suivons au Cabinet Dentaire D \u00e0 Dollard-des-Ormeaux Proc\u00e9dures et politiques qui nous aident \u00e0 fournir \u00e0 chaque patient des soins dentaires exceptionnels. Traitement et coordination des assurances Nous aidons nos patients avec leurs r\u00e9clamations en envoyant tous les documents et preuves n\u00e9cessaires \u00e0 leur compagnie d&rsquo;assurance. Dans certains cas, ... Lire la suite","og_url":"https:\/\/www.ddentaloffice.com\/fr\/politiques-de-la-clinique\/","og_site_name":"D Dental Office","article_publisher":"https:\/\/www.facebook.com\/ddentalofficemtl","article_modified_time":"2022-08-26T13:33:00+00:00","og_image":[{"url":"https:\/\/www.ddentaloffice.com\/wp-content\/uploads\/2022\/04\/Group-128.png","type":"","width":"","height":""}],"twitter_card":"summary_large_image","twitter_misc":{"Dur\u00e9e de lecture estim\u00e9e":"4 minutes"},"schema":{"@context":"https:\/\/schema.org","@graph":[{"@type":"WebPage","@id":"https:\/\/www.ddentaloffice.com\/fr\/politiques-de-la-clinique\/","url":"https:\/\/www.ddentaloffice.com\/fr\/politiques-de-la-clinique\/","name":"Politiques de la clinique - Cabinet Dentaire D","isPartOf":{"@id":"https:\/\/www.ddentaloffice.com\/fr\/#website"},"primaryImageOfPage":{"@id":"https:\/\/www.ddentaloffice.com\/fr\/politiques-de-la-clinique\/#primaryimage"},"image":{"@id":"https:\/\/www.ddentaloffice.com\/fr\/politiques-de-la-clinique\/#primaryimage"},"thumbnailUrl":"https:\/\/www.ddentaloffice.com\/wp-content\/uploads\/2022\/04\/Group-128.png","datePublished":"2022-04-30T12:50:21+00:00","dateModified":"2022-08-26T13:33:00+00:00","breadcrumb":{"@id":"https:\/\/www.ddentaloffice.com\/fr\/politiques-de-la-clinique\/#breadcrumb"},"inLanguage":"fr-FR","potentialAction":[{"@type":"ReadAction","target":["https:\/\/www.ddentaloffice.com\/fr\/politiques-de-la-clinique\/"]}]},{"@type":"ImageObject","inLanguage":"fr-FR","@id":"https:\/\/www.ddentaloffice.com\/fr\/politiques-de-la-clinique\/#primaryimage","url":"https:\/\/www.ddentaloffice.com\/wp-content\/uploads\/2022\/04\/Group-128.png","contentUrl":"https:\/\/www.ddentaloffice.com\/wp-content\/uploads\/2022\/04\/Group-128.png"},{"@type":"BreadcrumbList","@id":"https:\/\/www.ddentaloffice.com\/fr\/politiques-de-la-clinique\/#breadcrumb","itemListElement":[{"@type":"ListItem","position":1,"name":"Home","item":"https:\/\/www.ddentaloffice.com\/fr\/"},{"@type":"ListItem","position":2,"name":"Politiques de la clinique"}]},{"@type":"WebSite","@id":"https:\/\/www.ddentaloffice.com\/fr\/#website","url":"https:\/\/www.ddentaloffice.com\/fr\/","name":"D Dental Office","description":"Comprehensive, Patient-centred and State-of-the-Art Dental Care","publisher":{"@id":"https:\/\/www.ddentaloffice.com\/fr\/#organization"},"potentialAction":[{"@type":"SearchAction","target":{"@type":"EntryPoint","urlTemplate":"https:\/\/www.ddentaloffice.com\/fr\/?s={search_term_string}"},"query-input":{"@type":"PropertyValueSpecification","valueRequired":true,"valueName":"search_term_string"}}],"inLanguage":"fr-FR"},{"@type":"Organization","@id":"https:\/\/www.ddentaloffice.com\/fr\/#organization","name":"D Dental Office","url":"https:\/\/www.ddentaloffice.com\/fr\/","logo":{"@type":"ImageObject","inLanguage":"fr-FR","@id":"https:\/\/www.ddentaloffice.com\/fr\/#\/schema\/logo\/image\/","url":"https:\/\/www.ddentaloffice.com\/wp-content\/uploads\/2022\/03\/cropped-D-Dental-Office-Logo-350x100px-1.png","contentUrl":"https:\/\/www.ddentaloffice.com\/wp-content\/uploads\/2022\/03\/cropped-D-Dental-Office-Logo-350x100px-1.png","width":351,"height":144,"caption":"D Dental Office"},"image":{"@id":"https:\/\/www.ddentaloffice.com\/fr\/#\/schema\/logo\/image\/"},"sameAs":["https:\/\/www.facebook.com\/ddentalofficemtl","https:\/\/www.instagram.com\/ddentaloffice\/","https:\/\/g.page\/ddentaloffice-ddo"]}]}},"_links":{"self":[{"href":"https:\/\/www.ddentaloffice.com\/fr\/wp-json\/wp\/v2\/pages\/2615","targetHints":{"allow":["GET"]}}],"collection":[{"href":"https:\/\/www.ddentaloffice.com\/fr\/wp-json\/wp\/v2\/pages"}],"about":[{"href":"https:\/\/www.ddentaloffice.com\/fr\/wp-json\/wp\/v2\/types\/page"}],"author":[{"embeddable":true,"href":"https:\/\/www.ddentaloffice.com\/fr\/wp-json\/wp\/v2\/users\/3"}],"replies":[{"embeddable":true,"href":"https:\/\/www.ddentaloffice.com\/fr\/wp-json\/wp\/v2\/comments?post=2615"}],"version-history":[{"count":23,"href":"https:\/\/www.ddentaloffice.com\/fr\/wp-json\/wp\/v2\/pages\/2615\/revisions"}],"predecessor-version":[{"id":3250,"href":"https:\/\/www.ddentaloffice.com\/fr\/wp-json\/wp\/v2\/pages\/2615\/revisions\/3250"}],"wp:attachment":[{"href":"https:\/\/www.ddentaloffice.com\/fr\/wp-json\/wp\/v2\/media?parent=2615"}],"curies":[{"name":"wp","href":"https:\/\/api.w.org\/{rel}","templated":true}]}}