{"id":2619,"date":"2022-06-04T15:36:31","date_gmt":"2022-06-04T15:36:31","guid":{"rendered":"https:\/\/www.ddentaloffice.com\/traitements-de-restauration\/"},"modified":"2023-11-07T19:04:30","modified_gmt":"2023-11-07T19:04:30","slug":"traitements-de-restauration","status":"publish","type":"page","link":"https:\/\/www.ddentaloffice.com\/fr\/traitements-de-restauration\/","title":{"rendered":"Traitements de restauration"},"content":{"rendered":"\t\t<div data-elementor-type=\"wp-page\" data-elementor-id=\"2619\" class=\"elementor elementor-2619 elementor-1341\" data-elementor-post-type=\"page\">\n\t\t\t\t<div class=\"elementor-element elementor-element-2a89852 e-con-full e-flex e-con e-parent\" data-id=\"2a89852\" data-element_type=\"container\" data-e-type=\"container\" data-settings=\"{&quot;background_background&quot;:&quot;classic&quot;}\">\n\t\t<div class=\"elementor-element elementor-element-e15347f e-con-full e-flex e-con e-child\" data-id=\"e15347f\" data-element_type=\"container\" data-e-type=\"container\" data-settings=\"{&quot;background_background&quot;:&quot;classic&quot;}\">\n\t\t<div class=\"elementor-element elementor-element-b85664e e-flex e-con-boxed e-con e-child\" data-id=\"b85664e\" data-element_type=\"container\" data-e-type=\"container\">\n\t\t\t\t\t<div class=\"e-con-inner\">\n\t\t<div class=\"elementor-element elementor-element-fc0d2f4 e-con-full e-flex e-con e-child\" data-id=\"fc0d2f4\" data-element_type=\"container\" data-e-type=\"container\">\n\t\t\t\t<div class=\"elementor-element elementor-element-146e80a elementor-widget elementor-widget-heading\" data-id=\"146e80a\" data-element_type=\"widget\" data-e-type=\"widget\" data-widget_type=\"heading.default\">\n\t\t\t\t<div class=\"elementor-widget-container\">\n\t\t\t\t\t<h2 class=\"elementor-heading-title elementor-size-default\">Traitements de restauration<\/h2>\t\t\t\t<\/div>\n\t\t\t\t<\/div>\n\t\t\t\t<div class=\"elementor-element elementor-element-2fc9f58 elementor-widget elementor-widget-heading\" data-id=\"2fc9f58\" data-element_type=\"widget\" data-e-type=\"widget\" data-widget_type=\"heading.default\">\n\t\t\t\t<div class=\"elementor-widget-container\">\n\t\t\t\t\t<h4 class=\"elementor-heading-title elementor-size-default\">Au Cabinet Dentaire D dans l'Ouest de l'\u00cele<\/h4>\t\t\t\t<\/div>\n\t\t\t\t<\/div>\n\t\t\t\t<div class=\"elementor-element elementor-element-50d9ecd elementor-widget elementor-widget-heading\" data-id=\"50d9ecd\" data-element_type=\"widget\" data-e-type=\"widget\" data-widget_type=\"heading.default\">\n\t\t\t\t<div class=\"elementor-widget-container\">\n\t\t\t\t\t<h4 class=\"elementor-heading-title elementor-size-default\">R\u00e9parez vos dents avec nos traitements imm\u00e9diats et durables et retrouvez votre beau sourire.<\/h4>\t\t\t\t<\/div>\n\t\t\t\t<\/div>\n\t\t\t\t<\/div>\n\t\t\t\t\t<\/div>\n\t\t\t\t<\/div>\n\t\t\t\t<\/div>\n\t\t\t\t<\/div>\n\t\t<div class=\"elementor-element elementor-element-88fd890 e-con-full e-flex e-con e-parent\" data-id=\"88fd890\" data-element_type=\"container\" data-e-type=\"container\">\n\t\t\t\t<div class=\"elementor-element elementor-element-c5a8702 elementor-widget elementor-widget-image\" data-id=\"c5a8702\" data-element_type=\"widget\" data-e-type=\"widget\" data-widget_type=\"image.default\">\n\t\t\t\t<div class=\"elementor-widget-container\">\n\t\t\t\t\t\t\t\t\t\t\t\t\t\t\t<img fetchpriority=\"high\" decoding=\"async\" width=\"1920\" height=\"696\" src=\"https:\/\/www.ddentaloffice.com\/wp-content\/uploads\/2022\/06\/Restorative-Treatments.png\" class=\"attachment-full size-full wp-image-1792\" alt=\"\" srcset=\"https:\/\/www.ddentaloffice.com\/wp-content\/uploads\/2022\/06\/Restorative-Treatments.png 1920w, https:\/\/www.ddentaloffice.com\/wp-content\/uploads\/2022\/06\/Restorative-Treatments-300x109.png 300w, https:\/\/www.ddentaloffice.com\/wp-content\/uploads\/2022\/06\/Restorative-Treatments-1024x371.png 1024w, https:\/\/www.ddentaloffice.com\/wp-content\/uploads\/2022\/06\/Restorative-Treatments-768x278.png 768w, https:\/\/www.ddentaloffice.com\/wp-content\/uploads\/2022\/06\/Restorative-Treatments-1536x557.png 1536w\" sizes=\"(max-width: 1920px) 100vw, 1920px\" \/>\t\t\t\t\t\t\t\t\t\t\t\t\t\t\t<\/div>\n\t\t\t\t<\/div>\n\t\t\t\t<\/div>\n\t\t<div class=\"elementor-element elementor-element-d60be58 e-con-full e-flex e-con e-parent\" data-id=\"d60be58\" data-element_type=\"container\" data-e-type=\"container\">\n\t\t<div class=\"elementor-element elementor-element-58be40b e-flex e-con-boxed e-con e-child\" data-id=\"58be40b\" data-element_type=\"container\" data-e-type=\"container\">\n\t\t\t\t\t<div class=\"e-con-inner\">\n\t\t<div class=\"elementor-element elementor-element-c5394e9 e-con-full e-flex e-con e-child\" data-id=\"c5394e9\" data-element_type=\"container\" data-e-type=\"container\">\n\t\t\t\t<div class=\"elementor-element elementor-element-98cc477 elementor-widget elementor-widget-text-editor\" data-id=\"98cc477\" data-element_type=\"widget\" data-e-type=\"widget\" data-widget_type=\"text-editor.default\">\n\t\t\t\t<div class=\"elementor-widget-container\">\n\t\t\t\t\t\t\t\t\t<h4>Obturations dentaires<\/h4>\n<p>Une obturation dentaire est un traitement de r\u00e9paration des dents pr\u00e9sentant des caries, des \u00e9clats ou des fractures. Une dent pr\u00e9sentant une ou plusieurs caries doit \u00eatre trait\u00e9e le plus rapidement possible afin d&rsquo;\u00e9viter d&rsquo;autres dommages et l&rsquo;expansion de la carie dans le nerf, ce qui pourrait entra\u00eener un traitement de canal ou m\u00eame la destruction de la dent.<\/p>\n<p>Nous utilisons des restaurations en composite (plombage blanc) car elles sont relativement peu co\u00fbteuses, esth\u00e9tiques et prennent peu de temps \u00e0 fabriquer.<\/p>\n<p>Au Cabinet Dentaire D, nous n&rsquo;utilisons pas de composite contenant du BPA (Bisph\u00e9nol A), un compos\u00e9 dangereux pour la sant\u00e9 que l&rsquo;on trouve dans certains plastiques.<\/p>\n\t\t\t\t\t\t\t\t<\/div>\n\t\t\t\t<\/div>\n\t\t\t\t<div class=\"elementor-element elementor-element-7db6710 elementor-widget elementor-widget-text-editor\" data-id=\"7db6710\" data-element_type=\"widget\" data-e-type=\"widget\" data-widget_type=\"text-editor.default\">\n\t\t\t\t<div class=\"elementor-widget-container\">\n\t\t\t\t\t\t\t\t\t<h4>Couronnes dentaires<\/h4>\n<p>Une couronne dentaire est une proc\u00e9dure de restauration qui remplace la partie sup\u00e9rieure de la dent qui a \u00e9t\u00e9 fortement cari\u00e9e, fractur\u00e9e, us\u00e9e <span style=\"font-weight: 400;\">ou<\/span> <span style=\"font-weight: 400;\">qui a re\u00e7u un traitement de canal.<\/span> <\/p>\n<p>Il s&rsquo;agit d&rsquo;un capuchon fix\u00e9 \u00e0 la dent \u00e0 l&rsquo;aide d&rsquo;un adh\u00e9sif. Il est fait d&rsquo;un mat\u00e9riel solide qui ressemble \u00e0 une dent naturelle et couvre, restaure et prot\u00e8ge la dent.<\/p>\n<p>L&rsquo;\u00e9poque o\u00f9 il fallait prendre deux ou trois rendez-vous pour essayer une couronne et attendre que le laboratoire la renvoie \u00e0 votre dentiste est r\u00e9volue. Gr\u00e2ce \u00e0 la technologie CEREC, les couronnes dentaires sont fabriqu\u00e9es sur place, au Cabinet Dentaire D, afin qu&rsquo;elles soient pr\u00eates en une seule s\u00e9ance. Non seulement vous obtenez une r\u00e9paration rapide de votre dent, mais vous \u00e9vitez \u00e9galement de perturber votre travail ou vos occupations.<\/p>\n\t\t\t\t\t\t\t\t<\/div>\n\t\t\t\t<\/div>\n\t\t\t\t<div class=\"elementor-element elementor-element-8a9bafc elementor-widget elementor-widget-text-editor\" data-id=\"8a9bafc\" data-element_type=\"widget\" data-e-type=\"widget\" data-widget_type=\"text-editor.default\">\n\t\t\t\t<div class=\"elementor-widget-container\">\n\t\t\t\t\t\t\t\t\t<h4>Ponts dentaires<\/h4>\n<p>Un pont dentaire est une proth\u00e8se fixe qui remplace une ou plusieurs dents manquantes. Il est constitu\u00e9 de dents artificielles, appel\u00e9es pontiques, fix\u00e9es entre deux couronnes, appel\u00e9es piliers, qui vont d&rsquo;une extr\u00e9mit\u00e9 \u00e0 l&rsquo;autre de la r\u00e9gion sans dents. Les ponts dentaires sont le plus souvent constitu\u00e9s d&rsquo;une structure solide, comme le zircon ou le m\u00e9tal, recouverte d&rsquo;une couche de porcelaine esth\u00e9tique.<\/p>\n<p>Nous recommandons toujours les implants dentaires pour remplacer les dents manquantes lorsque c&rsquo;est possible. Votre dentiste le d\u00e9terminera lors de votre examen complet et vous fournira toutes les options et les d\u00e9tails relatifs \u00e0 votre cas. Votre dentiste pourra \u00e9galement vous conseiller sur les autres traitements dont vous pourriez avoir besoin, comme les reconstructions ou les traitements de canal.<\/p>\n<p>Votre dentiste commence par pr\u00e9parer vos dents piliers pour le pont. Puis, \u00e0 l&rsquo;aide du scanner 3Shape, il reproduit la forme exacte de vos dents d&rsquo;origine et en adapte la couleur. Il installe ensuite un pont provisoire en plastique jusqu&rsquo;\u00e0 ce que votre pont d\u00e9finitif soit pr\u00eat.<\/p>\n<p>En fonction de l&rsquo;adaptation de votre pont lors de la visite d&rsquo;essayage, un pont peut n\u00e9cessiter deux ou trois rendez-vous.<\/p>\n\t\t\t\t\t\t\t\t<\/div>\n\t\t\t\t<\/div>\n\t\t\t\t<\/div>\n\t\t\t\t\t<\/div>\n\t\t\t\t<\/div>\n\t\t\t\t<\/div>\n\t\t<div class=\"elementor-element elementor-element-493d164 e-flex e-con-boxed e-con e-parent\" data-id=\"493d164\" data-element_type=\"container\" data-e-type=\"container\" data-settings=\"{&quot;background_background&quot;:&quot;classic&quot;}\">\n\t\t\t\t\t<div class=\"e-con-inner\">\n\t\t<div class=\"elementor-element elementor-element-345b0db e-con-full e-flex e-con e-child\" data-id=\"345b0db\" data-element_type=\"container\" data-e-type=\"container\">\n\t\t\t\t<div class=\"elementor-element elementor-element-1573f2d elementor-widget elementor-widget-heading\" data-id=\"1573f2d\" data-element_type=\"widget\" data-e-type=\"widget\" data-widget_type=\"heading.default\">\n\t\t\t\t<div class=\"elementor-widget-container\">\n\t\t\t\t\t<h4 class=\"elementor-heading-title elementor-size-default\">R\u00e9parez vos dents gr\u00e2ce \u00e0 nos traitements de restauration.<\/h4>\t\t\t\t<\/div>\n\t\t\t\t<\/div>\n\t\t\t\t<div class=\"elementor-element elementor-element-90070f6 elementor-widget elementor-widget-text-editor\" data-id=\"90070f6\" data-element_type=\"widget\" data-e-type=\"widget\" data-widget_type=\"text-editor.default\">\n\t\t\t\t<div class=\"elementor-widget-container\">\n\t\t\t\t\t\t\t\t\t<p>R\u00e9servez votre consultation et d\u00e9couvrez l&rsquo;option de traitement restaurateur qui vous convient le mieux.<\/p>\n<p>Appelez-nous au (514) 900-3368<\/p>\n\t\t\t\t\t\t\t\t<\/div>\n\t\t\t\t<\/div>\n\t\t\t\t<\/div>\n\t\t<div class=\"elementor-element elementor-element-e30c62c e-con-full e-flex e-con e-child\" data-id=\"e30c62c\" data-element_type=\"container\" data-e-type=\"container\" data-settings=\"{&quot;background_background&quot;:&quot;classic&quot;}\">\n\t\t<div class=\"elementor-element elementor-element-9252e1c e-flex e-con-boxed e-con e-child\" data-id=\"9252e1c\" data-element_type=\"container\" data-e-type=\"container\">\n\t\t\t\t\t<div class=\"e-con-inner\">\n\t\t\t\t<div class=\"elementor-element elementor-element-0612eee elementor-align-center elementor-widget elementor-widget-button\" data-id=\"0612eee\" data-element_type=\"widget\" data-e-type=\"widget\" data-widget_type=\"button.default\">\n\t\t\t\t<div class=\"elementor-widget-container\">\n\t\t\t\t\t\t\t\t\t<div class=\"elementor-button-wrapper\">\n\t\t\t\t\t<a class=\"elementor-button elementor-button-link elementor-size-sm\" href=\"#elementor-action%3Aaction%3Dpopup%3Aopen%26settings%3DeyJpZCI6MjY3MCwidG9nZ2xlIjpmYWxzZX0%3D\">\n\t\t\t\t\t\t<span class=\"elementor-button-content-wrapper\">\n\t\t\t\t\t\t\t\t\t<span class=\"elementor-button-text\">R\u00e9server en ligne<\/span>\n\t\t\t\t\t<\/span>\n\t\t\t\t\t<\/a>\n\t\t\t\t<\/div>\n\t\t\t\t\t\t\t\t<\/div>\n\t\t\t\t<\/div>\n\t\t\t\t\t<\/div>\n\t\t\t\t<\/div>\n\t\t\t\t<\/div>\n\t\t\t\t\t<\/div>\n\t\t\t\t<\/div>\n\t\t\t\t<\/div>\n\t\t","protected":false},"excerpt":{"rendered":"<p>Traitements de restauration Au Cabinet Dentaire D dans l&rsquo;Ouest de l&rsquo;\u00cele R\u00e9parez vos dents avec nos traitements imm\u00e9diats et durables et retrouvez votre beau sourire. Obturations dentaires Une obturation dentaire est un traitement de r\u00e9paration des dents pr\u00e9sentant des caries, des \u00e9clats ou des fractures. Une dent pr\u00e9sentant une ou plusieurs caries doit \u00eatre trait\u00e9e &#8230; <a title=\"Traitements de restauration\" class=\"read-more\" href=\"https:\/\/www.ddentaloffice.com\/fr\/traitements-de-restauration\/\" aria-label=\"Read more about Traitements de restauration\">Lire la suite<\/a><\/p>\n","protected":false},"author":3,"featured_media":0,"parent":0,"menu_order":0,"comment_status":"closed","ping_status":"closed","template":"","meta":{"footnotes":""},"class_list":["post-2619","page","type-page","status-publish"],"yoast_head":"<!-- This site is optimized with the Yoast SEO Premium plugin v20.8 (Yoast SEO v27.4) - https:\/\/yoast.com\/product\/yoast-seo-premium-wordpress\/ -->\n<title>Traitements de restauration - Cabinet Dentaire D<\/title>\n<meta name=\"robots\" content=\"index, follow, max-snippet:-1, max-image-preview:large, max-video-preview:-1\" \/>\n<link rel=\"canonical\" href=\"https:\/\/www.ddentaloffice.com\/fr\/traitements-de-restauration\/\" \/>\n<meta property=\"og:locale\" content=\"fr_FR\" \/>\n<meta property=\"og:type\" content=\"article\" \/>\n<meta property=\"og:title\" content=\"Traitements de restauration\" \/>\n<meta property=\"og:description\" content=\"Traitements de restauration Au Cabinet Dentaire D dans l&rsquo;Ouest de l&rsquo;\u00cele R\u00e9parez vos dents avec nos traitements imm\u00e9diats et durables et retrouvez votre beau sourire. Obturations dentaires Une obturation dentaire est un traitement de r\u00e9paration des dents pr\u00e9sentant des caries, des \u00e9clats ou des fractures. Une dent pr\u00e9sentant une ou plusieurs caries doit \u00eatre trait\u00e9e ... Lire la suite\" \/>\n<meta property=\"og:url\" content=\"https:\/\/www.ddentaloffice.com\/fr\/traitements-de-restauration\/\" \/>\n<meta property=\"og:site_name\" content=\"D Dental Office\" \/>\n<meta property=\"article:publisher\" content=\"https:\/\/www.facebook.com\/ddentalofficemtl\" \/>\n<meta property=\"article:modified_time\" content=\"2023-11-07T19:04:30+00:00\" \/>\n<meta property=\"og:image\" content=\"https:\/\/www.ddentaloffice.com\/wp-content\/uploads\/2022\/06\/Restorative-Treatments.png\" \/>\n<meta name=\"twitter:card\" content=\"summary_large_image\" \/>\n<meta name=\"twitter:label1\" content=\"Dur\u00e9e de lecture estim\u00e9e\" \/>\n\t<meta name=\"twitter:data1\" content=\"3 minutes\" \/>\n<script type=\"application\/ld+json\" class=\"yoast-schema-graph\">{\"@context\":\"https:\\\/\\\/schema.org\",\"@graph\":[{\"@type\":\"WebPage\",\"@id\":\"https:\\\/\\\/www.ddentaloffice.com\\\/fr\\\/traitements-de-restauration\\\/\",\"url\":\"https:\\\/\\\/www.ddentaloffice.com\\\/fr\\\/traitements-de-restauration\\\/\",\"name\":\"Traitements de restauration - Cabinet Dentaire D\",\"isPartOf\":{\"@id\":\"https:\\\/\\\/www.ddentaloffice.com\\\/fr\\\/#website\"},\"primaryImageOfPage\":{\"@id\":\"https:\\\/\\\/www.ddentaloffice.com\\\/fr\\\/traitements-de-restauration\\\/#primaryimage\"},\"image\":{\"@id\":\"https:\\\/\\\/www.ddentaloffice.com\\\/fr\\\/traitements-de-restauration\\\/#primaryimage\"},\"thumbnailUrl\":\"https:\\\/\\\/www.ddentaloffice.com\\\/wp-content\\\/uploads\\\/2022\\\/06\\\/Restorative-Treatments.png\",\"datePublished\":\"2022-06-04T15:36:31+00:00\",\"dateModified\":\"2023-11-07T19:04:30+00:00\",\"breadcrumb\":{\"@id\":\"https:\\\/\\\/www.ddentaloffice.com\\\/fr\\\/traitements-de-restauration\\\/#breadcrumb\"},\"inLanguage\":\"fr-FR\",\"potentialAction\":[{\"@type\":\"ReadAction\",\"target\":[\"https:\\\/\\\/www.ddentaloffice.com\\\/fr\\\/traitements-de-restauration\\\/\"]}]},{\"@type\":\"ImageObject\",\"inLanguage\":\"fr-FR\",\"@id\":\"https:\\\/\\\/www.ddentaloffice.com\\\/fr\\\/traitements-de-restauration\\\/#primaryimage\",\"url\":\"https:\\\/\\\/www.ddentaloffice.com\\\/wp-content\\\/uploads\\\/2022\\\/06\\\/Restorative-Treatments.png\",\"contentUrl\":\"https:\\\/\\\/www.ddentaloffice.com\\\/wp-content\\\/uploads\\\/2022\\\/06\\\/Restorative-Treatments.png\"},{\"@type\":\"BreadcrumbList\",\"@id\":\"https:\\\/\\\/www.ddentaloffice.com\\\/fr\\\/traitements-de-restauration\\\/#breadcrumb\",\"itemListElement\":[{\"@type\":\"ListItem\",\"position\":1,\"name\":\"Home\",\"item\":\"https:\\\/\\\/www.ddentaloffice.com\\\/fr\\\/\"},{\"@type\":\"ListItem\",\"position\":2,\"name\":\"Traitements de restauration\"}]},{\"@type\":\"WebSite\",\"@id\":\"https:\\\/\\\/www.ddentaloffice.com\\\/fr\\\/#website\",\"url\":\"https:\\\/\\\/www.ddentaloffice.com\\\/fr\\\/\",\"name\":\"D Dental Office\",\"description\":\"Comprehensive, Patient-centred and State-of-the-Art Dental Care\",\"publisher\":{\"@id\":\"https:\\\/\\\/www.ddentaloffice.com\\\/fr\\\/#organization\"},\"potentialAction\":[{\"@type\":\"SearchAction\",\"target\":{\"@type\":\"EntryPoint\",\"urlTemplate\":\"https:\\\/\\\/www.ddentaloffice.com\\\/fr\\\/?s={search_term_string}\"},\"query-input\":{\"@type\":\"PropertyValueSpecification\",\"valueRequired\":true,\"valueName\":\"search_term_string\"}}],\"inLanguage\":\"fr-FR\"},{\"@type\":\"Organization\",\"@id\":\"https:\\\/\\\/www.ddentaloffice.com\\\/fr\\\/#organization\",\"name\":\"D Dental Office\",\"url\":\"https:\\\/\\\/www.ddentaloffice.com\\\/fr\\\/\",\"logo\":{\"@type\":\"ImageObject\",\"inLanguage\":\"fr-FR\",\"@id\":\"https:\\\/\\\/www.ddentaloffice.com\\\/fr\\\/#\\\/schema\\\/logo\\\/image\\\/\",\"url\":\"https:\\\/\\\/www.ddentaloffice.com\\\/wp-content\\\/uploads\\\/2022\\\/03\\\/cropped-D-Dental-Office-Logo-350x100px-1.png\",\"contentUrl\":\"https:\\\/\\\/www.ddentaloffice.com\\\/wp-content\\\/uploads\\\/2022\\\/03\\\/cropped-D-Dental-Office-Logo-350x100px-1.png\",\"width\":351,\"height\":144,\"caption\":\"D Dental Office\"},\"image\":{\"@id\":\"https:\\\/\\\/www.ddentaloffice.com\\\/fr\\\/#\\\/schema\\\/logo\\\/image\\\/\"},\"sameAs\":[\"https:\\\/\\\/www.facebook.com\\\/ddentalofficemtl\",\"https:\\\/\\\/www.instagram.com\\\/ddentaloffice\\\/\",\"https:\\\/\\\/g.page\\\/ddentaloffice-ddo\"]}]}<\/script>\n<!-- \/ Yoast SEO Premium plugin. -->","yoast_head_json":{"title":"Traitements de restauration - Cabinet Dentaire D","robots":{"index":"index","follow":"follow","max-snippet":"max-snippet:-1","max-image-preview":"max-image-preview:large","max-video-preview":"max-video-preview:-1"},"canonical":"https:\/\/www.ddentaloffice.com\/fr\/traitements-de-restauration\/","og_locale":"fr_FR","og_type":"article","og_title":"Traitements de restauration","og_description":"Traitements de restauration Au Cabinet Dentaire D dans l&rsquo;Ouest de l&rsquo;\u00cele R\u00e9parez vos dents avec nos traitements imm\u00e9diats et durables et retrouvez votre beau sourire. Obturations dentaires Une obturation dentaire est un traitement de r\u00e9paration des dents pr\u00e9sentant des caries, des \u00e9clats ou des fractures. Une dent pr\u00e9sentant une ou plusieurs caries doit \u00eatre trait\u00e9e ... Lire la suite","og_url":"https:\/\/www.ddentaloffice.com\/fr\/traitements-de-restauration\/","og_site_name":"D Dental Office","article_publisher":"https:\/\/www.facebook.com\/ddentalofficemtl","article_modified_time":"2023-11-07T19:04:30+00:00","og_image":[{"url":"https:\/\/www.ddentaloffice.com\/wp-content\/uploads\/2022\/06\/Restorative-Treatments.png","type":"","width":"","height":""}],"twitter_card":"summary_large_image","twitter_misc":{"Dur\u00e9e de lecture estim\u00e9e":"3 minutes"},"schema":{"@context":"https:\/\/schema.org","@graph":[{"@type":"WebPage","@id":"https:\/\/www.ddentaloffice.com\/fr\/traitements-de-restauration\/","url":"https:\/\/www.ddentaloffice.com\/fr\/traitements-de-restauration\/","name":"Traitements de restauration - Cabinet Dentaire D","isPartOf":{"@id":"https:\/\/www.ddentaloffice.com\/fr\/#website"},"primaryImageOfPage":{"@id":"https:\/\/www.ddentaloffice.com\/fr\/traitements-de-restauration\/#primaryimage"},"image":{"@id":"https:\/\/www.ddentaloffice.com\/fr\/traitements-de-restauration\/#primaryimage"},"thumbnailUrl":"https:\/\/www.ddentaloffice.com\/wp-content\/uploads\/2022\/06\/Restorative-Treatments.png","datePublished":"2022-06-04T15:36:31+00:00","dateModified":"2023-11-07T19:04:30+00:00","breadcrumb":{"@id":"https:\/\/www.ddentaloffice.com\/fr\/traitements-de-restauration\/#breadcrumb"},"inLanguage":"fr-FR","potentialAction":[{"@type":"ReadAction","target":["https:\/\/www.ddentaloffice.com\/fr\/traitements-de-restauration\/"]}]},{"@type":"ImageObject","inLanguage":"fr-FR","@id":"https:\/\/www.ddentaloffice.com\/fr\/traitements-de-restauration\/#primaryimage","url":"https:\/\/www.ddentaloffice.com\/wp-content\/uploads\/2022\/06\/Restorative-Treatments.png","contentUrl":"https:\/\/www.ddentaloffice.com\/wp-content\/uploads\/2022\/06\/Restorative-Treatments.png"},{"@type":"BreadcrumbList","@id":"https:\/\/www.ddentaloffice.com\/fr\/traitements-de-restauration\/#breadcrumb","itemListElement":[{"@type":"ListItem","position":1,"name":"Home","item":"https:\/\/www.ddentaloffice.com\/fr\/"},{"@type":"ListItem","position":2,"name":"Traitements de restauration"}]},{"@type":"WebSite","@id":"https:\/\/www.ddentaloffice.com\/fr\/#website","url":"https:\/\/www.ddentaloffice.com\/fr\/","name":"D Dental Office","description":"Comprehensive, Patient-centred and State-of-the-Art Dental Care","publisher":{"@id":"https:\/\/www.ddentaloffice.com\/fr\/#organization"},"potentialAction":[{"@type":"SearchAction","target":{"@type":"EntryPoint","urlTemplate":"https:\/\/www.ddentaloffice.com\/fr\/?s={search_term_string}"},"query-input":{"@type":"PropertyValueSpecification","valueRequired":true,"valueName":"search_term_string"}}],"inLanguage":"fr-FR"},{"@type":"Organization","@id":"https:\/\/www.ddentaloffice.com\/fr\/#organization","name":"D Dental Office","url":"https:\/\/www.ddentaloffice.com\/fr\/","logo":{"@type":"ImageObject","inLanguage":"fr-FR","@id":"https:\/\/www.ddentaloffice.com\/fr\/#\/schema\/logo\/image\/","url":"https:\/\/www.ddentaloffice.com\/wp-content\/uploads\/2022\/03\/cropped-D-Dental-Office-Logo-350x100px-1.png","contentUrl":"https:\/\/www.ddentaloffice.com\/wp-content\/uploads\/2022\/03\/cropped-D-Dental-Office-Logo-350x100px-1.png","width":351,"height":144,"caption":"D Dental Office"},"image":{"@id":"https:\/\/www.ddentaloffice.com\/fr\/#\/schema\/logo\/image\/"},"sameAs":["https:\/\/www.facebook.com\/ddentalofficemtl","https:\/\/www.instagram.com\/ddentaloffice\/","https:\/\/g.page\/ddentaloffice-ddo"]}]}},"_links":{"self":[{"href":"https:\/\/www.ddentaloffice.com\/fr\/wp-json\/wp\/v2\/pages\/2619","targetHints":{"allow":["GET"]}}],"collection":[{"href":"https:\/\/www.ddentaloffice.com\/fr\/wp-json\/wp\/v2\/pages"}],"about":[{"href":"https:\/\/www.ddentaloffice.com\/fr\/wp-json\/wp\/v2\/types\/page"}],"author":[{"embeddable":true,"href":"https:\/\/www.ddentaloffice.com\/fr\/wp-json\/wp\/v2\/users\/3"}],"replies":[{"embeddable":true,"href":"https:\/\/www.ddentaloffice.com\/fr\/wp-json\/wp\/v2\/comments?post=2619"}],"version-history":[{"count":8,"href":"https:\/\/www.ddentaloffice.com\/fr\/wp-json\/wp\/v2\/pages\/2619\/revisions"}],"predecessor-version":[{"id":4546,"href":"https:\/\/www.ddentaloffice.com\/fr\/wp-json\/wp\/v2\/pages\/2619\/revisions\/4546"}],"wp:attachment":[{"href":"https:\/\/www.ddentaloffice.com\/fr\/wp-json\/wp\/v2\/media?parent=2619"}],"curies":[{"name":"wp","href":"https:\/\/api.w.org\/{rel}","templated":true}]}}