{"id":2623,"date":"2022-06-04T15:17:02","date_gmt":"2022-06-04T15:17:02","guid":{"rendered":"https:\/\/www.ddentaloffice.com\/traitement-de-canal\/"},"modified":"2023-11-07T19:04:48","modified_gmt":"2023-11-07T19:04:48","slug":"traitement-de-canal","status":"publish","type":"page","link":"https:\/\/www.ddentaloffice.com\/fr\/traitement-de-canal\/","title":{"rendered":"Traitement de Canal"},"content":{"rendered":"\t\t<div data-elementor-type=\"wp-page\" data-elementor-id=\"2623\" class=\"elementor elementor-2623 elementor-1333\" data-elementor-post-type=\"page\">\n\t\t\t\t<div class=\"elementor-element elementor-element-f4ce94d e-con-full e-flex e-con e-parent\" data-id=\"f4ce94d\" data-element_type=\"container\" data-e-type=\"container\" data-settings=\"{&quot;background_background&quot;:&quot;classic&quot;}\">\n\t\t<div class=\"elementor-element elementor-element-8402cc4 e-con-full e-flex e-con e-child\" data-id=\"8402cc4\" data-element_type=\"container\" data-e-type=\"container\" data-settings=\"{&quot;background_background&quot;:&quot;classic&quot;}\">\n\t\t<div class=\"elementor-element elementor-element-112114c e-flex e-con-boxed e-con e-child\" data-id=\"112114c\" data-element_type=\"container\" data-e-type=\"container\">\n\t\t\t\t\t<div class=\"e-con-inner\">\n\t\t<div class=\"elementor-element elementor-element-50e9f38 e-con-full e-flex e-con e-child\" data-id=\"50e9f38\" data-element_type=\"container\" data-e-type=\"container\">\n\t\t\t\t<div class=\"elementor-element elementor-element-60a5024 elementor-widget elementor-widget-heading\" data-id=\"60a5024\" data-element_type=\"widget\" data-e-type=\"widget\" data-widget_type=\"heading.default\">\n\t\t\t\t<div class=\"elementor-widget-container\">\n\t\t\t\t\t<h2 class=\"elementor-heading-title elementor-size-default\">Traitement de Canal<\/h2>\t\t\t\t<\/div>\n\t\t\t\t<\/div>\n\t\t\t\t<div class=\"elementor-element elementor-element-3c9ad01 elementor-widget elementor-widget-heading\" data-id=\"3c9ad01\" data-element_type=\"widget\" data-e-type=\"widget\" data-widget_type=\"heading.default\">\n\t\t\t\t<div class=\"elementor-widget-container\">\n\t\t\t\t\t<h4 class=\"elementor-heading-title elementor-size-default\">Au Cabinet Dentaire D dans l'Ouest de l'\u00cele<\/h4>\t\t\t\t<\/div>\n\t\t\t\t<\/div>\n\t\t\t\t<div class=\"elementor-element elementor-element-07a6c8b elementor-widget elementor-widget-heading\" data-id=\"07a6c8b\" data-element_type=\"widget\" data-e-type=\"widget\" data-widget_type=\"heading.default\">\n\t\t\t\t<div class=\"elementor-widget-container\">\n\t\t\t\t\t<h4 class=\"elementor-heading-title elementor-size-default\">Arr\u00eatez la douleur et sauvez vos dents gr\u00e2ce \u00e0 nos services dentaires endodontiques exp\u00e9riment\u00e9s et avanc\u00e9s.<\/h4>\t\t\t\t<\/div>\n\t\t\t\t<\/div>\n\t\t\t\t<\/div>\n\t\t\t\t\t<\/div>\n\t\t\t\t<\/div>\n\t\t\t\t<\/div>\n\t\t\t\t<\/div>\n\t\t<div class=\"elementor-element elementor-element-050b151 e-con-full e-flex e-con e-parent\" data-id=\"050b151\" data-element_type=\"container\" data-e-type=\"container\">\n\t\t\t\t<div class=\"elementor-element elementor-element-ca7de68 elementor-widget elementor-widget-image\" data-id=\"ca7de68\" data-element_type=\"widget\" data-e-type=\"widget\" data-widget_type=\"image.default\">\n\t\t\t\t<div class=\"elementor-widget-container\">\n\t\t\t\t\t\t\t\t\t\t\t\t\t\t\t<img fetchpriority=\"high\" decoding=\"async\" width=\"1920\" height=\"696\" src=\"https:\/\/www.ddentaloffice.com\/wp-content\/uploads\/2022\/06\/Root-Canal.png\" class=\"attachment-full size-full wp-image-1797\" alt=\"\" srcset=\"https:\/\/www.ddentaloffice.com\/wp-content\/uploads\/2022\/06\/Root-Canal.png 1920w, https:\/\/www.ddentaloffice.com\/wp-content\/uploads\/2022\/06\/Root-Canal-300x109.png 300w, https:\/\/www.ddentaloffice.com\/wp-content\/uploads\/2022\/06\/Root-Canal-1024x371.png 1024w, https:\/\/www.ddentaloffice.com\/wp-content\/uploads\/2022\/06\/Root-Canal-768x278.png 768w, https:\/\/www.ddentaloffice.com\/wp-content\/uploads\/2022\/06\/Root-Canal-1536x557.png 1536w\" sizes=\"(max-width: 1920px) 100vw, 1920px\" \/>\t\t\t\t\t\t\t\t\t\t\t\t\t\t\t<\/div>\n\t\t\t\t<\/div>\n\t\t\t\t<\/div>\n\t\t<div class=\"elementor-element elementor-element-e23b76d e-con-full e-flex e-con e-parent\" data-id=\"e23b76d\" data-element_type=\"container\" data-e-type=\"container\">\n\t\t<div class=\"elementor-element elementor-element-1b3ec77 e-flex e-con-boxed e-con e-child\" data-id=\"1b3ec77\" data-element_type=\"container\" data-e-type=\"container\">\n\t\t\t\t\t<div class=\"e-con-inner\">\n\t\t<div class=\"elementor-element elementor-element-37fb299 e-con-full e-flex e-con e-child\" data-id=\"37fb299\" data-element_type=\"container\" data-e-type=\"container\">\n\t\t\t\t<div class=\"elementor-element elementor-element-0c54fc8 elementor-widget elementor-widget-text-editor\" data-id=\"0c54fc8\" data-element_type=\"widget\" data-e-type=\"widget\" data-widget_type=\"text-editor.default\">\n\t\t\t\t<div class=\"elementor-widget-container\">\n\t\t\t\t\t\t\t\t\t<h4>Qu&rsquo;est-ce qu&rsquo;un traitement de canal ?<\/h4>\n<p>Un traitement de canal est une proc\u00e9dure dentaire destin\u00e9e \u00e0 \u00e9liminer les bact\u00e9ries des espaces int\u00e9rieurs qui s&rsquo;infectent en raison de caries profondes. Un traitement de canal bien r\u00e9alis\u00e9 d\u00e9sinfecte l&rsquo;int\u00e9rieur de la dent, \u00e9vite son extraction et soulage la douleur qu&rsquo;elle provoque. Ce processus, \u00e9galement appel\u00e9 traitement endodontique, consiste \u00e0 retirer la pulpe (nerf dentaire) enflamm\u00e9e ou infect\u00e9e, \u00e0 nettoyer et d\u00e9sinfecter soigneusement l&rsquo;int\u00e9rieur de la dent, puis \u00e0 obturer et la sceller.<\/p>\n\t\t\t\t\t\t\t\t<\/div>\n\t\t\t\t<\/div>\n\t\t\t\t<div class=\"elementor-element elementor-element-4d95e3d elementor-widget elementor-widget-text-editor\" data-id=\"4d95e3d\" data-element_type=\"widget\" data-e-type=\"widget\" data-widget_type=\"text-editor.default\">\n\t\t\t\t<div class=\"elementor-widget-container\">\n\t\t\t\t\t\t\t\t\t<h4>Qui a besoin d&rsquo;un traitement de canal?<\/h4>\n<p>Un traitement de canal est n\u00e9cessaire en cas de dent fractur\u00e9e ou traumatis\u00e9e, de carie profonde ou d&rsquo;un probl\u00e8me d&rsquo;obturation ant\u00e9rieur qui concerne les espaces int\u00e9rieurs de la dent. Un traitement de canal est g\u00e9n\u00e9ralement n\u00e9cessaire lorsqu&rsquo;une dent est extr\u00eamement sensible ou douloureuse, notamment aux sensations de chaud et de froid, ou m\u00eame \u00e0 la pression. Vous savez que vous avez besoin d&rsquo;un traitement de canal lorsque vous avez :<\/p>\n<ul>\n<li>Une douleur intense lors de la mastication ou de la morsure.<\/li>\n<li>Une dent qui pr\u00e9sente des signes d&rsquo;infection.<\/li>\n<li>Une dent qui a une fissure qui implique ses espaces int\u00e9rieurs.<\/li>\n<li>Une sensibilit\u00e9 persistante au chaud ou au froid qui dure plusieurs minutes ou plus.<\/li>\n<li>Des gencives enfl\u00e9es ou sensibles caus\u00e9es par une infection dont on a d\u00e9couvert qu&rsquo;elle provenait de l&rsquo;int\u00e9rieur d&rsquo;une dent.<\/li>\n<li>Carie profonde ou assombrissement de la dent.<\/li>\n<\/ul>\n\t\t\t\t\t\t\t\t<\/div>\n\t\t\t\t<\/div>\n\t\t\t\t<div class=\"elementor-element elementor-element-a621ca6 elementor-widget elementor-widget-text-editor\" data-id=\"a621ca6\" data-element_type=\"widget\" data-e-type=\"widget\" data-widget_type=\"text-editor.default\">\n\t\t\t\t<div class=\"elementor-widget-container\">\n\t\t\t\t\t\t\t\t\t<h4>Qu&rsquo;est-ce qui fait la r\u00e9ussite d&rsquo;un traitement de canal ?<\/h4>\n<p>Le traitement endodontique exige une grande pr\u00e9cision et une grande rigueur. Si l&rsquo;espace interne de la dent n&rsquo;est pas d\u00e9sinfect\u00e9 en profondeur et scell\u00e9 de mani\u00e8re ad\u00e9quate, les m\u00eames probl\u00e8mes risquent de refaire surface.<\/p>\n<p>Le succ\u00e8s du traitement de canal d\u00e9pend de plusieurs facteurs. Il est essentiel de trouver tous les canaux, car une molaire peut en avoir jusqu&rsquo;\u00e0 quatre, et m\u00eame rarement cinq.<\/p>\n<p>Au Cabinet Dentaire D, nous utilisons les technologies d&rsquo;imagerie les plus avanc\u00e9es et des \u00e9quipements de pointe pour obtenir les meilleurs r\u00e9sultats et traiter compl\u00e8tement votre dent affect\u00e9e de la mani\u00e8re la plus efficace et la plus confortable. <\/p>\t\t\t\t\t\t\t\t<\/div>\n\t\t\t\t<\/div>\n\t\t\t\t<\/div>\n\t\t\t\t\t<\/div>\n\t\t\t\t<\/div>\n\t\t\t\t<\/div>\n\t\t<div class=\"elementor-element elementor-element-74df8fd e-flex e-con-boxed e-con e-parent\" data-id=\"74df8fd\" data-element_type=\"container\" data-e-type=\"container\" data-settings=\"{&quot;background_background&quot;:&quot;classic&quot;}\">\n\t\t\t\t\t<div class=\"e-con-inner\">\n\t\t<div class=\"elementor-element elementor-element-ddfef76 e-con-full e-flex e-con e-child\" data-id=\"ddfef76\" data-element_type=\"container\" data-e-type=\"container\">\n\t\t\t\t<div class=\"elementor-element elementor-element-a1a71c1 elementor-widget elementor-widget-heading\" data-id=\"a1a71c1\" data-element_type=\"widget\" data-e-type=\"widget\" data-widget_type=\"heading.default\">\n\t\t\t\t<div class=\"elementor-widget-container\">\n\t\t\t\t\t<h4 class=\"elementor-heading-title elementor-size-default\">Pensez-vous avoir besoin d'un traitement de canal ?<\/h4>\t\t\t\t<\/div>\n\t\t\t\t<\/div>\n\t\t\t\t<div class=\"elementor-element elementor-element-c8a63d6 elementor-widget elementor-widget-text-editor\" data-id=\"c8a63d6\" data-element_type=\"widget\" data-e-type=\"widget\" data-widget_type=\"text-editor.default\">\n\t\t\t\t<div class=\"elementor-widget-container\">\n\t\t\t\t\t\t\t\t\t<p>Laissez notre dentiste exp\u00e9riment\u00e9 examiner vos dents et effectuer un traitement de canal parfait pour vous .&nbsp;<span id=\"docs-internal-guid-fe12f0ba-7fff-da98-fd12-fcdaf8ae1a15\"><span style=\"font-size: 13pt; font-family: Arial; background-color: transparent; font-variant-numeric: normal; font-variant-east-asian: normal; vertical-align: baseline; white-space: pre-wrap;\">soulager<\/span><\/span>&nbsp;soulager de la douleur et restaurer la fonction de votre dent<\/p>\n<p>Appelez-nous au (514) 900-3368<\/p>\t\t\t\t\t\t\t\t<\/div>\n\t\t\t\t<\/div>\n\t\t\t\t<\/div>\n\t\t<div class=\"elementor-element elementor-element-1e2ef8e e-con-full e-flex e-con e-child\" data-id=\"1e2ef8e\" data-element_type=\"container\" data-e-type=\"container\" data-settings=\"{&quot;background_background&quot;:&quot;classic&quot;}\">\n\t\t<div class=\"elementor-element elementor-element-294585f e-flex e-con-boxed e-con e-child\" data-id=\"294585f\" data-element_type=\"container\" data-e-type=\"container\">\n\t\t\t\t\t<div class=\"e-con-inner\">\n\t\t\t\t<div class=\"elementor-element elementor-element-f482bb8 elementor-align-center elementor-widget elementor-widget-button\" data-id=\"f482bb8\" data-element_type=\"widget\" data-e-type=\"widget\" data-widget_type=\"button.default\">\n\t\t\t\t<div class=\"elementor-widget-container\">\n\t\t\t\t\t\t\t\t\t<div class=\"elementor-button-wrapper\">\n\t\t\t\t\t<a class=\"elementor-button elementor-button-link elementor-size-sm\" href=\"#elementor-action%3Aaction%3Dpopup%3Aopen%26settings%3DeyJpZCI6MjY3MCwidG9nZ2xlIjpmYWxzZX0%3D\">\n\t\t\t\t\t\t<span class=\"elementor-button-content-wrapper\">\n\t\t\t\t\t\t\t\t\t<span class=\"elementor-button-text\">R\u00e9server en ligne<\/span>\n\t\t\t\t\t<\/span>\n\t\t\t\t\t<\/a>\n\t\t\t\t<\/div>\n\t\t\t\t\t\t\t\t<\/div>\n\t\t\t\t<\/div>\n\t\t\t\t\t<\/div>\n\t\t\t\t<\/div>\n\t\t\t\t<\/div>\n\t\t\t\t\t<\/div>\n\t\t\t\t<\/div>\n\t\t\t\t<\/div>\n\t\t","protected":false},"excerpt":{"rendered":"<p>Traitement de Canal Au Cabinet Dentaire D dans l&rsquo;Ouest de l&rsquo;\u00cele Arr\u00eatez la douleur et sauvez vos dents gr\u00e2ce \u00e0 nos services dentaires endodontiques exp\u00e9riment\u00e9s et avanc\u00e9s. Qu&rsquo;est-ce qu&rsquo;un traitement de canal ? Un traitement de canal est une proc\u00e9dure dentaire destin\u00e9e \u00e0 \u00e9liminer les bact\u00e9ries des espaces int\u00e9rieurs qui s&rsquo;infectent en raison de caries &#8230; <a title=\"Traitement de Canal\" class=\"read-more\" href=\"https:\/\/www.ddentaloffice.com\/fr\/traitement-de-canal\/\" aria-label=\"Read more about Traitement de Canal\">Lire la suite<\/a><\/p>\n","protected":false},"author":3,"featured_media":0,"parent":0,"menu_order":0,"comment_status":"closed","ping_status":"closed","template":"","meta":{"footnotes":""},"class_list":["post-2623","page","type-page","status-publish"],"yoast_head":"<!-- This site is optimized with the Yoast SEO Premium plugin v20.8 (Yoast SEO v27.4) - https:\/\/yoast.com\/product\/yoast-seo-premium-wordpress\/ -->\n<title>Traitement de Canal - Cabinet Dentaire D<\/title>\n<meta name=\"robots\" content=\"index, follow, max-snippet:-1, max-image-preview:large, max-video-preview:-1\" \/>\n<link rel=\"canonical\" href=\"https:\/\/www.ddentaloffice.com\/fr\/traitement-de-canal\/\" \/>\n<meta property=\"og:locale\" content=\"fr_FR\" \/>\n<meta property=\"og:type\" content=\"article\" \/>\n<meta property=\"og:title\" content=\"Traitement de Canal\" \/>\n<meta property=\"og:description\" content=\"Traitement de Canal Au Cabinet Dentaire D dans l&rsquo;Ouest de l&rsquo;\u00cele Arr\u00eatez la douleur et sauvez vos dents gr\u00e2ce \u00e0 nos services dentaires endodontiques exp\u00e9riment\u00e9s et avanc\u00e9s. Qu&rsquo;est-ce qu&rsquo;un traitement de canal ? Un traitement de canal est une proc\u00e9dure dentaire destin\u00e9e \u00e0 \u00e9liminer les bact\u00e9ries des espaces int\u00e9rieurs qui s&rsquo;infectent en raison de caries ... Lire la suite\" \/>\n<meta property=\"og:url\" content=\"https:\/\/www.ddentaloffice.com\/fr\/traitement-de-canal\/\" \/>\n<meta property=\"og:site_name\" content=\"D Dental Office\" \/>\n<meta property=\"article:publisher\" content=\"https:\/\/www.facebook.com\/ddentalofficemtl\" \/>\n<meta property=\"article:modified_time\" content=\"2023-11-07T19:04:48+00:00\" \/>\n<meta property=\"og:image\" content=\"https:\/\/www.ddentaloffice.com\/wp-content\/uploads\/2022\/06\/Root-Canal.png\" \/>\n<meta name=\"twitter:card\" content=\"summary_large_image\" \/>\n<meta name=\"twitter:label1\" content=\"Dur\u00e9e de lecture estim\u00e9e\" \/>\n\t<meta name=\"twitter:data1\" content=\"3 minutes\" \/>\n<script type=\"application\/ld+json\" class=\"yoast-schema-graph\">{\"@context\":\"https:\\\/\\\/schema.org\",\"@graph\":[{\"@type\":\"WebPage\",\"@id\":\"https:\\\/\\\/www.ddentaloffice.com\\\/fr\\\/traitement-de-canal\\\/\",\"url\":\"https:\\\/\\\/www.ddentaloffice.com\\\/fr\\\/traitement-de-canal\\\/\",\"name\":\"Traitement de Canal - Cabinet Dentaire D\",\"isPartOf\":{\"@id\":\"https:\\\/\\\/www.ddentaloffice.com\\\/fr\\\/#website\"},\"primaryImageOfPage\":{\"@id\":\"https:\\\/\\\/www.ddentaloffice.com\\\/fr\\\/traitement-de-canal\\\/#primaryimage\"},\"image\":{\"@id\":\"https:\\\/\\\/www.ddentaloffice.com\\\/fr\\\/traitement-de-canal\\\/#primaryimage\"},\"thumbnailUrl\":\"https:\\\/\\\/www.ddentaloffice.com\\\/wp-content\\\/uploads\\\/2022\\\/06\\\/Root-Canal.png\",\"datePublished\":\"2022-06-04T15:17:02+00:00\",\"dateModified\":\"2023-11-07T19:04:48+00:00\",\"breadcrumb\":{\"@id\":\"https:\\\/\\\/www.ddentaloffice.com\\\/fr\\\/traitement-de-canal\\\/#breadcrumb\"},\"inLanguage\":\"fr-FR\",\"potentialAction\":[{\"@type\":\"ReadAction\",\"target\":[\"https:\\\/\\\/www.ddentaloffice.com\\\/fr\\\/traitement-de-canal\\\/\"]}]},{\"@type\":\"ImageObject\",\"inLanguage\":\"fr-FR\",\"@id\":\"https:\\\/\\\/www.ddentaloffice.com\\\/fr\\\/traitement-de-canal\\\/#primaryimage\",\"url\":\"https:\\\/\\\/www.ddentaloffice.com\\\/wp-content\\\/uploads\\\/2022\\\/06\\\/Root-Canal.png\",\"contentUrl\":\"https:\\\/\\\/www.ddentaloffice.com\\\/wp-content\\\/uploads\\\/2022\\\/06\\\/Root-Canal.png\"},{\"@type\":\"BreadcrumbList\",\"@id\":\"https:\\\/\\\/www.ddentaloffice.com\\\/fr\\\/traitement-de-canal\\\/#breadcrumb\",\"itemListElement\":[{\"@type\":\"ListItem\",\"position\":1,\"name\":\"Home\",\"item\":\"https:\\\/\\\/www.ddentaloffice.com\\\/fr\\\/\"},{\"@type\":\"ListItem\",\"position\":2,\"name\":\"Traitement de Canal\"}]},{\"@type\":\"WebSite\",\"@id\":\"https:\\\/\\\/www.ddentaloffice.com\\\/fr\\\/#website\",\"url\":\"https:\\\/\\\/www.ddentaloffice.com\\\/fr\\\/\",\"name\":\"D Dental Office\",\"description\":\"Comprehensive, Patient-centred and State-of-the-Art Dental Care\",\"publisher\":{\"@id\":\"https:\\\/\\\/www.ddentaloffice.com\\\/fr\\\/#organization\"},\"potentialAction\":[{\"@type\":\"SearchAction\",\"target\":{\"@type\":\"EntryPoint\",\"urlTemplate\":\"https:\\\/\\\/www.ddentaloffice.com\\\/fr\\\/?s={search_term_string}\"},\"query-input\":{\"@type\":\"PropertyValueSpecification\",\"valueRequired\":true,\"valueName\":\"search_term_string\"}}],\"inLanguage\":\"fr-FR\"},{\"@type\":\"Organization\",\"@id\":\"https:\\\/\\\/www.ddentaloffice.com\\\/fr\\\/#organization\",\"name\":\"D Dental Office\",\"url\":\"https:\\\/\\\/www.ddentaloffice.com\\\/fr\\\/\",\"logo\":{\"@type\":\"ImageObject\",\"inLanguage\":\"fr-FR\",\"@id\":\"https:\\\/\\\/www.ddentaloffice.com\\\/fr\\\/#\\\/schema\\\/logo\\\/image\\\/\",\"url\":\"https:\\\/\\\/www.ddentaloffice.com\\\/wp-content\\\/uploads\\\/2022\\\/03\\\/cropped-D-Dental-Office-Logo-350x100px-1.png\",\"contentUrl\":\"https:\\\/\\\/www.ddentaloffice.com\\\/wp-content\\\/uploads\\\/2022\\\/03\\\/cropped-D-Dental-Office-Logo-350x100px-1.png\",\"width\":351,\"height\":144,\"caption\":\"D Dental Office\"},\"image\":{\"@id\":\"https:\\\/\\\/www.ddentaloffice.com\\\/fr\\\/#\\\/schema\\\/logo\\\/image\\\/\"},\"sameAs\":[\"https:\\\/\\\/www.facebook.com\\\/ddentalofficemtl\",\"https:\\\/\\\/www.instagram.com\\\/ddentaloffice\\\/\",\"https:\\\/\\\/g.page\\\/ddentaloffice-ddo\"]}]}<\/script>\n<!-- \/ Yoast SEO Premium plugin. -->","yoast_head_json":{"title":"Traitement de Canal - Cabinet Dentaire D","robots":{"index":"index","follow":"follow","max-snippet":"max-snippet:-1","max-image-preview":"max-image-preview:large","max-video-preview":"max-video-preview:-1"},"canonical":"https:\/\/www.ddentaloffice.com\/fr\/traitement-de-canal\/","og_locale":"fr_FR","og_type":"article","og_title":"Traitement de Canal","og_description":"Traitement de Canal Au Cabinet Dentaire D dans l&rsquo;Ouest de l&rsquo;\u00cele Arr\u00eatez la douleur et sauvez vos dents gr\u00e2ce \u00e0 nos services dentaires endodontiques exp\u00e9riment\u00e9s et avanc\u00e9s. Qu&rsquo;est-ce qu&rsquo;un traitement de canal ? Un traitement de canal est une proc\u00e9dure dentaire destin\u00e9e \u00e0 \u00e9liminer les bact\u00e9ries des espaces int\u00e9rieurs qui s&rsquo;infectent en raison de caries ... Lire la suite","og_url":"https:\/\/www.ddentaloffice.com\/fr\/traitement-de-canal\/","og_site_name":"D Dental Office","article_publisher":"https:\/\/www.facebook.com\/ddentalofficemtl","article_modified_time":"2023-11-07T19:04:48+00:00","og_image":[{"url":"https:\/\/www.ddentaloffice.com\/wp-content\/uploads\/2022\/06\/Root-Canal.png","type":"","width":"","height":""}],"twitter_card":"summary_large_image","twitter_misc":{"Dur\u00e9e de lecture estim\u00e9e":"3 minutes"},"schema":{"@context":"https:\/\/schema.org","@graph":[{"@type":"WebPage","@id":"https:\/\/www.ddentaloffice.com\/fr\/traitement-de-canal\/","url":"https:\/\/www.ddentaloffice.com\/fr\/traitement-de-canal\/","name":"Traitement de Canal - Cabinet Dentaire D","isPartOf":{"@id":"https:\/\/www.ddentaloffice.com\/fr\/#website"},"primaryImageOfPage":{"@id":"https:\/\/www.ddentaloffice.com\/fr\/traitement-de-canal\/#primaryimage"},"image":{"@id":"https:\/\/www.ddentaloffice.com\/fr\/traitement-de-canal\/#primaryimage"},"thumbnailUrl":"https:\/\/www.ddentaloffice.com\/wp-content\/uploads\/2022\/06\/Root-Canal.png","datePublished":"2022-06-04T15:17:02+00:00","dateModified":"2023-11-07T19:04:48+00:00","breadcrumb":{"@id":"https:\/\/www.ddentaloffice.com\/fr\/traitement-de-canal\/#breadcrumb"},"inLanguage":"fr-FR","potentialAction":[{"@type":"ReadAction","target":["https:\/\/www.ddentaloffice.com\/fr\/traitement-de-canal\/"]}]},{"@type":"ImageObject","inLanguage":"fr-FR","@id":"https:\/\/www.ddentaloffice.com\/fr\/traitement-de-canal\/#primaryimage","url":"https:\/\/www.ddentaloffice.com\/wp-content\/uploads\/2022\/06\/Root-Canal.png","contentUrl":"https:\/\/www.ddentaloffice.com\/wp-content\/uploads\/2022\/06\/Root-Canal.png"},{"@type":"BreadcrumbList","@id":"https:\/\/www.ddentaloffice.com\/fr\/traitement-de-canal\/#breadcrumb","itemListElement":[{"@type":"ListItem","position":1,"name":"Home","item":"https:\/\/www.ddentaloffice.com\/fr\/"},{"@type":"ListItem","position":2,"name":"Traitement de Canal"}]},{"@type":"WebSite","@id":"https:\/\/www.ddentaloffice.com\/fr\/#website","url":"https:\/\/www.ddentaloffice.com\/fr\/","name":"D Dental Office","description":"Comprehensive, Patient-centred and State-of-the-Art Dental Care","publisher":{"@id":"https:\/\/www.ddentaloffice.com\/fr\/#organization"},"potentialAction":[{"@type":"SearchAction","target":{"@type":"EntryPoint","urlTemplate":"https:\/\/www.ddentaloffice.com\/fr\/?s={search_term_string}"},"query-input":{"@type":"PropertyValueSpecification","valueRequired":true,"valueName":"search_term_string"}}],"inLanguage":"fr-FR"},{"@type":"Organization","@id":"https:\/\/www.ddentaloffice.com\/fr\/#organization","name":"D Dental Office","url":"https:\/\/www.ddentaloffice.com\/fr\/","logo":{"@type":"ImageObject","inLanguage":"fr-FR","@id":"https:\/\/www.ddentaloffice.com\/fr\/#\/schema\/logo\/image\/","url":"https:\/\/www.ddentaloffice.com\/wp-content\/uploads\/2022\/03\/cropped-D-Dental-Office-Logo-350x100px-1.png","contentUrl":"https:\/\/www.ddentaloffice.com\/wp-content\/uploads\/2022\/03\/cropped-D-Dental-Office-Logo-350x100px-1.png","width":351,"height":144,"caption":"D Dental Office"},"image":{"@id":"https:\/\/www.ddentaloffice.com\/fr\/#\/schema\/logo\/image\/"},"sameAs":["https:\/\/www.facebook.com\/ddentalofficemtl","https:\/\/www.instagram.com\/ddentaloffice\/","https:\/\/g.page\/ddentaloffice-ddo"]}]}},"_links":{"self":[{"href":"https:\/\/www.ddentaloffice.com\/fr\/wp-json\/wp\/v2\/pages\/2623","targetHints":{"allow":["GET"]}}],"collection":[{"href":"https:\/\/www.ddentaloffice.com\/fr\/wp-json\/wp\/v2\/pages"}],"about":[{"href":"https:\/\/www.ddentaloffice.com\/fr\/wp-json\/wp\/v2\/types\/page"}],"author":[{"embeddable":true,"href":"https:\/\/www.ddentaloffice.com\/fr\/wp-json\/wp\/v2\/users\/3"}],"replies":[{"embeddable":true,"href":"https:\/\/www.ddentaloffice.com\/fr\/wp-json\/wp\/v2\/comments?post=2623"}],"version-history":[{"count":9,"href":"https:\/\/www.ddentaloffice.com\/fr\/wp-json\/wp\/v2\/pages\/2623\/revisions"}],"predecessor-version":[{"id":4549,"href":"https:\/\/www.ddentaloffice.com\/fr\/wp-json\/wp\/v2\/pages\/2623\/revisions\/4549"}],"wp:attachment":[{"href":"https:\/\/www.ddentaloffice.com\/fr\/wp-json\/wp\/v2\/media?parent=2623"}],"curies":[{"name":"wp","href":"https:\/\/api.w.org\/{rel}","templated":true}]}}