{"id":2650,"date":"2022-06-19T01:20:07","date_gmt":"2022-06-19T01:20:07","guid":{"rendered":"https:\/\/www.ddentaloffice.com\/instructions-postoperatoires\/"},"modified":"2022-08-26T13:27:37","modified_gmt":"2022-08-26T13:27:37","slug":"instructions-postoperatoires","status":"publish","type":"page","link":"https:\/\/www.ddentaloffice.com\/fr\/instructions-postoperatoires\/","title":{"rendered":"Instructions Postop\u00e9ratoires"},"content":{"rendered":"\t\t<div data-elementor-type=\"wp-page\" data-elementor-id=\"2650\" class=\"elementor elementor-2650 elementor-2279\" data-elementor-post-type=\"page\">\n\t\t\t\t<div class=\"elementor-element elementor-element-477bce27 e-con-full e-flex e-con e-parent\" data-id=\"477bce27\" data-element_type=\"container\" data-e-type=\"container\" data-settings=\"{&quot;background_background&quot;:&quot;classic&quot;}\">\n\t\t<div class=\"elementor-element elementor-element-2b3f5080 e-con-full e-flex e-con e-parent\" data-id=\"2b3f5080\" data-element_type=\"container\" data-e-type=\"container\">\n\t\t<div class=\"elementor-element elementor-element-48a27f42 e-flex e-con-boxed e-con e-parent\" data-id=\"48a27f42\" data-element_type=\"container\" data-e-type=\"container\">\n\t\t\t\t\t<div class=\"e-con-inner\">\n\t\t<div class=\"elementor-element elementor-element-755b438a e-con-full e-flex e-con e-parent\" data-id=\"755b438a\" data-element_type=\"container\" data-e-type=\"container\">\n\t\t\t\t<div class=\"elementor-element elementor-element-48d404c9 elementor-widget elementor-widget-heading\" data-id=\"48d404c9\" data-element_type=\"widget\" data-e-type=\"widget\" data-widget_type=\"heading.default\">\n\t\t\t\t<div class=\"elementor-widget-container\">\n\t\t\t\t\t<h2 class=\"elementor-heading-title elementor-size-default\">Instructions Postop\u00e9ratoires<br><\/h2>\t\t\t\t<\/div>\n\t\t\t\t<\/div>\n\t\t\t\t<div class=\"elementor-element elementor-element-430cd3c7 elementor-widget elementor-widget-spacer\" data-id=\"430cd3c7\" data-element_type=\"widget\" data-e-type=\"widget\" data-widget_type=\"spacer.default\">\n\t\t\t\t<div class=\"elementor-widget-container\">\n\t\t\t\t\t\t\t<div class=\"elementor-spacer\">\n\t\t\t<div class=\"elementor-spacer-inner\"><\/div>\n\t\t<\/div>\n\t\t\t\t\t\t<\/div>\n\t\t\t\t<\/div>\n\t\t\t\t<div class=\"elementor-element elementor-element-583fab32 elementor-widget elementor-widget-heading\" data-id=\"583fab32\" data-element_type=\"widget\" data-e-type=\"widget\" data-widget_type=\"heading.default\">\n\t\t\t\t<div class=\"elementor-widget-container\">\n\t\t\t\t\t<h5 class=\"elementor-heading-title elementor-size-default\">Veuillez suivre attentivement chaque instruction afin de favoriser une gu\u00e9rison normale et d'\u00e9viter les complications.<\/h5>\t\t\t\t<\/div>\n\t\t\t\t<\/div>\n\t\t\t\t<div class=\"elementor-element elementor-element-16f162e4 elementor-widget elementor-widget-spacer\" data-id=\"16f162e4\" data-element_type=\"widget\" data-e-type=\"widget\" data-widget_type=\"spacer.default\">\n\t\t\t\t<div class=\"elementor-widget-container\">\n\t\t\t\t\t\t\t<div class=\"elementor-spacer\">\n\t\t\t<div class=\"elementor-spacer-inner\"><\/div>\n\t\t<\/div>\n\t\t\t\t\t\t<\/div>\n\t\t\t\t<\/div>\n\t\t\t\t<\/div>\n\t\t<div class=\"elementor-element elementor-element-636bada8 e-flex e-con-boxed e-con e-parent\" data-id=\"636bada8\" data-element_type=\"container\" data-e-type=\"container\">\n\t\t\t\t\t<div class=\"e-con-inner\">\n\t\t<div class=\"elementor-element elementor-element-399a8547 e-flex e-con-boxed e-con e-parent\" data-id=\"399a8547\" data-element_type=\"container\" data-e-type=\"container\">\n\t\t\t\t\t<div class=\"e-con-inner\">\n\t\t\t\t<div class=\"elementor-element elementor-element-386d32b4 elementor-widget elementor-widget-text-editor\" data-id=\"386d32b4\" data-element_type=\"widget\" data-e-type=\"widget\" data-widget_type=\"text-editor.default\">\n\t\t\t\t<div class=\"elementor-widget-container\">\n\t\t\t\t\t\t\t\t\t<ul><li class=\"pb-15\">* <span class=\"semibold\">Fumer est extr\u00eamement dangereux<\/span> apr\u00e8s une extraction ou toute autre intervention chirurgicale. \u00c9vitez de fumer pendant au moins 3 jours.<\/li><li class=\"pb-15\"><span class=\"semibold\">* Maintenez une l\u00e9g\u00e8re pression constante sur la gaze pendant au moins 30 minutes.<\/span> Ne d\u00e9placez pas la gaze et ne la m\u00e2chez pas.<\/li><li class=\"pb-15\"><span class=\"semibold\">* Apr\u00e8s 30 minutes, retirez doucement la gaze, jetez-la, asseyez-vous et d\u00e9tendez-vous pendant une heure.<\/span> Essayez de rester aussi immobile que possible pendant ce temps et \u00e9vitez de vous pencher.<\/li><li class=\"pb-15\">* <span class=\"semibold\">Apr\u00e8s une heure de d\u00e9tente<\/span>, vous pouvez commencer \u00e0 boire des aliments liquides froids. Nourrissez-vous bien, vous gu\u00e9rirez plus vite. Choisissez des aliments sains comme les smoothies aux l\u00e9gumes et aux fruits. \u00c9vitez tout ce qui est sucr\u00e9, chaud ou \u00e9pic\u00e9 qui peut irriter le site chirurgical.<\/li><\/ul>\t\t\t\t\t\t\t\t<\/div>\n\t\t\t\t<\/div>\n\t\t\t\t<div class=\"elementor-element elementor-element-31413835 elementor-widget elementor-widget-heading\" data-id=\"31413835\" data-element_type=\"widget\" data-e-type=\"widget\" data-widget_type=\"heading.default\">\n\t\t\t\t<div class=\"elementor-widget-container\">\n\t\t\t\t\t<h5 class=\"elementor-heading-title elementor-size-default\">Exemples de recettes de smoothie<\/h5>\t\t\t\t<\/div>\n\t\t\t\t<\/div>\n\t\t<div class=\"elementor-element elementor-element-8f84048 e-flex e-con-boxed e-con e-parent\" data-id=\"8f84048\" data-element_type=\"container\" data-e-type=\"container\">\n\t\t\t\t\t<div class=\"e-con-inner\">\n\t\t\t\t<div class=\"elementor-element elementor-element-36d9197e elementor-widget elementor-widget-image\" data-id=\"36d9197e\" data-element_type=\"widget\" data-e-type=\"widget\" data-widget_type=\"image.default\">\n\t\t\t\t<div class=\"elementor-widget-container\">\n\t\t\t\t\t\t\t\t\t\t\t\t\t\t\t<img fetchpriority=\"high\" decoding=\"async\" width=\"900\" height=\"394\" src=\"https:\/\/www.ddentaloffice.com\/wp-content\/uploads\/2022\/07\/Screen-Shot-2022-07-20-at-12.18.39-PM-1024x448.png\" class=\"attachment-large size-large wp-image-2295\" alt=\"\" srcset=\"https:\/\/www.ddentaloffice.com\/wp-content\/uploads\/2022\/07\/Screen-Shot-2022-07-20-at-12.18.39-PM-1024x448.png 1024w, https:\/\/www.ddentaloffice.com\/wp-content\/uploads\/2022\/07\/Screen-Shot-2022-07-20-at-12.18.39-PM-300x131.png 300w, https:\/\/www.ddentaloffice.com\/wp-content\/uploads\/2022\/07\/Screen-Shot-2022-07-20-at-12.18.39-PM-768x336.png 768w, https:\/\/www.ddentaloffice.com\/wp-content\/uploads\/2022\/07\/Screen-Shot-2022-07-20-at-12.18.39-PM-1536x672.png 1536w, https:\/\/www.ddentaloffice.com\/wp-content\/uploads\/2022\/07\/Screen-Shot-2022-07-20-at-12.18.39-PM.png 1632w\" sizes=\"(max-width: 900px) 100vw, 900px\" \/>\t\t\t\t\t\t\t\t\t\t\t\t\t\t\t<\/div>\n\t\t\t\t<\/div>\n\t\t\t\t\t<\/div>\n\t\t\t\t<\/div>\n\t\t<div class=\"elementor-element elementor-element-537e7f02 e-flex e-con-boxed e-con e-parent\" data-id=\"537e7f02\" data-element_type=\"container\" data-e-type=\"container\">\n\t\t\t\t\t<div class=\"e-con-inner\">\n\t\t\t\t<div class=\"elementor-element elementor-element-5d5e9efb elementor-widget elementor-widget-text-editor\" data-id=\"5d5e9efb\" data-element_type=\"widget\" data-e-type=\"widget\" data-widget_type=\"text-editor.default\">\n\t\t\t\t<div class=\"elementor-widget-container\">\n\t\t\t\t\t\t\t\t\t<ul class=\"pb-30\"><li><span class=\"semibold\">Pendant 24 heures, \u00e9vitez de rincer, cracher ou de boire avec une paille. <\/span>\u00c9vitez tout mouvement susceptible de d\u00e9loger ou de dissoudre le caillot sanguin fragile, \u00e9vitez donc toute pression ou aspiration dans la bouche. \u00c9vitez \u00e9galement de vous moucher.<\/li><\/ul><p class=\"pb-37\">Si vous ressentez le besoin de cracher, poussez-le doucement avec votre langue sur du papier de soie. Le rin\u00e7age n&rsquo;est recommand\u00e9 que 24 heures apr\u00e8s la chirurgie. Vous pouvez commencer \u00e0 rincer seulement ensuite, avec un verre d&rsquo;eau ti\u00e8de m\u00e9lang\u00e9 \u00e0 une cuill\u00e8re \u00e0 caf\u00e9 de sel ou avec du th\u00e9 vert, 3 \u00e0 5 fois par jour.<\/p><ul><li class=\"pb-15 pb-15-mobile\"><span class=\"semibold\">Pendant les premi\u00e8res 24 heures, un peu de saignement est normal. <\/span>Ne vous en faite pas. S&rsquo;il persiste, prenez un sachet de th\u00e9, soit du th\u00e9 noir ou du th\u00e9 vert, et placez-le EXACTEMENT sur le site et mordez dessus avec une pression constante pendant au moins 30 minutes.<\/li><li class=\"pb-15 pb-15-mobile\"><span class=\"semibold\">\u00c9vitez toute activit\u00e9 physique pendant 2 jours.<\/span><\/li><li class=\"pb-15 pb-15-mobile\"><span class=\"semibold\">Continuez \u00e0 prendre votre m\u00e9dicament exactement comme prescrit par votre dentiste<\/span>, sauf si vous sentez qu&rsquo;il vous cause de l&rsquo;inconfort, auquel cas arr\u00eatez et appelez le bureau le jour ouvrable suivant.<\/li><\/ul>\t\t\t\t\t\t\t\t<\/div>\n\t\t\t\t<\/div>\n\t\t\t\t\t<\/div>\n\t\t\t\t<\/div>\n\t\t\t\t\t<\/div>\n\t\t\t\t<\/div>\n\t\t\t\t\t<\/div>\n\t\t\t\t<\/div>\n\t\t\t\t\t<\/div>\n\t\t\t\t<\/div>\n\t\t\t\t<\/div>\n\t\t\t\t<\/div>\n\t\t\t\t<\/div>\n\t\t","protected":false},"excerpt":{"rendered":"<p>Instructions Postop\u00e9ratoires Veuillez suivre attentivement chaque instruction afin de favoriser une gu\u00e9rison normale et d&rsquo;\u00e9viter les complications. * Fumer est extr\u00eamement dangereux apr\u00e8s une extraction ou toute autre intervention chirurgicale. \u00c9vitez de fumer pendant au moins 3 jours. * Maintenez une l\u00e9g\u00e8re pression constante sur la gaze pendant au moins 30 minutes. Ne d\u00e9placez pas &#8230; <a title=\"Instructions Postop\u00e9ratoires\" class=\"read-more\" href=\"https:\/\/www.ddentaloffice.com\/fr\/instructions-postoperatoires\/\" aria-label=\"Read more about Instructions Postop\u00e9ratoires\">Lire la suite<\/a><\/p>\n","protected":false},"author":3,"featured_media":0,"parent":0,"menu_order":0,"comment_status":"closed","ping_status":"closed","template":"","meta":{"footnotes":""},"class_list":["post-2650","page","type-page","status-publish"],"yoast_head":"<!-- This site is optimized with the Yoast SEO Premium plugin v20.8 (Yoast SEO v27.4) - https:\/\/yoast.com\/product\/yoast-seo-premium-wordpress\/ -->\n<title>Instructions Postop\u00e9ratoires - Cabinet Dentaire D<\/title>\n<meta name=\"robots\" content=\"index, follow, max-snippet:-1, max-image-preview:large, max-video-preview:-1\" \/>\n<link rel=\"canonical\" href=\"https:\/\/www.ddentaloffice.com\/fr\/instructions-postoperatoires\/\" \/>\n<meta property=\"og:locale\" content=\"fr_FR\" \/>\n<meta property=\"og:type\" content=\"article\" \/>\n<meta property=\"og:title\" content=\"Instructions Postop\u00e9ratoires\" \/>\n<meta property=\"og:description\" content=\"Instructions Postop\u00e9ratoires Veuillez suivre attentivement chaque instruction afin de favoriser une gu\u00e9rison normale et d&rsquo;\u00e9viter les complications. * Fumer est extr\u00eamement dangereux apr\u00e8s une extraction ou toute autre intervention chirurgicale. \u00c9vitez de fumer pendant au moins 3 jours. * Maintenez une l\u00e9g\u00e8re pression constante sur la gaze pendant au moins 30 minutes. Ne d\u00e9placez pas ... Lire la suite\" \/>\n<meta property=\"og:url\" content=\"https:\/\/www.ddentaloffice.com\/fr\/instructions-postoperatoires\/\" \/>\n<meta property=\"og:site_name\" content=\"D Dental Office\" \/>\n<meta property=\"article:publisher\" content=\"https:\/\/www.facebook.com\/ddentalofficemtl\" \/>\n<meta property=\"article:modified_time\" content=\"2022-08-26T13:27:37+00:00\" \/>\n<meta property=\"og:image\" content=\"https:\/\/www.ddentaloffice.com\/wp-content\/uploads\/2022\/06\/Screen-Shot-2022-06-18-at-9.14.08-PM-1024x448.png\" \/>\n<meta name=\"twitter:card\" content=\"summary_large_image\" \/>\n<meta name=\"twitter:label1\" content=\"Dur\u00e9e de lecture estim\u00e9e\" \/>\n\t<meta name=\"twitter:data1\" content=\"2 minutes\" \/>\n<script type=\"application\/ld+json\" class=\"yoast-schema-graph\">{\"@context\":\"https:\\\/\\\/schema.org\",\"@graph\":[{\"@type\":\"WebPage\",\"@id\":\"https:\\\/\\\/www.ddentaloffice.com\\\/fr\\\/instructions-postoperatoires\\\/\",\"url\":\"https:\\\/\\\/www.ddentaloffice.com\\\/fr\\\/instructions-postoperatoires\\\/\",\"name\":\"Instructions Postop\u00e9ratoires - Cabinet Dentaire D\",\"isPartOf\":{\"@id\":\"https:\\\/\\\/www.ddentaloffice.com\\\/fr\\\/#website\"},\"primaryImageOfPage\":{\"@id\":\"https:\\\/\\\/www.ddentaloffice.com\\\/fr\\\/instructions-postoperatoires\\\/#primaryimage\"},\"image\":{\"@id\":\"https:\\\/\\\/www.ddentaloffice.com\\\/fr\\\/instructions-postoperatoires\\\/#primaryimage\"},\"thumbnailUrl\":\"https:\\\/\\\/www.ddentaloffice.com\\\/wp-content\\\/uploads\\\/2022\\\/06\\\/Screen-Shot-2022-06-18-at-9.14.08-PM-1024x448.png\",\"datePublished\":\"2022-06-19T01:20:07+00:00\",\"dateModified\":\"2022-08-26T13:27:37+00:00\",\"breadcrumb\":{\"@id\":\"https:\\\/\\\/www.ddentaloffice.com\\\/fr\\\/instructions-postoperatoires\\\/#breadcrumb\"},\"inLanguage\":\"fr-FR\",\"potentialAction\":[{\"@type\":\"ReadAction\",\"target\":[\"https:\\\/\\\/www.ddentaloffice.com\\\/fr\\\/instructions-postoperatoires\\\/\"]}]},{\"@type\":\"ImageObject\",\"inLanguage\":\"fr-FR\",\"@id\":\"https:\\\/\\\/www.ddentaloffice.com\\\/fr\\\/instructions-postoperatoires\\\/#primaryimage\",\"url\":\"https:\\\/\\\/www.ddentaloffice.com\\\/wp-content\\\/uploads\\\/2022\\\/06\\\/Screen-Shot-2022-06-18-at-9.14.08-PM-1024x448.png\",\"contentUrl\":\"https:\\\/\\\/www.ddentaloffice.com\\\/wp-content\\\/uploads\\\/2022\\\/06\\\/Screen-Shot-2022-06-18-at-9.14.08-PM-1024x448.png\"},{\"@type\":\"BreadcrumbList\",\"@id\":\"https:\\\/\\\/www.ddentaloffice.com\\\/fr\\\/instructions-postoperatoires\\\/#breadcrumb\",\"itemListElement\":[{\"@type\":\"ListItem\",\"position\":1,\"name\":\"Home\",\"item\":\"https:\\\/\\\/www.ddentaloffice.com\\\/fr\\\/\"},{\"@type\":\"ListItem\",\"position\":2,\"name\":\"Instructions Postop\u00e9ratoires\"}]},{\"@type\":\"WebSite\",\"@id\":\"https:\\\/\\\/www.ddentaloffice.com\\\/fr\\\/#website\",\"url\":\"https:\\\/\\\/www.ddentaloffice.com\\\/fr\\\/\",\"name\":\"D Dental Office\",\"description\":\"Comprehensive, Patient-centred and State-of-the-Art Dental Care\",\"publisher\":{\"@id\":\"https:\\\/\\\/www.ddentaloffice.com\\\/fr\\\/#organization\"},\"potentialAction\":[{\"@type\":\"SearchAction\",\"target\":{\"@type\":\"EntryPoint\",\"urlTemplate\":\"https:\\\/\\\/www.ddentaloffice.com\\\/fr\\\/?s={search_term_string}\"},\"query-input\":{\"@type\":\"PropertyValueSpecification\",\"valueRequired\":true,\"valueName\":\"search_term_string\"}}],\"inLanguage\":\"fr-FR\"},{\"@type\":\"Organization\",\"@id\":\"https:\\\/\\\/www.ddentaloffice.com\\\/fr\\\/#organization\",\"name\":\"D Dental Office\",\"url\":\"https:\\\/\\\/www.ddentaloffice.com\\\/fr\\\/\",\"logo\":{\"@type\":\"ImageObject\",\"inLanguage\":\"fr-FR\",\"@id\":\"https:\\\/\\\/www.ddentaloffice.com\\\/fr\\\/#\\\/schema\\\/logo\\\/image\\\/\",\"url\":\"https:\\\/\\\/www.ddentaloffice.com\\\/wp-content\\\/uploads\\\/2022\\\/03\\\/cropped-D-Dental-Office-Logo-350x100px-1.png\",\"contentUrl\":\"https:\\\/\\\/www.ddentaloffice.com\\\/wp-content\\\/uploads\\\/2022\\\/03\\\/cropped-D-Dental-Office-Logo-350x100px-1.png\",\"width\":351,\"height\":144,\"caption\":\"D Dental Office\"},\"image\":{\"@id\":\"https:\\\/\\\/www.ddentaloffice.com\\\/fr\\\/#\\\/schema\\\/logo\\\/image\\\/\"},\"sameAs\":[\"https:\\\/\\\/www.facebook.com\\\/ddentalofficemtl\",\"https:\\\/\\\/www.instagram.com\\\/ddentaloffice\\\/\",\"https:\\\/\\\/g.page\\\/ddentaloffice-ddo\"]}]}<\/script>\n<!-- \/ Yoast SEO Premium plugin. -->","yoast_head_json":{"title":"Instructions Postop\u00e9ratoires - Cabinet Dentaire D","robots":{"index":"index","follow":"follow","max-snippet":"max-snippet:-1","max-image-preview":"max-image-preview:large","max-video-preview":"max-video-preview:-1"},"canonical":"https:\/\/www.ddentaloffice.com\/fr\/instructions-postoperatoires\/","og_locale":"fr_FR","og_type":"article","og_title":"Instructions Postop\u00e9ratoires","og_description":"Instructions Postop\u00e9ratoires Veuillez suivre attentivement chaque instruction afin de favoriser une gu\u00e9rison normale et d&rsquo;\u00e9viter les complications. * Fumer est extr\u00eamement dangereux apr\u00e8s une extraction ou toute autre intervention chirurgicale. \u00c9vitez de fumer pendant au moins 3 jours. * Maintenez une l\u00e9g\u00e8re pression constante sur la gaze pendant au moins 30 minutes. Ne d\u00e9placez pas ... Lire la suite","og_url":"https:\/\/www.ddentaloffice.com\/fr\/instructions-postoperatoires\/","og_site_name":"D Dental Office","article_publisher":"https:\/\/www.facebook.com\/ddentalofficemtl","article_modified_time":"2022-08-26T13:27:37+00:00","og_image":[{"url":"https:\/\/www.ddentaloffice.com\/wp-content\/uploads\/2022\/06\/Screen-Shot-2022-06-18-at-9.14.08-PM-1024x448.png","type":"","width":"","height":""}],"twitter_card":"summary_large_image","twitter_misc":{"Dur\u00e9e de lecture estim\u00e9e":"2 minutes"},"schema":{"@context":"https:\/\/schema.org","@graph":[{"@type":"WebPage","@id":"https:\/\/www.ddentaloffice.com\/fr\/instructions-postoperatoires\/","url":"https:\/\/www.ddentaloffice.com\/fr\/instructions-postoperatoires\/","name":"Instructions Postop\u00e9ratoires - Cabinet Dentaire D","isPartOf":{"@id":"https:\/\/www.ddentaloffice.com\/fr\/#website"},"primaryImageOfPage":{"@id":"https:\/\/www.ddentaloffice.com\/fr\/instructions-postoperatoires\/#primaryimage"},"image":{"@id":"https:\/\/www.ddentaloffice.com\/fr\/instructions-postoperatoires\/#primaryimage"},"thumbnailUrl":"https:\/\/www.ddentaloffice.com\/wp-content\/uploads\/2022\/06\/Screen-Shot-2022-06-18-at-9.14.08-PM-1024x448.png","datePublished":"2022-06-19T01:20:07+00:00","dateModified":"2022-08-26T13:27:37+00:00","breadcrumb":{"@id":"https:\/\/www.ddentaloffice.com\/fr\/instructions-postoperatoires\/#breadcrumb"},"inLanguage":"fr-FR","potentialAction":[{"@type":"ReadAction","target":["https:\/\/www.ddentaloffice.com\/fr\/instructions-postoperatoires\/"]}]},{"@type":"ImageObject","inLanguage":"fr-FR","@id":"https:\/\/www.ddentaloffice.com\/fr\/instructions-postoperatoires\/#primaryimage","url":"https:\/\/www.ddentaloffice.com\/wp-content\/uploads\/2022\/06\/Screen-Shot-2022-06-18-at-9.14.08-PM-1024x448.png","contentUrl":"https:\/\/www.ddentaloffice.com\/wp-content\/uploads\/2022\/06\/Screen-Shot-2022-06-18-at-9.14.08-PM-1024x448.png"},{"@type":"BreadcrumbList","@id":"https:\/\/www.ddentaloffice.com\/fr\/instructions-postoperatoires\/#breadcrumb","itemListElement":[{"@type":"ListItem","position":1,"name":"Home","item":"https:\/\/www.ddentaloffice.com\/fr\/"},{"@type":"ListItem","position":2,"name":"Instructions Postop\u00e9ratoires"}]},{"@type":"WebSite","@id":"https:\/\/www.ddentaloffice.com\/fr\/#website","url":"https:\/\/www.ddentaloffice.com\/fr\/","name":"D Dental Office","description":"Comprehensive, Patient-centred and State-of-the-Art Dental Care","publisher":{"@id":"https:\/\/www.ddentaloffice.com\/fr\/#organization"},"potentialAction":[{"@type":"SearchAction","target":{"@type":"EntryPoint","urlTemplate":"https:\/\/www.ddentaloffice.com\/fr\/?s={search_term_string}"},"query-input":{"@type":"PropertyValueSpecification","valueRequired":true,"valueName":"search_term_string"}}],"inLanguage":"fr-FR"},{"@type":"Organization","@id":"https:\/\/www.ddentaloffice.com\/fr\/#organization","name":"D Dental Office","url":"https:\/\/www.ddentaloffice.com\/fr\/","logo":{"@type":"ImageObject","inLanguage":"fr-FR","@id":"https:\/\/www.ddentaloffice.com\/fr\/#\/schema\/logo\/image\/","url":"https:\/\/www.ddentaloffice.com\/wp-content\/uploads\/2022\/03\/cropped-D-Dental-Office-Logo-350x100px-1.png","contentUrl":"https:\/\/www.ddentaloffice.com\/wp-content\/uploads\/2022\/03\/cropped-D-Dental-Office-Logo-350x100px-1.png","width":351,"height":144,"caption":"D Dental Office"},"image":{"@id":"https:\/\/www.ddentaloffice.com\/fr\/#\/schema\/logo\/image\/"},"sameAs":["https:\/\/www.facebook.com\/ddentalofficemtl","https:\/\/www.instagram.com\/ddentaloffice\/","https:\/\/g.page\/ddentaloffice-ddo"]}]}},"_links":{"self":[{"href":"https:\/\/www.ddentaloffice.com\/fr\/wp-json\/wp\/v2\/pages\/2650","targetHints":{"allow":["GET"]}}],"collection":[{"href":"https:\/\/www.ddentaloffice.com\/fr\/wp-json\/wp\/v2\/pages"}],"about":[{"href":"https:\/\/www.ddentaloffice.com\/fr\/wp-json\/wp\/v2\/types\/page"}],"author":[{"embeddable":true,"href":"https:\/\/www.ddentaloffice.com\/fr\/wp-json\/wp\/v2\/users\/3"}],"replies":[{"embeddable":true,"href":"https:\/\/www.ddentaloffice.com\/fr\/wp-json\/wp\/v2\/comments?post=2650"}],"version-history":[{"count":5,"href":"https:\/\/www.ddentaloffice.com\/fr\/wp-json\/wp\/v2\/pages\/2650\/revisions"}],"predecessor-version":[{"id":3245,"href":"https:\/\/www.ddentaloffice.com\/fr\/wp-json\/wp\/v2\/pages\/2650\/revisions\/3245"}],"wp:attachment":[{"href":"https:\/\/www.ddentaloffice.com\/fr\/wp-json\/wp\/v2\/media?parent=2650"}],"curies":[{"name":"wp","href":"https:\/\/api.w.org\/{rel}","templated":true}]}}