{"id":2661,"date":"2022-07-15T23:21:44","date_gmt":"2022-07-15T23:21:44","guid":{"rendered":"https:\/\/www.ddentaloffice.com\/info-patient\/"},"modified":"2023-05-10T12:23:09","modified_gmt":"2023-05-10T12:23:09","slug":"info-patient","status":"publish","type":"page","link":"https:\/\/www.ddentaloffice.com\/fr\/info-patient\/","title":{"rendered":"Info Patient"},"content":{"rendered":"\t\t<div data-elementor-type=\"wp-page\" data-elementor-id=\"2661\" class=\"elementor elementor-2661 elementor-2573\" data-elementor-post-type=\"page\">\n\t\t\t\t<div class=\"elementor-element elementor-element-b0ee190 e-con-full e-flex e-con e-parent\" data-id=\"b0ee190\" data-element_type=\"container\" data-e-type=\"container\" data-settings=\"{&quot;background_background&quot;:&quot;classic&quot;}\">\n\t\t<div class=\"elementor-element elementor-element-5ff2f66 e-con-full e-flex e-con e-parent\" data-id=\"5ff2f66\" data-element_type=\"container\" data-e-type=\"container\">\n\t\t<div class=\"elementor-element elementor-element-2f5bcd8 e-flex e-con-boxed e-con e-parent\" data-id=\"2f5bcd8\" data-element_type=\"container\" data-e-type=\"container\">\n\t\t\t\t\t<div class=\"e-con-inner\">\n\t\t<div class=\"elementor-element elementor-element-c4e5ab6 e-con-full e-flex e-con e-parent\" data-id=\"c4e5ab6\" data-element_type=\"container\" data-e-type=\"container\">\n\t\t\t\t<div class=\"elementor-element elementor-element-cf62da4 elementor-widget elementor-widget-heading\" data-id=\"cf62da4\" data-element_type=\"widget\" data-e-type=\"widget\" data-widget_type=\"heading.default\">\n\t\t\t\t<div class=\"elementor-widget-container\">\n\t\t\t\t\t<h2 class=\"elementor-heading-title elementor-size-default\">Info Patient<br><\/h2>\t\t\t\t<\/div>\n\t\t\t\t<\/div>\n\t\t\t\t<div class=\"elementor-element elementor-element-223aba5 elementor-widget elementor-widget-spacer\" data-id=\"223aba5\" data-element_type=\"widget\" data-e-type=\"widget\" data-widget_type=\"spacer.default\">\n\t\t\t\t<div class=\"elementor-widget-container\">\n\t\t\t\t\t\t\t<div class=\"elementor-spacer\">\n\t\t\t<div class=\"elementor-spacer-inner\"><\/div>\n\t\t<\/div>\n\t\t\t\t\t\t<\/div>\n\t\t\t\t<\/div>\n\t\t\t\t<div class=\"elementor-element elementor-element-644c7cf elementor-widget elementor-widget-spacer\" data-id=\"644c7cf\" data-element_type=\"widget\" data-e-type=\"widget\" data-widget_type=\"spacer.default\">\n\t\t\t\t<div class=\"elementor-widget-container\">\n\t\t\t\t\t\t\t<div class=\"elementor-spacer\">\n\t\t\t<div class=\"elementor-spacer-inner\"><\/div>\n\t\t<\/div>\n\t\t\t\t\t\t<\/div>\n\t\t\t\t<\/div>\n\t\t\t\t<\/div>\n\t\t<div class=\"elementor-element elementor-element-9b84b21 e-con-full e-flex e-con e-parent\" data-id=\"9b84b21\" data-element_type=\"container\" data-e-type=\"container\">\n\t\t\t\t<div class=\"elementor-element elementor-element-cc2297e elementor-widget elementor-widget-heading\" data-id=\"cc2297e\" data-element_type=\"widget\" data-e-type=\"widget\" data-widget_type=\"heading.default\">\n\t\t\t\t<div class=\"elementor-widget-container\">\n\t\t\t\t\t<h3 class=\"elementor-heading-title elementor-size-default\">Urgences Dentaires<\/h3>\t\t\t\t<\/div>\n\t\t\t\t<\/div>\n\t\t\t\t<div class=\"elementor-element elementor-element-6def038 elementor-widget elementor-widget-text-editor\" data-id=\"6def038\" data-element_type=\"widget\" data-e-type=\"widget\" data-widget_type=\"text-editor.default\">\n\t\t\t\t<div class=\"elementor-widget-container\">\n\t\t\t\t\t\t\t\t\t<p>Nous acceptons les urgences, m\u00eame si vous n&rsquo;\u00eates pas un patient avec nous. Si vous pensez avoir besoin de voir un dentiste de toute urgence, n\u2019h\u00e9sitez pas \u00e0 nous appeler et \u00e0 prendre un rendez-vous d\u2019urgence. Nous pouvons vous voir le m\u00eame jour, si c&rsquo;est pendant nos heures d&rsquo;ouverture.<\/p>\n<p>Les causes possibles d&rsquo;un mal de dents peuvent \u00eatre, mais ne sont pas limit\u00e9es \u00e0 un ou plusieurs des \u00e9l\u00e9ments suivants :<\/p>\n<ul>\n<li><strong>Occlusion traumatique<\/strong>(pression excessive de la dent oppos\u00e9e)<\/li>\n<li><strong>Carie dentaire<\/strong> (ou carie)<\/li>\n<li><strong>Infection parodontale<\/strong>(infection des gencives)<\/li>\n<li><strong>Fracture osseuse<\/strong><\/li>\n<li><strong>Impaction alimentaire<\/strong> (due \u00e0 un espace ouvert entre deux dents)<\/li>\n<li><strong>Sensibilit\u00e9 postop\u00e9ratoire<\/strong> (apr\u00e8s traitement dentaire)<\/li>\n<\/ul>\n<p>Un mal de dents peut ou non s&rsquo;arr\u00eater spontan\u00e9ment. Et si c&rsquo;est le cas, il pourrait revenir avec une intensit\u00e9 encore plus \u00e9lev\u00e9e. Quelle qu&rsquo;en soit la cause, ne prenez aucun risque inutile. Si vous ressentez un \u00e9pisode de douleur, une \u00e9valuation d&rsquo;urgence relativement rapide et approfondie peut vous \u00e9viter davantage de douleur, d&rsquo;angoisse et de regret et peut m\u00eame vous emp\u00eacher de perdre votre dent. Nous ferons bien s\u00fbr le n\u00e9cessaire pour soulager votre douleur si possible, le m\u00eame jour.<\/p>\n\t\t\t\t\t\t\t\t<\/div>\n\t\t\t\t<\/div>\n\t\t\t\t<div class=\"elementor-element elementor-element-47714ea elementor-widget elementor-widget-text-editor\" data-id=\"47714ea\" data-element_type=\"widget\" data-e-type=\"widget\" data-widget_type=\"text-editor.default\">\n\t\t\t\t<div class=\"elementor-widget-container\">\n\t\t\t\t\t\t\t\t\t<p>APPELEZ SIMPLEMENT LE 514-900-3368 POUR PRENDRE RENDEZ-VOUS.<\/p>\n\t\t\t\t\t\t\t\t<\/div>\n\t\t\t\t<\/div>\n\t\t\t\t<\/div>\n\t\t<div class=\"elementor-element elementor-element-5639fbc e-flex e-con-boxed e-con e-parent\" data-id=\"5639fbc\" data-element_type=\"container\" data-e-type=\"container\">\n\t\t\t\t\t<div class=\"e-con-inner\">\n\t\t<div class=\"elementor-element elementor-element-13794c0 e-con-full e-flex e-con e-parent\" data-id=\"13794c0\" data-element_type=\"container\" data-e-type=\"container\">\n\t\t\t\t<div class=\"elementor-element elementor-element-a742a02 elementor-widget elementor-widget-heading\" data-id=\"a742a02\" data-element_type=\"widget\" data-e-type=\"widget\" data-widget_type=\"heading.default\">\n\t\t\t\t<div class=\"elementor-widget-container\">\n\t\t\t\t\t<h3 class=\"elementor-heading-title elementor-size-default\">Votre premi\u00e8re visite<\/h3>\t\t\t\t<\/div>\n\t\t\t\t<\/div>\n\t\t\t\t<div class=\"elementor-element elementor-element-cdfbac7 elementor-widget elementor-widget-text-editor\" data-id=\"cdfbac7\" data-element_type=\"widget\" data-e-type=\"widget\" data-widget_type=\"text-editor.default\">\n\t\t\t\t<div class=\"elementor-widget-container\">\n\t\t\t\t\t\t\t\t\t<p><strong>R\u00e9servez votre rendez-vous<\/strong><\/p>\n<p>L&rsquo;\u00e9quipe du Cabinet Dentaire D est toujours heureuse d&rsquo;accepter de nouveaux patients et de vous accueillir dans notre famille ! Nous savons que choisir les bons professionnels pour vous aider \u00e0 g\u00e9rer votre sant\u00e9 bucco-dentaire est une d\u00e9cision importante et nous voulons que vous sachiez que nous rendrons la transition aussi simple que possible.<\/p>\n<p>Notre engagement envers vous est de pr\u00e9voir le temps n\u00e9cessaire pour vous aider \u00e0 vous sentir \u00e0 l&rsquo;aise, \u00e0 nous concentrer sur vos soins et \u00e0 r\u00e9pondre \u00e0 toutes vos questions. En retour, nous demandons des frais de r\u00e9servation de 40 $ pour r\u00e9server votre temps avec le Dr El-Samra. Ces frais seront d\u00e9duits du co\u00fbt de votre rendez-vous, sauf si vous annulez avec un pr\u00e9avis de moins de 24 heures. Veuillez remplir le formulaire ci-dessous pour demander un rendez-vous et l&rsquo;un des membres de notre \u00e9quipe vous contactera avant la fin du jour ouvrable pour confirmer une heure de rendez-vous.<\/p>\n\t\t\t\t\t\t\t\t<\/div>\n\t\t\t\t<\/div>\n\t\t\t\t<\/div>\n\t\t<div class=\"elementor-element elementor-element-b3dacce e-con-full e-flex e-con e-parent\" data-id=\"b3dacce\" data-element_type=\"container\" data-e-type=\"container\" data-settings=\"{&quot;background_background&quot;:&quot;classic&quot;}\">\n\t\t\t\t<\/div>\n\t\t\t\t\t<\/div>\n\t\t\t\t<\/div>\n\t\t<div class=\"elementor-element elementor-element-51ae415 e-flex e-con-boxed e-con e-parent\" data-id=\"51ae415\" data-element_type=\"container\" data-e-type=\"container\">\n\t\t\t\t\t<div class=\"e-con-inner\">\n\t\t<div class=\"elementor-element elementor-element-dd7f56a e-con-full e-flex e-con e-parent\" data-id=\"dd7f56a\" data-element_type=\"container\" data-e-type=\"container\">\n\t\t\t\t<div class=\"elementor-element elementor-element-8cc6980 elementor-widget elementor-widget-heading\" data-id=\"8cc6980\" data-element_type=\"widget\" data-e-type=\"widget\" data-widget_type=\"heading.default\">\n\t\t\t\t<div class=\"elementor-widget-container\">\n\t\t\t\t\t<h3 class=\"elementor-heading-title elementor-size-default\">Form<\/h3>\t\t\t\t<\/div>\n\t\t\t\t<\/div>\n\t\t\t\t<div class=\"elementor-element elementor-element-075110c elementor-widget elementor-widget-text-editor\" data-id=\"075110c\" data-element_type=\"widget\" data-e-type=\"widget\" data-widget_type=\"text-editor.default\">\n\t\t\t\t<div class=\"elementor-widget-container\">\n\t\t\t\t\t\t\t\t\t<p>Pour votre premier rendez-vous, veuillez arriver environ 10 minutes \u00e0 l&rsquo;avance afin d&rsquo;avoir suffisamment de temps pour remplir les formulaires pour nouveaux patients, ou si vous pr\u00e9f\u00e9rez, vous pouvez les remplir en ligne \u00e0 l&rsquo;avance aux liens fournis ci-dessous.<\/p>\n<p>\u00c0 votre arriv\u00e9e, vous pourrez vous sentir \u00e0 l\u2019aisse dans notre espace de r\u00e9ception confortable et relaxant, o\u00f9 l&rsquo;on vous proposera de l&rsquo;eau ou un th\u00e9 chaud apaisant \u00e0 d\u00e9guster pendant que vous attendez. Profitez d&rsquo;une connexion Wi-Fi gratuite, de magazines et de notre propre musique soigneusement s\u00e9lectionn\u00e9e pour vous aider \u00e0 vous d\u00e9tendre.<\/p>\n<p>Votre premier examen complet durera environ 90 minutes. Dr El-Sarmra vous parlera de vos besoins en mati\u00e8re de sant\u00e9 bucco-dentaire en fonction de votre mode de vie, de vos habitudes alimentaires et de votre historique m\u00e9dical. Apr\u00e8s cela, il fera des radiographies panoramiques, un examen approfondi de vos gencives, de vos dents et de votre m\u00e2choire et vous pr\u00e9sentera notre hygi\u00e9niste, Sharmila, qui fera un nettoyage des dents &#8211; ou vous fournira des instructions de soin des gencives. Enfin, le Dr El-Samra discutera d&rsquo;un plan de traitement pour r\u00e9soudre les probl\u00e8mes imm\u00e9diats ainsi que des mesures pr\u00e9ventives pour garder votre sourire beau et en bonne sant\u00e9 pour les ann\u00e9es \u00e0 venir.<\/p>\n\t\t\t\t\t\t\t\t<\/div>\n\t\t\t\t<\/div>\n\t\t\t\t<\/div>\n\t\t<div class=\"elementor-element elementor-element-ce3431a e-con-full e-flex e-con e-parent\" data-id=\"ce3431a\" data-element_type=\"container\" data-e-type=\"container\" data-settings=\"{&quot;background_background&quot;:&quot;classic&quot;}\">\n\t\t<div class=\"elementor-element elementor-element-f0b3ce6 e-con-full e-flex e-con e-parent\" data-id=\"f0b3ce6\" data-element_type=\"container\" data-e-type=\"container\">\n\t\t\t\t<div class=\"elementor-element elementor-element-bc30ef3 elementor-widget elementor-widget-menu-anchor\" data-id=\"bc30ef3\" data-element_type=\"widget\" data-e-type=\"widget\" data-widget_type=\"menu-anchor.default\">\n\t\t\t\t<div class=\"elementor-widget-container\">\n\t\t\t\t\t\t\t<div class=\"elementor-menu-anchor\" id=\"forms-fr\"><\/div>\n\t\t\t\t\t\t<\/div>\n\t\t\t\t<\/div>\n\t\t<div class=\"elementor-element elementor-element-23ee6f2 e-flex e-con-boxed e-con e-parent\" data-id=\"23ee6f2\" data-element_type=\"container\" data-e-type=\"container\">\n\t\t\t\t\t<div class=\"e-con-inner\">\n\t\t<div class=\"elementor-element elementor-element-c9b9373 e-con-full e-flex e-con e-parent\" data-id=\"c9b9373\" data-element_type=\"container\" data-e-type=\"container\">\n\t\t\t\t<div class=\"elementor-element elementor-element-fc0e453 elementor-widget elementor-widget-heading\" data-id=\"fc0e453\" data-element_type=\"widget\" data-e-type=\"widget\" data-widget_type=\"heading.default\">\n\t\t\t\t<div class=\"elementor-widget-container\">\n\t\t\t\t\t<h4 class=\"elementor-heading-title elementor-size-default\">Formulaires pour les nouveaux patients<\/h4>\t\t\t\t<\/div>\n\t\t\t\t<\/div>\n\t\t\t\t<\/div>\n\t\t<div class=\"elementor-element elementor-element-892055a e-con-full e-flex e-con e-parent\" data-id=\"892055a\" data-element_type=\"container\" data-e-type=\"container\">\n\t\t\t\t<div class=\"elementor-element elementor-element-95048c8 elementor-view-default elementor-widget elementor-widget-icon\" data-id=\"95048c8\" data-element_type=\"widget\" data-e-type=\"widget\" data-widget_type=\"icon.default\">\n\t\t\t\t<div class=\"elementor-widget-container\">\n\t\t\t\t\t\t\t<div class=\"elementor-icon-wrapper\">\n\t\t\t<div class=\"elementor-icon\">\n\t\t\t<i aria-hidden=\"true\" class=\"far fa-file-alt\"><\/i>\t\t\t<\/div>\n\t\t<\/div>\n\t\t\t\t\t\t<\/div>\n\t\t\t\t<\/div>\n\t\t\t\t<\/div>\n\t\t\t\t\t<\/div>\n\t\t\t\t<\/div>\n\t\t<div class=\"elementor-element elementor-element-695e769 e-con-full e-flex e-con e-parent\" data-id=\"695e769\" data-element_type=\"container\" data-e-type=\"container\">\n\t\t\t\t<div class=\"elementor-element elementor-element-458fb50 elementor-widget elementor-widget-text-editor\" data-id=\"458fb50\" data-element_type=\"widget\" data-e-type=\"widget\" data-widget_type=\"text-editor.default\">\n\t\t\t\t<div class=\"elementor-widget-container\">\n\t\t\t\t\t\t\t\t\t<ul>\n \t<li><a href=\" https:\/\/patientviewer.com\/WebFormsGWT\/GWT\/WebForms\/WebForms.html?DOID=12818&#038;WSDID=100139\" target=\"_blank\" rel=\"nofollow noopener\"><b>Formulaire d\u2019inscription et ant\u00e9c\u00e9dents m\u00e9dicaux<\/b><\/a><\/li>\n<\/ul>\t\t\t\t\t\t\t\t<\/div>\n\t\t\t\t<\/div>\n\t\t\t\t<\/div>\n\t\t<div class=\"elementor-element elementor-element-cdbb18c e-con-full elementor-hidden-widescreen elementor-hidden-desktop elementor-hidden-laptop elementor-hidden-tablet_extra elementor-hidden-tablet elementor-hidden-mobile_extra elementor-hidden-mobile e-flex e-con e-parent\" data-id=\"cdbb18c\" data-element_type=\"container\" data-e-type=\"container\">\n\t\t\t\t<div class=\"elementor-element elementor-element-c308696 elementor-widget elementor-widget-text-editor\" data-id=\"c308696\" data-element_type=\"widget\" data-e-type=\"widget\" data-widget_type=\"text-editor.default\">\n\t\t\t\t<div class=\"elementor-widget-container\">\n\t\t\t\t\t\t\t\t\t<ul>\n<li><a href=\"https:\/\/patientviewer.com\/WebFormsGWT\/GWT\/WebForms\/WebForms.html?DOID=12818&amp;WSDID=79399&amp;NFID=79384\" target=\"_blank\" rel=\"noopener\"><b>Formulaire d\u2019inscription et ant\u00e9c\u00e9dents m\u00e9dicaux<\/b><\/a><\/li>\n<li><a href=\"https:\/\/patientviewer.com\/WebFormsGWT\/GWT\/WebForms\/WebForms.html?DOID=12818&amp;WSDID=79387\" target=\"_blank\" rel=\"noopener\"><b>Frais d&rsquo;examen complet<\/b> (adultes)<\/a><\/li>\n<li><a href=\"https:\/\/patientviewer.com\/WebFormsGWT\/GWT\/WebForms\/WebForms.html?DOID=12818&amp;WSDID=79399\" target=\"_blank\" rel=\"noopener\"><b>Frais d&rsquo;examen complet<\/b> &#8211; Dentition mixte (enfants de 6 \u00e0 12 ans)<\/a><\/li>\n<li><a href=\"https:\/\/patientviewer.com\/WebFormsGWT\/GWT\/WebForms\/WebForms.html?DOID=12818&amp;WSDID=79390\" target=\"_blank\" rel=\"noopener\"><b>Frais d&rsquo;examen complet<\/b> &#8211; Dentition primaire (enfants de 6 ans et moins)<\/a><\/li>\n<\/ul>\n\t\t\t\t\t\t\t\t<\/div>\n\t\t\t\t<\/div>\n\t\t\t\t<\/div>\n\t\t\t\t<\/div>\n\t\t\t\t<\/div>\n\t\t\t\t\t<\/div>\n\t\t\t\t<\/div>\n\t\t\t\t\t<\/div>\n\t\t\t\t<\/div>\n\t\t\t\t<\/div>\n\t\t\t\t<\/div>\n\t\t\t\t<\/div>\n\t\t","protected":false},"excerpt":{"rendered":"<p>Info Patient Urgences Dentaires Nous acceptons les urgences, m\u00eame si vous n&rsquo;\u00eates pas un patient avec nous. Si vous pensez avoir besoin de voir un dentiste de toute urgence, n\u2019h\u00e9sitez pas \u00e0 nous appeler et \u00e0 prendre un rendez-vous d\u2019urgence. Nous pouvons vous voir le m\u00eame jour, si c&rsquo;est pendant nos heures d&rsquo;ouverture. Les causes &#8230; <a title=\"Info Patient\" class=\"read-more\" href=\"https:\/\/www.ddentaloffice.com\/fr\/info-patient\/\" aria-label=\"Read more about Info Patient\">Lire la suite<\/a><\/p>\n","protected":false},"author":3,"featured_media":0,"parent":0,"menu_order":0,"comment_status":"closed","ping_status":"closed","template":"","meta":{"footnotes":""},"class_list":["post-2661","page","type-page","status-publish"],"yoast_head":"<!-- This site is optimized with the Yoast SEO Premium plugin v20.8 (Yoast SEO v27.4) - https:\/\/yoast.com\/product\/yoast-seo-premium-wordpress\/ -->\n<title>Info Patient - Cabinet Dentaire D<\/title>\n<meta name=\"robots\" content=\"index, follow, max-snippet:-1, max-image-preview:large, max-video-preview:-1\" \/>\n<link rel=\"canonical\" href=\"https:\/\/www.ddentaloffice.com\/fr\/info-patient\/\" \/>\n<meta property=\"og:locale\" content=\"fr_FR\" \/>\n<meta property=\"og:type\" content=\"article\" \/>\n<meta property=\"og:title\" content=\"Info Patient\" \/>\n<meta property=\"og:description\" content=\"Info Patient Urgences Dentaires Nous acceptons les urgences, m\u00eame si vous n&rsquo;\u00eates pas un patient avec nous. Si vous pensez avoir besoin de voir un dentiste de toute urgence, n\u2019h\u00e9sitez pas \u00e0 nous appeler et \u00e0 prendre un rendez-vous d\u2019urgence. Nous pouvons vous voir le m\u00eame jour, si c&rsquo;est pendant nos heures d&rsquo;ouverture. Les causes ... Lire la suite\" \/>\n<meta property=\"og:url\" content=\"https:\/\/www.ddentaloffice.com\/fr\/info-patient\/\" \/>\n<meta property=\"og:site_name\" content=\"D Dental Office\" \/>\n<meta property=\"article:publisher\" content=\"https:\/\/www.facebook.com\/ddentalofficemtl\" \/>\n<meta property=\"article:modified_time\" content=\"2023-05-10T12:23:09+00:00\" \/>\n<meta property=\"og:image\" content=\"https:\/\/www.ddentaloffice.com\/wp-content\/uploads\/2022\/07\/cropped-D-Dental-Office-Favicon.png\" \/>\n\t<meta property=\"og:image:width\" content=\"512\" \/>\n\t<meta property=\"og:image:height\" content=\"512\" \/>\n\t<meta property=\"og:image:type\" content=\"image\/png\" \/>\n<meta name=\"twitter:card\" content=\"summary_large_image\" \/>\n<meta name=\"twitter:label1\" content=\"Dur\u00e9e de lecture estim\u00e9e\" \/>\n\t<meta name=\"twitter:data1\" content=\"4 minutes\" \/>\n<script type=\"application\/ld+json\" class=\"yoast-schema-graph\">{\"@context\":\"https:\\\/\\\/schema.org\",\"@graph\":[{\"@type\":\"WebPage\",\"@id\":\"https:\\\/\\\/www.ddentaloffice.com\\\/fr\\\/info-patient\\\/\",\"url\":\"https:\\\/\\\/www.ddentaloffice.com\\\/fr\\\/info-patient\\\/\",\"name\":\"Info Patient - Cabinet Dentaire D\",\"isPartOf\":{\"@id\":\"https:\\\/\\\/www.ddentaloffice.com\\\/fr\\\/#website\"},\"datePublished\":\"2022-07-15T23:21:44+00:00\",\"dateModified\":\"2023-05-10T12:23:09+00:00\",\"breadcrumb\":{\"@id\":\"https:\\\/\\\/www.ddentaloffice.com\\\/fr\\\/info-patient\\\/#breadcrumb\"},\"inLanguage\":\"fr-FR\",\"potentialAction\":[{\"@type\":\"ReadAction\",\"target\":[\"https:\\\/\\\/www.ddentaloffice.com\\\/fr\\\/info-patient\\\/\"]}]},{\"@type\":\"BreadcrumbList\",\"@id\":\"https:\\\/\\\/www.ddentaloffice.com\\\/fr\\\/info-patient\\\/#breadcrumb\",\"itemListElement\":[{\"@type\":\"ListItem\",\"position\":1,\"name\":\"Home\",\"item\":\"https:\\\/\\\/www.ddentaloffice.com\\\/fr\\\/\"},{\"@type\":\"ListItem\",\"position\":2,\"name\":\"Info Patient\"}]},{\"@type\":\"WebSite\",\"@id\":\"https:\\\/\\\/www.ddentaloffice.com\\\/fr\\\/#website\",\"url\":\"https:\\\/\\\/www.ddentaloffice.com\\\/fr\\\/\",\"name\":\"D Dental Office\",\"description\":\"Comprehensive, Patient-centred and State-of-the-Art Dental Care\",\"publisher\":{\"@id\":\"https:\\\/\\\/www.ddentaloffice.com\\\/fr\\\/#organization\"},\"potentialAction\":[{\"@type\":\"SearchAction\",\"target\":{\"@type\":\"EntryPoint\",\"urlTemplate\":\"https:\\\/\\\/www.ddentaloffice.com\\\/fr\\\/?s={search_term_string}\"},\"query-input\":{\"@type\":\"PropertyValueSpecification\",\"valueRequired\":true,\"valueName\":\"search_term_string\"}}],\"inLanguage\":\"fr-FR\"},{\"@type\":\"Organization\",\"@id\":\"https:\\\/\\\/www.ddentaloffice.com\\\/fr\\\/#organization\",\"name\":\"D Dental Office\",\"url\":\"https:\\\/\\\/www.ddentaloffice.com\\\/fr\\\/\",\"logo\":{\"@type\":\"ImageObject\",\"inLanguage\":\"fr-FR\",\"@id\":\"https:\\\/\\\/www.ddentaloffice.com\\\/fr\\\/#\\\/schema\\\/logo\\\/image\\\/\",\"url\":\"https:\\\/\\\/www.ddentaloffice.com\\\/wp-content\\\/uploads\\\/2022\\\/03\\\/cropped-D-Dental-Office-Logo-350x100px-1.png\",\"contentUrl\":\"https:\\\/\\\/www.ddentaloffice.com\\\/wp-content\\\/uploads\\\/2022\\\/03\\\/cropped-D-Dental-Office-Logo-350x100px-1.png\",\"width\":351,\"height\":144,\"caption\":\"D Dental Office\"},\"image\":{\"@id\":\"https:\\\/\\\/www.ddentaloffice.com\\\/fr\\\/#\\\/schema\\\/logo\\\/image\\\/\"},\"sameAs\":[\"https:\\\/\\\/www.facebook.com\\\/ddentalofficemtl\",\"https:\\\/\\\/www.instagram.com\\\/ddentaloffice\\\/\",\"https:\\\/\\\/g.page\\\/ddentaloffice-ddo\"]}]}<\/script>\n<!-- \/ Yoast SEO Premium plugin. -->","yoast_head_json":{"title":"Info Patient - Cabinet Dentaire D","robots":{"index":"index","follow":"follow","max-snippet":"max-snippet:-1","max-image-preview":"max-image-preview:large","max-video-preview":"max-video-preview:-1"},"canonical":"https:\/\/www.ddentaloffice.com\/fr\/info-patient\/","og_locale":"fr_FR","og_type":"article","og_title":"Info Patient","og_description":"Info Patient Urgences Dentaires Nous acceptons les urgences, m\u00eame si vous n&rsquo;\u00eates pas un patient avec nous. Si vous pensez avoir besoin de voir un dentiste de toute urgence, n\u2019h\u00e9sitez pas \u00e0 nous appeler et \u00e0 prendre un rendez-vous d\u2019urgence. Nous pouvons vous voir le m\u00eame jour, si c&rsquo;est pendant nos heures d&rsquo;ouverture. Les causes ... Lire la suite","og_url":"https:\/\/www.ddentaloffice.com\/fr\/info-patient\/","og_site_name":"D Dental Office","article_publisher":"https:\/\/www.facebook.com\/ddentalofficemtl","article_modified_time":"2023-05-10T12:23:09+00:00","og_image":[{"width":512,"height":512,"url":"https:\/\/www.ddentaloffice.com\/wp-content\/uploads\/2022\/07\/cropped-D-Dental-Office-Favicon.png","type":"image\/png"}],"twitter_card":"summary_large_image","twitter_misc":{"Dur\u00e9e de lecture estim\u00e9e":"4 minutes"},"schema":{"@context":"https:\/\/schema.org","@graph":[{"@type":"WebPage","@id":"https:\/\/www.ddentaloffice.com\/fr\/info-patient\/","url":"https:\/\/www.ddentaloffice.com\/fr\/info-patient\/","name":"Info Patient - Cabinet Dentaire D","isPartOf":{"@id":"https:\/\/www.ddentaloffice.com\/fr\/#website"},"datePublished":"2022-07-15T23:21:44+00:00","dateModified":"2023-05-10T12:23:09+00:00","breadcrumb":{"@id":"https:\/\/www.ddentaloffice.com\/fr\/info-patient\/#breadcrumb"},"inLanguage":"fr-FR","potentialAction":[{"@type":"ReadAction","target":["https:\/\/www.ddentaloffice.com\/fr\/info-patient\/"]}]},{"@type":"BreadcrumbList","@id":"https:\/\/www.ddentaloffice.com\/fr\/info-patient\/#breadcrumb","itemListElement":[{"@type":"ListItem","position":1,"name":"Home","item":"https:\/\/www.ddentaloffice.com\/fr\/"},{"@type":"ListItem","position":2,"name":"Info Patient"}]},{"@type":"WebSite","@id":"https:\/\/www.ddentaloffice.com\/fr\/#website","url":"https:\/\/www.ddentaloffice.com\/fr\/","name":"D Dental Office","description":"Comprehensive, Patient-centred and State-of-the-Art Dental Care","publisher":{"@id":"https:\/\/www.ddentaloffice.com\/fr\/#organization"},"potentialAction":[{"@type":"SearchAction","target":{"@type":"EntryPoint","urlTemplate":"https:\/\/www.ddentaloffice.com\/fr\/?s={search_term_string}"},"query-input":{"@type":"PropertyValueSpecification","valueRequired":true,"valueName":"search_term_string"}}],"inLanguage":"fr-FR"},{"@type":"Organization","@id":"https:\/\/www.ddentaloffice.com\/fr\/#organization","name":"D Dental Office","url":"https:\/\/www.ddentaloffice.com\/fr\/","logo":{"@type":"ImageObject","inLanguage":"fr-FR","@id":"https:\/\/www.ddentaloffice.com\/fr\/#\/schema\/logo\/image\/","url":"https:\/\/www.ddentaloffice.com\/wp-content\/uploads\/2022\/03\/cropped-D-Dental-Office-Logo-350x100px-1.png","contentUrl":"https:\/\/www.ddentaloffice.com\/wp-content\/uploads\/2022\/03\/cropped-D-Dental-Office-Logo-350x100px-1.png","width":351,"height":144,"caption":"D Dental Office"},"image":{"@id":"https:\/\/www.ddentaloffice.com\/fr\/#\/schema\/logo\/image\/"},"sameAs":["https:\/\/www.facebook.com\/ddentalofficemtl","https:\/\/www.instagram.com\/ddentaloffice\/","https:\/\/g.page\/ddentaloffice-ddo"]}]}},"_links":{"self":[{"href":"https:\/\/www.ddentaloffice.com\/fr\/wp-json\/wp\/v2\/pages\/2661","targetHints":{"allow":["GET"]}}],"collection":[{"href":"https:\/\/www.ddentaloffice.com\/fr\/wp-json\/wp\/v2\/pages"}],"about":[{"href":"https:\/\/www.ddentaloffice.com\/fr\/wp-json\/wp\/v2\/types\/page"}],"author":[{"embeddable":true,"href":"https:\/\/www.ddentaloffice.com\/fr\/wp-json\/wp\/v2\/users\/3"}],"replies":[{"embeddable":true,"href":"https:\/\/www.ddentaloffice.com\/fr\/wp-json\/wp\/v2\/comments?post=2661"}],"version-history":[{"count":23,"href":"https:\/\/www.ddentaloffice.com\/fr\/wp-json\/wp\/v2\/pages\/2661\/revisions"}],"predecessor-version":[{"id":3972,"href":"https:\/\/www.ddentaloffice.com\/fr\/wp-json\/wp\/v2\/pages\/2661\/revisions\/3972"}],"wp:attachment":[{"href":"https:\/\/www.ddentaloffice.com\/fr\/wp-json\/wp\/v2\/media?parent=2661"}],"curies":[{"name":"wp","href":"https:\/\/api.w.org\/{rel}","templated":true}]}}