{"id":4428,"date":"2023-10-07T16:27:43","date_gmt":"2023-10-07T16:27:43","guid":{"rendered":"https:\/\/www.ddentaloffice.com\/promotion-de-lexamen-complet\/"},"modified":"2024-01-24T16:17:56","modified_gmt":"2024-01-24T16:17:56","slug":"promotion-de-lexamen-complet","status":"publish","type":"page","link":"https:\/\/www.ddentaloffice.com\/fr\/promotion-de-lexamen-complet\/","title":{"rendered":"Promotion de l&rsquo;examen complet"},"content":{"rendered":"\t\t<div data-elementor-type=\"wp-page\" data-elementor-id=\"4428\" class=\"elementor elementor-4428 elementor-4234\" data-elementor-post-type=\"page\">\n\t\t\t\t<div class=\"elementor-element elementor-element-18ef98b e-con-full e-flex e-con e-parent\" data-id=\"18ef98b\" data-element_type=\"container\" data-e-type=\"container\" data-settings=\"{&quot;background_background&quot;:&quot;classic&quot;,&quot;background_motion_fx_motion_fx_scrolling&quot;:&quot;yes&quot;,&quot;background_motion_fx_translateY_effect&quot;:&quot;yes&quot;,&quot;background_motion_fx_translateY_speed&quot;:{&quot;unit&quot;:&quot;px&quot;,&quot;size&quot;:4.9,&quot;sizes&quot;:[]},&quot;background_motion_fx_translateY_affectedRange&quot;:{&quot;unit&quot;:&quot;%&quot;,&quot;size&quot;:&quot;&quot;,&quot;sizes&quot;:{&quot;start&quot;:0,&quot;end&quot;:100}},&quot;background_motion_fx_devices&quot;:[&quot;widescreen&quot;,&quot;desktop&quot;,&quot;laptop&quot;,&quot;tablet_extra&quot;,&quot;tablet&quot;,&quot;mobile_extra&quot;,&quot;mobile&quot;]}\">\n\t\t\t\t<div class=\"elementor-element elementor-element-ad054bf elementor-widget elementor-widget-heading\" data-id=\"ad054bf\" data-element_type=\"widget\" data-e-type=\"widget\" data-widget_type=\"heading.default\">\n\t\t\t\t<div class=\"elementor-widget-container\">\n\t\t\t\t\t<h3 class=\"elementor-heading-title elementor-size-default\">Prenez rendez-vous pour votre examen complet<\/h3>\t\t\t\t<\/div>\n\t\t\t\t<\/div>\n\t\t<div class=\"elementor-element elementor-element-5bc77543 e-con-full e-flex e-con e-child\" data-id=\"5bc77543\" data-element_type=\"container\" data-e-type=\"container\">\n\t\t<div class=\"elementor-element elementor-element-0e4d011 e-con-full e-flex e-con e-child\" data-id=\"0e4d011\" data-element_type=\"container\" data-e-type=\"container\" data-settings=\"{&quot;background_background&quot;:&quot;classic&quot;}\">\n\t\t<div class=\"elementor-element elementor-element-97ecb50 e-con-full e-flex e-con e-child\" data-id=\"97ecb50\" data-element_type=\"container\" data-e-type=\"container\" data-settings=\"{&quot;background_background&quot;:&quot;classic&quot;}\">\n\t\t\t\t<\/div>\n\t\t<div class=\"elementor-element elementor-element-39e34e9 e-con-full e-flex e-con e-child\" data-id=\"39e34e9\" data-element_type=\"container\" data-e-type=\"container\" data-settings=\"{&quot;background_background&quot;:&quot;classic&quot;}\">\n\t\t\t\t<div class=\"elementor-element elementor-element-69c9208 elementor-widget elementor-widget-text-editor\" data-id=\"69c9208\" data-element_type=\"widget\" data-e-type=\"widget\" data-widget_type=\"text-editor.default\">\n\t\t\t\t<div class=\"elementor-widget-container\">\n\t\t\t\t\t\t\t\t\tExamen complet\n<br>+ Radiographie panoramique\n<br>+ Nettoyage des dents\t\t\t\t\t\t\t\t<\/div>\n\t\t\t\t<\/div>\n\t\t\t\t<div class=\"elementor-element elementor-element-1798dc4 elementor-widget elementor-widget-heading\" data-id=\"1798dc4\" data-element_type=\"widget\" data-e-type=\"widget\" data-widget_type=\"heading.default\">\n\t\t\t\t<div class=\"elementor-widget-container\">\n\t\t\t\t\t<h2 class=\"elementor-heading-title elementor-size-default\">390$ <s>(461$)<\/s><\/h2>\t\t\t\t<\/div>\n\t\t\t\t<\/div>\n\t\t\t\t<div class=\"elementor-element elementor-element-874a35f elementor-widget-divider--view-line elementor-widget elementor-widget-divider\" data-id=\"874a35f\" data-element_type=\"widget\" data-e-type=\"widget\" data-widget_type=\"divider.default\">\n\t\t\t\t<div class=\"elementor-widget-container\">\n\t\t\t\t\t\t\t<div class=\"elementor-divider\">\n\t\t\t<span class=\"elementor-divider-separator\">\n\t\t\t\t\t\t<\/span>\n\t\t<\/div>\n\t\t\t\t\t\t<\/div>\n\t\t\t\t<\/div>\n\t\t\t\t<div class=\"elementor-element elementor-element-89e9774 elementor-widget elementor-widget-text-editor\" data-id=\"89e9774\" data-element_type=\"widget\" data-e-type=\"widget\" data-widget_type=\"text-editor.default\">\n\t\t\t\t<div class=\"elementor-widget-container\">\n\t\t\t\t\t\t\t\t\t<p>R\u00c9SERV\u00c9 AUX NOUVEAUX PATIENTS.<br \/>OFFRE VALABLE JUSQU\u2019AU 31\/12\/2024<\/p>\n\t\t\t\t\t\t\t\t<\/div>\n\t\t\t\t<\/div>\n\t\t\t\t<\/div>\n\t\t\t\t<\/div>\n\t\t\t\t<\/div>\n\t\t\t\t<\/div>\n\t\t<div class=\"elementor-element elementor-element-ac3b9bc e-flex e-con-boxed e-con e-parent\" data-id=\"ac3b9bc\" data-element_type=\"container\" data-e-type=\"container\">\n\t\t\t\t\t<div class=\"e-con-inner\">\n\t\t<div class=\"elementor-element elementor-element-cffe59f e-flex e-con-boxed e-con e-child\" data-id=\"cffe59f\" data-element_type=\"container\" data-e-type=\"container\">\n\t\t\t\t\t<div class=\"e-con-inner\">\n\t\t\t\t<div class=\"elementor-element elementor-element-05a27ec elementor-widget elementor-widget-shortcode\" data-id=\"05a27ec\" data-element_type=\"widget\" data-e-type=\"widget\" data-widget_type=\"shortcode.default\">\n\t\t\t\t<div class=\"elementor-widget-container\">\n\t\t\t\t\t\t\t<div class=\"elementor-shortcode\"><script type=\"text\/javascript\">var gform;gform||(document.addEventListener(\"gform_main_scripts_loaded\",function(){gform.scriptsLoaded=!0}),window.addEventListener(\"DOMContentLoaded\",function(){gform.domLoaded=!0}),gform={domLoaded:!1,scriptsLoaded:!1,initializeOnLoaded:function(o){gform.domLoaded&&gform.scriptsLoaded?o():!gform.domLoaded&&gform.scriptsLoaded?window.addEventListener(\"DOMContentLoaded\",o):document.addEventListener(\"gform_main_scripts_loaded\",o)},hooks:{action:{},filter:{}},addAction:function(o,n,r,t){gform.addHook(\"action\",o,n,r,t)},addFilter:function(o,n,r,t){gform.addHook(\"filter\",o,n,r,t)},doAction:function(o){gform.doHook(\"action\",o,arguments)},applyFilters:function(o){return gform.doHook(\"filter\",o,arguments)},removeAction:function(o,n){gform.removeHook(\"action\",o,n)},removeFilter:function(o,n,r){gform.removeHook(\"filter\",o,n,r)},addHook:function(o,n,r,t,i){null==gform.hooks[o][n]&&(gform.hooks[o][n]=[]);var e=gform.hooks[o][n];null==i&&(i=n+\"_\"+e.length),gform.hooks[o][n].push({tag:i,callable:r,priority:t=null==t?10:t})},doHook:function(n,o,r){var t;if(r=Array.prototype.slice.call(r,1),null!=gform.hooks[n][o]&&((o=gform.hooks[n][o]).sort(function(o,n){return o.priority-n.priority}),o.forEach(function(o){\"function\"!=typeof(t=o.callable)&&(t=window[t]),\"action\"==n?t.apply(null,r):r[0]=t.apply(null,r)})),\"filter\"==n)return r[0]},removeHook:function(o,n,t,i){var r;null!=gform.hooks[o][n]&&(r=(r=gform.hooks[o][n]).filter(function(o,n,r){return!!(null!=i&&i!=o.tag||null!=t&&t!=o.priority)}),gform.hooks[o][n]=r)}});<\/script>\n                <div class='gf_browser_gecko gform_wrapper gravity-theme' id='gform_wrapper_7' ><form method='post' enctype='multipart\/form-data'  id='gform_7'  action='\/fr\/wp-json\/wp\/v2\/pages\/4428' novalidate>\n                        <div class='gform_body gform-body'><div id='gform_fields_7' class='gform_fields top_label form_sublabel_below description_below'><fieldset id=\"field_7_1\"  class=\"gfield gfield_contains_required field_sublabel_below field_description_below gfield_visibility_visible\"  data-js-reload=\"field_7_1\"><legend class='gfield_label gfield_label_before_complex'  >Nom complet<span class=\"gfield_required\"><span class=\"gfield_required gfield_required_asterisk\">*<\/span><\/span><\/legend><div class='ginput_complex ginput_container no_prefix has_first_name no_middle_name has_last_name no_suffix gf_name_has_2 ginput_container_name' id='input_7_1'>\n                            \n                            <span id='input_7_1_3_container' class='name_first' >\n                                                    <input type='text' name='input_1.3' id='input_7_1_3' value=''   aria-required='true'     \/>\n                                                    <label for='input_7_1_3' >Pr\u00e9nom<\/label>\n                                                <\/span>\n                            \n                            <span id='input_7_1_6_container' class='name_last' >\n                                                    <input type='text' name='input_1.6' id='input_7_1_6' value=''   aria-required='true'     \/>\n                                                    <label for='input_7_1_6' >Nom<\/label>\n                                                <\/span>\n                            \n                        <\/div><\/fieldset><div id=\"field_7_3\"  class=\"gfield gfield--width-half gfield_contains_required field_sublabel_below field_description_below gfield_visibility_visible\"  data-js-reload=\"field_7_3\"><label class='gfield_label' for='input_7_3' >Courriel<span class=\"gfield_required\"><span class=\"gfield_required gfield_required_asterisk\">*<\/span><\/span><\/label><div class='ginput_container ginput_container_email'>\n                            <input name='input_3' id='input_7_3' type='email' value='' class='large'    aria-required=\"true\" aria-invalid=\"false\"  \/>\n                        <\/div><\/div><div id=\"field_7_4\"  class=\"gfield gfield--width-half gfield_contains_required field_sublabel_below field_description_below gfield_visibility_visible\"  data-js-reload=\"field_7_4\"><label class='gfield_label' for='input_7_4' >T\u00e9l\u00e9phone<span class=\"gfield_required\"><span class=\"gfield_required gfield_required_asterisk\">*<\/span><\/span><\/label><div class='ginput_container ginput_container_phone'><input name='input_4' id='input_7_4' type='tel' value='' class='large'   aria-required=\"true\" aria-invalid=\"false\"   \/><\/div><\/div><div id=\"field_7_5\"  class=\"gfield gfield--width-full field_sublabel_below field_description_below gfield_visibility_visible\"  data-js-reload=\"field_7_5\"><label class='gfield_label' for='input_7_5' >Jour \/ heure de rendez-vous pr\u00e9f\u00e9r\u00e9(e)<\/label><div class='ginput_container ginput_container_textarea'><textarea name='input_5' id='input_7_5' class='textarea medium'    placeholder='Veuillez nous indiquer vos disponibilit\u00e9s, y compris les jours et heures qui vous conviennent le mieux, du lundi au samedi, de 8h30 \u00e0 11h30 et de 13h \u00e0 16h30, o\u00f9 nous pouvons vous recevoir. Nous vous appellerons, vous enverrons un message texte ou un courriel pour confirmer l&#039;heure de votre rendez-vous. Sinon, nous vous proposerons d&#039;autres options.'  aria-invalid=\"false\"   rows='10' cols='50'><\/textarea><\/div><\/div><div id=\"field_7_6\"  class=\"gfield gform_validation_container field_sublabel_below field_description_below gfield_visibility_visible\"  data-js-reload=\"field_7_6\"><label class='gfield_label' for='input_7_6' >Email<\/label><div class='ginput_container'><input name='input_6' id='input_7_6' type='text' value='' autocomplete='new-password'\/><\/div><div class='gfield_description' id='gfield_description_7_6'>Ce champ n\u2019est utilis\u00e9 qu\u2019\u00e0 des fins de validation et devrait rester inchang\u00e9.<\/div><\/div><\/div><\/div>\n        <div class='gform_footer top_label'> <input type='submit' id='gform_submit_button_7' class='gform_button button' value='Envoyer'  onclick='if(window[\"gf_submitting_7\"]){return false;}  if( !jQuery(\"#gform_7\")[0].checkValidity || jQuery(\"#gform_7\")[0].checkValidity()){window[\"gf_submitting_7\"]=true;}  ' onkeypress='if( event.keyCode == 13 ){ if(window[\"gf_submitting_7\"]){return false;} if( !jQuery(\"#gform_7\")[0].checkValidity || jQuery(\"#gform_7\")[0].checkValidity()){window[\"gf_submitting_7\"]=true;}  jQuery(\"#gform_7\").trigger(\"submit\",[true]); }' \/> \n            <input type='hidden' class='gform_hidden' name='is_submit_7' value='1' \/>\n            <input type='hidden' class='gform_hidden' name='gform_submit' value='7' \/>\n            \n            <input type='hidden' class='gform_hidden' name='gform_unique_id' value='' \/>\n            <input type='hidden' class='gform_hidden' name='state_7' value='WyJbXSIsImIxN2EwY2M0NzJmZDBlNmVmNzZjNWE0OGYxNjE5ODk0Il0=' \/>\n            <input type='hidden' class='gform_hidden' name='gform_target_page_number_7' id='gform_target_page_number_7' value='0' \/>\n            <input type='hidden' class='gform_hidden' name='gform_source_page_number_7' id='gform_source_page_number_7' value='1' \/>\n            <input type='hidden' name='gform_field_values' value='' \/>\n            \n        <\/div>\n                        <\/form>\n                        <\/div><\/div>\n\t\t\t\t\t\t<\/div>\n\t\t\t\t<\/div>\n\t\t\t\t\t<\/div>\n\t\t\t\t<\/div>\n\t\t\t\t\t<\/div>\n\t\t\t\t<\/div>\n\t\t\t\t<\/div>\n\t\t","protected":false},"excerpt":{"rendered":"<p>Prenez rendez-vous pour votre examen complet Examen complet + Radiographie panoramique + Nettoyage des dents 390$ (461$) R\u00c9SERV\u00c9 AUX NOUVEAUX PATIENTS.OFFRE VALABLE JUSQU\u2019AU 31\/12\/2024<\/p>\n","protected":false},"author":3,"featured_media":0,"parent":0,"menu_order":0,"comment_status":"closed","ping_status":"closed","template":"","meta":{"footnotes":""},"class_list":["post-4428","page","type-page","status-publish"],"yoast_head":"<!-- This site is optimized with the Yoast SEO Premium plugin v20.8 (Yoast SEO v27.5) - https:\/\/yoast.com\/product\/yoast-seo-premium-wordpress\/ -->\n<title>Promotion de l&#039;examen complet - D Dental Office<\/title>\n<meta name=\"robots\" content=\"noindex, nofollow\" \/>\n<meta property=\"og:locale\" content=\"fr_FR\" \/>\n<meta property=\"og:type\" content=\"article\" \/>\n<meta property=\"og:title\" content=\"Promotion de l&#039;examen complet\" \/>\n<meta property=\"og:description\" content=\"Prenez rendez-vous pour votre examen complet Examen complet + Radiographie panoramique + Nettoyage des dents 390$ (461$) R\u00c9SERV\u00c9 AUX NOUVEAUX PATIENTS.OFFRE VALABLE JUSQU\u2019AU 31\/12\/2024\" \/>\n<meta property=\"og:url\" content=\"https:\/\/www.ddentaloffice.com\/fr\/promotion-de-lexamen-complet\/\" \/>\n<meta property=\"og:site_name\" content=\"D Dental Office\" \/>\n<meta property=\"article:publisher\" content=\"https:\/\/www.facebook.com\/ddentalofficemtl\" \/>\n<meta property=\"article:modified_time\" content=\"2024-01-24T16:17:56+00:00\" \/>\n<meta property=\"og:image\" content=\"https:\/\/www.ddentaloffice.com\/wp-content\/uploads\/2022\/07\/cropped-D-Dental-Office-Favicon.png\" \/>\n\t<meta property=\"og:image:width\" content=\"512\" \/>\n\t<meta property=\"og:image:height\" content=\"512\" \/>\n\t<meta property=\"og:image:type\" content=\"image\/png\" \/>\n<meta name=\"twitter:card\" content=\"summary_large_image\" \/>\n<script type=\"application\/ld+json\" class=\"yoast-schema-graph\">{\"@context\":\"https:\\\/\\\/schema.org\",\"@graph\":[{\"@type\":\"WebPage\",\"@id\":\"https:\\\/\\\/www.ddentaloffice.com\\\/fr\\\/promotion-de-lexamen-complet\\\/\",\"url\":\"https:\\\/\\\/www.ddentaloffice.com\\\/fr\\\/promotion-de-lexamen-complet\\\/\",\"name\":\"Promotion de l'examen complet - D Dental Office\",\"isPartOf\":{\"@id\":\"https:\\\/\\\/www.ddentaloffice.com\\\/fr\\\/#website\"},\"datePublished\":\"2023-10-07T16:27:43+00:00\",\"dateModified\":\"2024-01-24T16:17:56+00:00\",\"breadcrumb\":{\"@id\":\"https:\\\/\\\/www.ddentaloffice.com\\\/fr\\\/promotion-de-lexamen-complet\\\/#breadcrumb\"},\"inLanguage\":\"fr-FR\",\"potentialAction\":[{\"@type\":\"ReadAction\",\"target\":[\"https:\\\/\\\/www.ddentaloffice.com\\\/fr\\\/promotion-de-lexamen-complet\\\/\"]}]},{\"@type\":\"BreadcrumbList\",\"@id\":\"https:\\\/\\\/www.ddentaloffice.com\\\/fr\\\/promotion-de-lexamen-complet\\\/#breadcrumb\",\"itemListElement\":[{\"@type\":\"ListItem\",\"position\":1,\"name\":\"Home\",\"item\":\"https:\\\/\\\/www.ddentaloffice.com\\\/fr\\\/\"},{\"@type\":\"ListItem\",\"position\":2,\"name\":\"Promotion de l&#8217;examen complet\"}]},{\"@type\":\"WebSite\",\"@id\":\"https:\\\/\\\/www.ddentaloffice.com\\\/fr\\\/#website\",\"url\":\"https:\\\/\\\/www.ddentaloffice.com\\\/fr\\\/\",\"name\":\"D Dental Office\",\"description\":\"Comprehensive, Patient-centred and State-of-the-Art Dental Care\",\"publisher\":{\"@id\":\"https:\\\/\\\/www.ddentaloffice.com\\\/fr\\\/#organization\"},\"potentialAction\":[{\"@type\":\"SearchAction\",\"target\":{\"@type\":\"EntryPoint\",\"urlTemplate\":\"https:\\\/\\\/www.ddentaloffice.com\\\/fr\\\/?s={search_term_string}\"},\"query-input\":{\"@type\":\"PropertyValueSpecification\",\"valueRequired\":true,\"valueName\":\"search_term_string\"}}],\"inLanguage\":\"fr-FR\"},{\"@type\":\"Organization\",\"@id\":\"https:\\\/\\\/www.ddentaloffice.com\\\/fr\\\/#organization\",\"name\":\"D Dental Office\",\"url\":\"https:\\\/\\\/www.ddentaloffice.com\\\/fr\\\/\",\"logo\":{\"@type\":\"ImageObject\",\"inLanguage\":\"fr-FR\",\"@id\":\"https:\\\/\\\/www.ddentaloffice.com\\\/fr\\\/#\\\/schema\\\/logo\\\/image\\\/\",\"url\":\"https:\\\/\\\/www.ddentaloffice.com\\\/wp-content\\\/uploads\\\/2022\\\/03\\\/cropped-D-Dental-Office-Logo-350x100px-1.png\",\"contentUrl\":\"https:\\\/\\\/www.ddentaloffice.com\\\/wp-content\\\/uploads\\\/2022\\\/03\\\/cropped-D-Dental-Office-Logo-350x100px-1.png\",\"width\":351,\"height\":144,\"caption\":\"D Dental Office\"},\"image\":{\"@id\":\"https:\\\/\\\/www.ddentaloffice.com\\\/fr\\\/#\\\/schema\\\/logo\\\/image\\\/\"},\"sameAs\":[\"https:\\\/\\\/www.facebook.com\\\/ddentalofficemtl\",\"https:\\\/\\\/www.instagram.com\\\/ddentaloffice\\\/\",\"https:\\\/\\\/g.page\\\/ddentaloffice-ddo\"]}]}<\/script>\n<!-- \/ Yoast SEO Premium plugin. -->","yoast_head_json":{"title":"Promotion de l'examen complet - D Dental Office","robots":{"index":"noindex","follow":"nofollow"},"og_locale":"fr_FR","og_type":"article","og_title":"Promotion de l'examen complet","og_description":"Prenez rendez-vous pour votre examen complet Examen complet + Radiographie panoramique + Nettoyage des dents 390$ (461$) R\u00c9SERV\u00c9 AUX NOUVEAUX PATIENTS.OFFRE VALABLE JUSQU\u2019AU 31\/12\/2024","og_url":"https:\/\/www.ddentaloffice.com\/fr\/promotion-de-lexamen-complet\/","og_site_name":"D Dental Office","article_publisher":"https:\/\/www.facebook.com\/ddentalofficemtl","article_modified_time":"2024-01-24T16:17:56+00:00","og_image":[{"width":512,"height":512,"url":"https:\/\/www.ddentaloffice.com\/wp-content\/uploads\/2022\/07\/cropped-D-Dental-Office-Favicon.png","type":"image\/png"}],"twitter_card":"summary_large_image","schema":{"@context":"https:\/\/schema.org","@graph":[{"@type":"WebPage","@id":"https:\/\/www.ddentaloffice.com\/fr\/promotion-de-lexamen-complet\/","url":"https:\/\/www.ddentaloffice.com\/fr\/promotion-de-lexamen-complet\/","name":"Promotion de l'examen complet - D Dental Office","isPartOf":{"@id":"https:\/\/www.ddentaloffice.com\/fr\/#website"},"datePublished":"2023-10-07T16:27:43+00:00","dateModified":"2024-01-24T16:17:56+00:00","breadcrumb":{"@id":"https:\/\/www.ddentaloffice.com\/fr\/promotion-de-lexamen-complet\/#breadcrumb"},"inLanguage":"fr-FR","potentialAction":[{"@type":"ReadAction","target":["https:\/\/www.ddentaloffice.com\/fr\/promotion-de-lexamen-complet\/"]}]},{"@type":"BreadcrumbList","@id":"https:\/\/www.ddentaloffice.com\/fr\/promotion-de-lexamen-complet\/#breadcrumb","itemListElement":[{"@type":"ListItem","position":1,"name":"Home","item":"https:\/\/www.ddentaloffice.com\/fr\/"},{"@type":"ListItem","position":2,"name":"Promotion de l&#8217;examen complet"}]},{"@type":"WebSite","@id":"https:\/\/www.ddentaloffice.com\/fr\/#website","url":"https:\/\/www.ddentaloffice.com\/fr\/","name":"D Dental Office","description":"Comprehensive, Patient-centred and State-of-the-Art Dental Care","publisher":{"@id":"https:\/\/www.ddentaloffice.com\/fr\/#organization"},"potentialAction":[{"@type":"SearchAction","target":{"@type":"EntryPoint","urlTemplate":"https:\/\/www.ddentaloffice.com\/fr\/?s={search_term_string}"},"query-input":{"@type":"PropertyValueSpecification","valueRequired":true,"valueName":"search_term_string"}}],"inLanguage":"fr-FR"},{"@type":"Organization","@id":"https:\/\/www.ddentaloffice.com\/fr\/#organization","name":"D Dental Office","url":"https:\/\/www.ddentaloffice.com\/fr\/","logo":{"@type":"ImageObject","inLanguage":"fr-FR","@id":"https:\/\/www.ddentaloffice.com\/fr\/#\/schema\/logo\/image\/","url":"https:\/\/www.ddentaloffice.com\/wp-content\/uploads\/2022\/03\/cropped-D-Dental-Office-Logo-350x100px-1.png","contentUrl":"https:\/\/www.ddentaloffice.com\/wp-content\/uploads\/2022\/03\/cropped-D-Dental-Office-Logo-350x100px-1.png","width":351,"height":144,"caption":"D Dental Office"},"image":{"@id":"https:\/\/www.ddentaloffice.com\/fr\/#\/schema\/logo\/image\/"},"sameAs":["https:\/\/www.facebook.com\/ddentalofficemtl","https:\/\/www.instagram.com\/ddentaloffice\/","https:\/\/g.page\/ddentaloffice-ddo"]}]}},"_links":{"self":[{"href":"https:\/\/www.ddentaloffice.com\/fr\/wp-json\/wp\/v2\/pages\/4428","targetHints":{"allow":["GET"]}}],"collection":[{"href":"https:\/\/www.ddentaloffice.com\/fr\/wp-json\/wp\/v2\/pages"}],"about":[{"href":"https:\/\/www.ddentaloffice.com\/fr\/wp-json\/wp\/v2\/types\/page"}],"author":[{"embeddable":true,"href":"https:\/\/www.ddentaloffice.com\/fr\/wp-json\/wp\/v2\/users\/3"}],"replies":[{"embeddable":true,"href":"https:\/\/www.ddentaloffice.com\/fr\/wp-json\/wp\/v2\/comments?post=4428"}],"version-history":[{"count":7,"href":"https:\/\/www.ddentaloffice.com\/fr\/wp-json\/wp\/v2\/pages\/4428\/revisions"}],"predecessor-version":[{"id":4662,"href":"https:\/\/www.ddentaloffice.com\/fr\/wp-json\/wp\/v2\/pages\/4428\/revisions\/4662"}],"wp:attachment":[{"href":"https:\/\/www.ddentaloffice.com\/fr\/wp-json\/wp\/v2\/media?parent=4428"}],"curies":[{"name":"wp","href":"https:\/\/api.w.org\/{rel}","templated":true}]}}